{"id":7,"date":"2021-01-12T13:15:27","date_gmt":"2021-01-12T13:15:27","guid":{"rendered":"https:\/\/comunitatondu.ch\/colibri-wp\/"},"modified":"2022-01-23T16:52:15","modified_gmt":"2022-01-23T15:52:15","slug":"colibri-wp","status":"publish","type":"page","link":"https:\/\/comunitatondu.ch\/it\/","title":{"rendered":"Front Page"},"content":{"rendered":"<div data-colibri-id=\"7-c1\" class=\"style-197 style-local-7-c1 position-relative\">\n  <!---->\n  <div data-colibri-component=\"section\" data-colibri-id=\"7-c2\" id=\"overlappable\" class=\"h-section h-section-global-spacing d-flex align-items-lg-center align-items-md-center align-items-center style-202 style-local-7-c2 position-relative\">\n    <!---->\n    <!---->\n    <div class=\"h-section-grid-container h-section-boxed-container\">\n      <!---->\n      <div data-colibri-id=\"7-c3\" class=\"h-row-container gutters-row-lg-0 gutters-row-md-0 gutters-row-2 gutters-row-v-lg-0 gutters-row-v-md-0 gutters-row-v-2 style-203 style-local-7-c3 position-relative\">\n        <!---->\n        <div class=\"h-row justify-content-lg-center justify-content-md-center justify-content-center align-items-lg-stretch align-items-md-stretch align-items-stretch gutters-col-lg-0 gutters-col-md-0 gutters-col-2 gutters-col-v-lg-0 gutters-col-v-md-0 gutters-col-v-2\">\n          <!---->\n          <div class=\"h-column h-column-container d-flex h-col-lg-3 h-col-md-3 h-col-12 style-204-outer style-local-7-c4-outer\">\n            <div data-colibri-id=\"7-c4\" class=\"d-flex h-flex-basis h-column__inner h-px-lg-3 h-px-md-3 h-px-2 v-inner-lg-3 v-inner-md-3 v-inner-2 style-204 style-local-7-c4 position-relative\">\n              <!---->\n              <!---->\n              <div class=\"w-100 h-y-container h-column__content h-column__v-align flex-basis-100 align-self-lg-center align-self-md-center align-self-center\">\n                <!---->\n                <div data-colibri-id=\"7-c5\" class=\"h-icon style-205 style-local-7-c5 position-relative h-element\">\n                  <!----><span class=\"h-svg-icon h-icon__icon style-205-icon style-local-7-c5-icon\"><!--Icon by Font Awesome (https:\/\/fontawesome.com)--><svg version=\"1.1\" xmlns=\"http:\/\/www.w3.org\/2000\/svg\" xmlns:xlink=\"http:\/\/www.w3.org\/1999\/xlink\" id=\"lightbulb-o\" viewbox=\"0 0 1085.3815 1896.0833\"><path d=\"M736 576q0 13-9.5 22.5T704 608t-22.5-9.5T672 576q0-46-54-71t-106-25q-13 0-22.5-9.5T480 448t9.5-22.5T512 416q50 0 99.5 16t87 54 37.5 90zm160 0q0-72-34.5-134t-90-101.5-123-62T512 256t-136.5 22.5-123 62-90 101.5T128 576q0 101 68 180 10 11 30.5 33t30.5 33q128 153 141 298h228q13-145 141-298 10-11 30.5-33t30.5-33q68-79 68-180zm128 0q0 155-103 268-45 49-74.5 87t-59.5 95.5-34 107.5q47 28 47 82 0 37-25 64 25 27 25 64 0 52-45 81 13 23 13 47 0 46-31.5 71t-77.5 25q-20 44-60 70t-87 26-87-26-60-70q-46 0-77.5-25t-31.5-71q0-24 13-47-45-29-45-81 0-37 25-64-25-27-25-64 0-54 47-82-4-50-34-107.5T177.5 931 103 844Q0 731 0 576q0-99 44.5-184.5t117-142 164-89T512 128t186.5 32.5 164 89 117 142T1024 576z\"><\/path><\/svg><\/span><\/div>\n                <div\n                  data-colibri-id=\"7-c6\" class=\"h-global-transition-all h-heading style-206 style-local-7-c6 position-relative h-element\">\n                  <!---->\n                  <div class=\"h-heading__outer style-206 style-local-7-c6\">\n                    <!---->\n                    <!---->\n                    <h5 class=\"\">Idea<\/h5>\n                  <\/div>\n              <\/div>\n              <div data-colibri-id=\"7-c7\" class=\"h-text h-text-component style-207 style-local-7-c7 position-relative h-element\">\n                <!---->\n                <!---->\n                <div class=\"\">\n                  <p>Il Palazzo dovrebbe diventare un luogo di rincontro i di creazione<\/p>\n                <\/div>\n              <\/div>\n            <\/div>\n          <\/div>\n        <\/div>\n        <div class=\"h-column h-column-container d-flex h-col-lg-3 h-col-md-3 h-col-12 style-204-outer style-local-7-c8-outer\">\n          <div data-colibri-id=\"7-c8\" class=\"d-flex h-flex-basis h-column__inner h-px-lg-3 h-px-md-3 h-px-2 v-inner-lg-3 v-inner-md-3 v-inner-2 style-204 style-local-7-c8 position-relative\">\n            <!---->\n            <!---->\n            <div class=\"w-100 h-y-container h-column__content h-column__v-align flex-basis-100 align-self-lg-center align-self-md-center align-self-center\">\n              <!---->\n              <div data-colibri-id=\"7-c9\" class=\"h-icon style-875 style-local-7-c9 position-relative h-element\">\n                <!----><span class=\"h-svg-icon h-icon__icon style-875-icon style-local-7-c9-icon\"><!--Icon by Font Awesome (https:\/\/fontawesome.com)--><svg version=\"1.1\" xmlns=\"http:\/\/www.w3.org\/2000\/svg\" xmlns:xlink=\"http:\/\/www.w3.org\/1999\/xlink\" id=\"signal\" viewbox=\"0 0 1792 1896.0833\"><path d=\"M256 1440v192q0 14-9 23t-23 9H32q-14 0-23-9t-9-23v-192q0-14 9-23t23-9h192q14 0 23 9t9 23zm384-128v320q0 14-9 23t-23 9H416q-14 0-23-9t-9-23v-320q0-14 9-23t23-9h192q14 0 23 9t9 23zm384-256v576q0 14-9 23t-23 9H800q-14 0-23-9t-9-23v-576q0-14 9-23t23-9h192q14 0 23 9t9 23zm384-384v960q0 14-9 23t-23 9h-192q-14 0-23-9t-9-23V672q0-14 9-23t23-9h192q14 0 23 9t9 23zm384-512v1472q0 14-9 23t-23 9h-192q-14 0-23-9t-9-23V160q0-14 9-23t23-9h192q14 0 23 9t9 23z\"><\/path><\/svg><\/span><\/div>\n              <div\n                data-colibri-id=\"7-c10\" class=\"h-global-transition-all h-heading style-206 style-local-7-c10 position-relative h-element\">\n                <!---->\n                <div class=\"h-heading__outer style-206 style-local-7-c10\">\n                  <!---->\n                  <!---->\n                  <h5 class=\"\">Stato<\/h5>\n                <\/div>\n            <\/div>\n            <div data-colibri-id=\"7-c11\" class=\"h-text h-text-component style-207 style-local-7-c11 position-relative h-element\">\n              <!---->\n              <!---->\n              <div class=\"\">\n                <p>Rifiutato<\/p>\n              <\/div>\n            <\/div>\n          <\/div>\n        <\/div>\n      <\/div>\n      <div class=\"h-column h-column-container d-flex h-col-lg-3 h-col-md-3 h-col-12 style-204-outer style-local-7-c12-outer\">\n        <div data-colibri-id=\"7-c12\" class=\"d-flex h-flex-basis h-column__inner h-px-lg-3 h-px-md-3 h-px-2 v-inner-lg-3 v-inner-md-3 v-inner-2 style-204 style-local-7-c12 position-relative\">\n          <!---->\n          <!---->\n          <div class=\"w-100 h-y-container h-column__content h-column__v-align flex-basis-100 align-self-lg-center align-self-md-center align-self-center\">\n            <!---->\n            <div data-colibri-id=\"7-c13\" class=\"h-icon style-205 style-local-7-c13 position-relative h-element\">\n              <!----><span class=\"h-svg-icon h-icon__icon style-205-icon style-local-7-c13-icon\"><!--Icon by Font Awesome (https:\/\/fontawesome.com)--><svg version=\"1.1\" xmlns=\"http:\/\/www.w3.org\/2000\/svg\" xmlns:xlink=\"http:\/\/www.w3.org\/1999\/xlink\" id=\"map-signs\" viewbox=\"0 0 1792 1896.0833\"><path d=\"M1745 297q10 10 10 23t-10 23l-141 141q-28 28-68 28H192q-26 0-45-19t-19-45V192q0-26 19-45t45-19h576V64q0-26 19-45t45-19h128q26 0 45 19t19 45v64h512q40 0 68 28zm-977 919h256v512q0 26-19 45t-45 19H832q-26 0-45-19t-19-45v-512zm832-448q26 0 45 19t19 45v256q0 26-19 45t-45 19H256q-40 0-68-28L47 983q-10-10-10-23t10-23l141-141q28-28 68-28h512V576h256v192h576z\"><\/path><\/svg><\/span><\/div>\n            <div\n              data-colibri-id=\"7-c14\" class=\"h-global-transition-all h-heading style-206 style-local-7-c14 position-relative h-element\">\n              <!---->\n              <div class=\"h-heading__outer style-206 style-local-7-c14\">\n                <!---->\n                <!---->\n                <h5 class=\"\">Localit\u00e0<\/h5>\n              <\/div>\n          <\/div>\n          <div data-colibri-id=\"7-c15\" class=\"h-text h-text-component style-207 style-local-7-c15 position-relative h-element\">\n            <!---->\n            <!---->\n            <div class=\"\">\n              <p>Palazzo Tond\u00fc\n                <br>Lionza, Centovalli, Ticino<\/p>\n            <\/div>\n          <\/div>\n        <\/div>\n      <\/div>\n    <\/div>\n    <div class=\"h-column h-column-container d-flex h-col-lg-3 h-col-md-3 h-col-12 style-208-outer style-local-7-c16-outer\">\n      <div data-colibri-id=\"7-c16\" class=\"d-flex h-flex-basis h-column__inner h-px-lg-3 h-px-md-3 h-px-2 v-inner-lg-3 v-inner-md-3 v-inner-2 style-208 style-local-7-c16 position-relative\">\n        <!---->\n        <!---->\n        <div class=\"w-100 h-y-container h-column__content h-column__v-align flex-basis-100 align-self-lg-center align-self-md-center align-self-center\">\n          <!---->\n          <div data-colibri-id=\"7-c17\" class=\"h-icon style-205 style-local-7-c17 position-relative h-element\">\n            <!----><span class=\"h-svg-icon h-icon__icon style-205-icon style-local-7-c17-icon\"><!--Icon by Font Awesome (https:\/\/fontawesome.com)--><svg version=\"1.1\" xmlns=\"http:\/\/www.w3.org\/2000\/svg\" xmlns:xlink=\"http:\/\/www.w3.org\/1999\/xlink\" id=\"user\" viewbox=\"0 0 1354.8114 1896.0833\"><path d=\"M1280 1399q0 109-62.5 187t-150.5 78H213q-88 0-150.5-78T0 1399q0-85 8.5-160.5t31.5-152 58.5-131 94-89T327 832q131 128 313 128t313-128q76 0 134.5 34.5t94 89 58.5 131 31.5 152 8.5 160.5zm-256-887q0 159-112.5 271.5T640 896 368.5 783.5 256 512t112.5-271.5T640 128t271.5 112.5T1024 512z\"><\/path><\/svg><\/span><\/div>\n          <div\n            data-colibri-id=\"7-c18\" class=\"h-global-transition-all h-heading style-206 style-local-7-c18 position-relative h-element\">\n            <!---->\n            <div class=\"h-heading__outer style-206 style-local-7-c18\">\n              <!---->\n              <!---->\n              <h5 class=\"\">Partecipante<\/h5>\n            <\/div>\n        <\/div>\n        <div data-colibri-id=\"7-c19\" class=\"h-text h-text-component style-207 style-local-7-c19 position-relative h-element\">\n          <!---->\n          <!---->\n          <div class=\"\">\n            <p>Sandra Gafner\n              <br>Markus Elmer<\/p>\n          <\/div>\n        <\/div>\n      <\/div>\n    <\/div>\n  <\/div>\n<\/div>\n<\/div>\n<\/div>\n<\/div>\n<\/div>","protected":false},"excerpt":{"rendered":"<p>Idee Der Palazzo soll ein Ort der Begegnung und des gemeinsamen Schaffens werden Status Abgelehnt standort Palazzo Tond\u00fc Lionza, Centovalli, Tessin Initianten Sandra Gafner Markus Elmer<\/p>","protected":false},"author":1,"featured_media":0,"parent":0,"menu_order":0,"comment_status":"closed","ping_status":"closed","template":"page-templates\/homepage.php","meta":{"footnotes":""},"class_list":["post-7","page","type-page","status-publish","hentry"],"yoast_head":"<!-- This site is optimized with the Yoast SEO plugin v22.0 - https:\/\/yoast.com\/wordpress\/plugins\/seo\/ -->\n<title>Front Page - Comunita Tond\u00fc<\/title>\n<meta name=\"robots\" content=\"index, follow, max-snippet:-1, max-image-preview:large, max-video-preview:-1\" \/>\n<link rel=\"canonical\" href=\"https:\/\/comunitatondu.ch\/it\/\" \/>\n<meta property=\"og:locale\" content=\"it_IT\" \/>\n<meta property=\"og:type\" content=\"article\" \/>\n<meta property=\"og:title\" content=\"Front Page - Comunita Tond\u00fc\" \/>\n<meta property=\"og:description\" content=\"Idee Der Palazzo soll ein Ort der Begegnung und des gemeinsamen Schaffens werden Status Abgelehnt standort Palazzo Tond\u00fc Lionza, Centovalli, Tessin Initianten Sandra Gafner Markus Elmer\" \/>\n<meta property=\"og:url\" content=\"https:\/\/comunitatondu.ch\/it\/\" \/>\n<meta property=\"og:site_name\" content=\"Comunita Tond\u00fc\" \/>\n<meta property=\"article:modified_time\" content=\"2022-01-23T15:52:15+00:00\" \/>\n<meta name=\"twitter:card\" content=\"summary_large_image\" \/>\n<script type=\"application\/ld+json\" class=\"yoast-schema-graph\">{\"@context\":\"https:\/\/schema.org\",\"@graph\":[{\"@type\":\"WebPage\",\"@id\":\"https:\/\/comunitatondu.ch\/\",\"url\":\"https:\/\/comunitatondu.ch\/\",\"name\":\"Front Page - Comunita Tond\u00fc\",\"isPartOf\":{\"@id\":\"https:\/\/comunitatondu.ch\/#website\"},\"datePublished\":\"2021-01-12T13:15:27+00:00\",\"dateModified\":\"2022-01-23T15:52:15+00:00\",\"breadcrumb\":{\"@id\":\"https:\/\/comunitatondu.ch\/#breadcrumb\"},\"inLanguage\":\"it-IT\",\"potentialAction\":[{\"@type\":\"ReadAction\",\"target\":[\"https:\/\/comunitatondu.ch\/\"]}]},{\"@type\":\"BreadcrumbList\",\"@id\":\"https:\/\/comunitatondu.ch\/#breadcrumb\",\"itemListElement\":[{\"@type\":\"ListItem\",\"position\":1,\"name\":\"Home\",\"item\":\"https:\/\/comunitatondu.ch\/\"},{\"@type\":\"ListItem\",\"position\":2,\"name\":\"Front Page\"}]},{\"@type\":\"WebSite\",\"@id\":\"https:\/\/comunitatondu.ch\/#website\",\"url\":\"https:\/\/comunitatondu.ch\/\",\"name\":\"Comunita Tond\u00fc\",\"description\":\"Ideenwettbewerb f\u00fcr die Nutzung des Palazzo Tond\u00fc\",\"publisher\":{\"@id\":\"https:\/\/comunitatondu.ch\/#organization\"},\"potentialAction\":[{\"@type\":\"SearchAction\",\"target\":{\"@type\":\"EntryPoint\",\"urlTemplate\":\"https:\/\/comunitatondu.ch\/?s={search_term_string}\"},\"query-input\":\"required name=search_term_string\"}],\"inLanguage\":\"it-IT\"},{\"@type\":\"Organization\",\"@id\":\"https:\/\/comunitatondu.ch\/#organization\",\"name\":\"Comunita Tond\u00fc\",\"url\":\"https:\/\/comunitatondu.ch\/\",\"logo\":{\"@type\":\"ImageObject\",\"inLanguage\":\"it-IT\",\"@id\":\"https:\/\/comunitatondu.ch\/#\/schema\/logo\/image\/\",\"url\":\"https:\/\/comunitatondu.ch\/wp-content\/uploads\/2021\/01\/LOGO2.jpg\",\"contentUrl\":\"https:\/\/comunitatondu.ch\/wp-content\/uploads\/2021\/01\/LOGO2.jpg\",\"width\":1000,\"height\":428,\"caption\":\"Comunita Tond\u00fc\"},\"image\":{\"@id\":\"https:\/\/comunitatondu.ch\/#\/schema\/logo\/image\/\"}}]}<\/script>\n<!-- \/ Yoast SEO plugin. -->","yoast_head_json":{"title":"Front Page - Comunita Tond\u00fc","robots":{"index":"index","follow":"follow","max-snippet":"max-snippet:-1","max-image-preview":"max-image-preview:large","max-video-preview":"max-video-preview:-1"},"canonical":"https:\/\/comunitatondu.ch\/it\/","og_locale":"it_IT","og_type":"article","og_title":"Front Page - Comunita Tond\u00fc","og_description":"Idee Der Palazzo soll ein Ort der Begegnung und des gemeinsamen Schaffens werden Status Abgelehnt standort Palazzo Tond\u00fc Lionza, Centovalli, Tessin Initianten Sandra Gafner Markus Elmer","og_url":"https:\/\/comunitatondu.ch\/it\/","og_site_name":"Comunita Tond\u00fc","article_modified_time":"2022-01-23T15:52:15+00:00","twitter_card":"summary_large_image","schema":{"@context":"https:\/\/schema.org","@graph":[{"@type":"WebPage","@id":"https:\/\/comunitatondu.ch\/","url":"https:\/\/comunitatondu.ch\/","name":"Front Page - Comunita Tond\u00fc","isPartOf":{"@id":"https:\/\/comunitatondu.ch\/#website"},"datePublished":"2021-01-12T13:15:27+00:00","dateModified":"2022-01-23T15:52:15+00:00","breadcrumb":{"@id":"https:\/\/comunitatondu.ch\/#breadcrumb"},"inLanguage":"it-IT","potentialAction":[{"@type":"ReadAction","target":["https:\/\/comunitatondu.ch\/"]}]},{"@type":"BreadcrumbList","@id":"https:\/\/comunitatondu.ch\/#breadcrumb","itemListElement":[{"@type":"ListItem","position":1,"name":"Home","item":"https:\/\/comunitatondu.ch\/"},{"@type":"ListItem","position":2,"name":"Front Page"}]},{"@type":"WebSite","@id":"https:\/\/comunitatondu.ch\/#website","url":"https:\/\/comunitatondu.ch\/","name":"Comunita Tond\u00fc","description":"Ideenwettbewerb f\u00fcr die Nutzung des Palazzo Tond\u00fc","publisher":{"@id":"https:\/\/comunitatondu.ch\/#organization"},"potentialAction":[{"@type":"SearchAction","target":{"@type":"EntryPoint","urlTemplate":"https:\/\/comunitatondu.ch\/?s={search_term_string}"},"query-input":"required name=search_term_string"}],"inLanguage":"it-IT"},{"@type":"Organization","@id":"https:\/\/comunitatondu.ch\/#organization","name":"Comunita Tond\u00fc","url":"https:\/\/comunitatondu.ch\/","logo":{"@type":"ImageObject","inLanguage":"it-IT","@id":"https:\/\/comunitatondu.ch\/#\/schema\/logo\/image\/","url":"https:\/\/comunitatondu.ch\/wp-content\/uploads\/2021\/01\/LOGO2.jpg","contentUrl":"https:\/\/comunitatondu.ch\/wp-content\/uploads\/2021\/01\/LOGO2.jpg","width":1000,"height":428,"caption":"Comunita Tond\u00fc"},"image":{"@id":"https:\/\/comunitatondu.ch\/#\/schema\/logo\/image\/"}}]}},"_links":{"self":[{"href":"https:\/\/comunitatondu.ch\/it\/wp-json\/wp\/v2\/pages\/7","targetHints":{"allow":["GET"]}}],"collection":[{"href":"https:\/\/comunitatondu.ch\/it\/wp-json\/wp\/v2\/pages"}],"about":[{"href":"https:\/\/comunitatondu.ch\/it\/wp-json\/wp\/v2\/types\/page"}],"author":[{"embeddable":true,"href":"https:\/\/comunitatondu.ch\/it\/wp-json\/wp\/v2\/users\/1"}],"replies":[{"embeddable":true,"href":"https:\/\/comunitatondu.ch\/it\/wp-json\/wp\/v2\/comments?post=7"}],"version-history":[{"count":20,"href":"https:\/\/comunitatondu.ch\/it\/wp-json\/wp\/v2\/pages\/7\/revisions"}],"predecessor-version":[{"id":2157,"href":"https:\/\/comunitatondu.ch\/it\/wp-json\/wp\/v2\/pages\/7\/revisions\/2157"}],"wp:attachment":[{"href":"https:\/\/comunitatondu.ch\/it\/wp-json\/wp\/v2\/media?parent=7"}],"curies":[{"name":"wp","href":"https:\/\/api.w.org\/{rel}","templated":true}]}}