{"id":699,"date":"2021-01-13T14:31:13","date_gmt":"2021-01-13T13:31:13","guid":{"rendered":"https:\/\/comunitatondu.ch\/?page_id=699"},"modified":"2021-01-26T20:25:52","modified_gmt":"2021-01-26T19:25:52","slug":"maskotchen","status":"publish","type":"page","link":"https:\/\/comunitatondu.ch\/it\/maskotchen\/","title":{"rendered":"Mascotte"},"content":{"rendered":"<div data-colibri-id=\"699-c1\" class=\"style-587 style-local-699-c1 position-relative\">\n  <!---->\n  <div data-colibri-component=\"section\" data-colibri-id=\"699-c2\" id=\"custom\" class=\"h-section h-section-global-spacing d-flex align-items-lg-center align-items-md-center align-items-center style-588 style-local-699-c2 position-relative\">\n    <!---->\n    <!---->\n    <div class=\"h-section-grid-container h-section-boxed-container\">\n      <!---->\n      <div data-colibri-id=\"699-c3\" class=\"h-row-container gutters-row-lg-2 gutters-row-md-2 gutters-row-0 gutters-row-v-lg-2 gutters-row-v-md-2 gutters-row-v-2 style-589 style-local-699-c3 position-relative\">\n        <!---->\n        <div class=\"h-row justify-content-lg-center justify-content-md-center justify-content-center align-items-lg-stretch align-items-md-stretch align-items-stretch gutters-col-lg-2 gutters-col-md-2 gutters-col-0 gutters-col-v-lg-2 gutters-col-v-md-2 gutters-col-v-2\">\n          <!---->\n          <div class=\"h-column h-column-container d-flex h-col-lg-auto h-col-md-auto h-col-auto style-590-outer style-local-699-c4-outer\">\n            <div data-colibri-id=\"699-c4\" class=\"d-flex h-flex-basis h-column__inner h-px-lg-2 h-px-md-2 h-px-2 v-inner-lg-2 v-inner-md-2 v-inner-2 style-590 style-local-699-c4 position-relative\">\n              <!---->\n              <!---->\n              <div class=\"w-100 h-y-container h-column__content h-column__v-align flex-basis-100 align-self-lg-start align-self-md-start align-self-start\">\n                <!---->\n                <div data-colibri-id=\"699-c5\" class=\"h-global-transition-all h-heading style-593 style-local-699-c5 position-relative h-element\">\n                  <!---->\n                  <div class=\"h-heading__outer style-593 style-local-699-c5\">\n                    <!---->\n                    <!---->\n                    <h3 class=\"\">Mascotte della regione<\/h3>\n                  <\/div>\n                <\/div>\n                <div data-colibri-id=\"699-c6\" class=\"h-text h-text-component style-592 style-local-699-c6 position-relative h-element\">\n                  <!---->\n                  <!---->\n                  <div class=\"\">\n                    <p>I clown aprono i cuori di grandi e piccini e diffondono gioia. Il tema del clown dovrebbe attraversare l'intera regione come un filo rosso e quindi collegare tutto. <\/p>\n                    <p>Il clown vive molte avventure nelle Centovalli che vengono raccontate in un libro per bambini. <\/p>\n                    <p>Idee per la realizzazione:\n                      <br>Ci sono cose da clown da scoprire in varie stazioni della valle.\n                      <br>\n                    <\/p>\n                    <p>Palazzo Tod\u00fc: Nel cortile interno c'\u00e8 una scatola con costumi da clown e articoli per il trucco. Qui grandi e piccini possono diventare essi stessi pagliacci. <\/p>\n                    <p>Lionza: casa sull'albero come parco giochi. Il clown vive in una casa sull'albero, che i bambini possono scoprire qui. Ci sono pareti da arrampicata, scale di corda, corde oscillanti, scivoli ...<\/p>\n                    <p>Rasa: davanti alla chiesa c'\u00e8 una scatola con accessori da clown come palline da giocoliere, sciarpe, diabolo ...<\/p>\n                    <p>Monte Comino: ecco i palloncini da cui si formano gli animali con le istruzioni su come farlo. <\/p>\n                    <p>Intragna Rathausplatz: monociclo, slackline, vari dispositivi di bilanciamento sono disponibili qui.<\/p>\n                    <p>Ponte Romano: area barbecue alla Melezza<\/p>\n                    <p>Tra Borgnone e Lionza sotto il ponte: ecco una bella piscina per fare il bagno in cui si pu\u00f2 saltare su una corda. In passato in questo luogo si forgiava con la forza idraulica, oggi sono presenti vari giochi d'acqua con un piccolo mulino, ecc. Un'altra zona barbecue invita a soffermarsi.<\/p>\n                    <p>Ristoranti: C'\u00e8 un menu clown con i capelli fatti di broccoli, un pomodoro come naso ... e patatine fritte. O una pizza con sopra la faccia da clown.<\/p>\n                    <p>Se \u00e8 possibile una collaborazione con la scuola di clown, gli studenti potrebbero rivolgersi a questi posti e intrattenere la gente.<\/p>\n                    <p>Le famiglie possono esplorare l'intera valle, i bambini possono giocare e scoprire. <\/p>\n                    <p>\n                      <br>\n                    <\/p>\n                  <\/div>\n                <\/div>\n              <\/div>\n            <\/div>\n          <\/div>\n          <div class=\"h-column h-column-container d-flex h-col-lg-auto h-col-md-auto h-col-auto style-591-outer style-local-699-c7-outer\">\n            <div data-colibri-id=\"699-c7\" class=\"d-flex h-flex-basis h-column__inner h-px-lg-2 h-px-md-2 h-px-2 v-inner-lg-2 v-inner-md-2 v-inner-2 style-591 style-local-699-c7 position-relative\">\n              <!---->\n              <!---->\n              <div class=\"w-100 h-y-container h-column__content h-column__v-align flex-basis-100 align-self-lg-start align-self-md-start align-self-start\">\n                <!---->\n                <div data-colibri-id=\"699-c8\" class=\"d-block style-594 style-local-699-c8 position-relative h-element\">\n                  <!---->\n                  <div class=\"h-image__frame-container-outer\">\n                    <div class=\"h-image__frame-container\">\n                      <!---->\n                      <!---->\n                      <img loading=\"lazy\" decoding=\"async\" width=\"1792\" height=\"2560\" src=\"https:\/\/comunitatondu.ch\/wp-content\/uploads\/2021\/01\/10.laya_-scaled.jpg\" class=\"wp-image-898 style-594-image style-local-699-c8-image\" alt=\"\" srcset=\"https:\/\/comunitatondu.ch\/wp-content\/uploads\/2021\/01\/10.laya_-scaled.jpg 1792w, https:\/\/comunitatondu.ch\/wp-content\/uploads\/2021\/01\/10.laya_-210x300.jpg 210w, https:\/\/comunitatondu.ch\/wp-content\/uploads\/2021\/01\/10.laya_-717x1024.jpg 717w, https:\/\/comunitatondu.ch\/wp-content\/uploads\/2021\/01\/10.laya_-768x1097.jpg 768w, https:\/\/comunitatondu.ch\/wp-content\/uploads\/2021\/01\/10.laya_-1075x1536.jpg 1075w, https:\/\/comunitatondu.ch\/wp-content\/uploads\/2021\/01\/10.laya_-1434x2048.jpg 1434w, https:\/\/comunitatondu.ch\/wp-content\/uploads\/2021\/01\/10.laya_-8x12.jpg 8w\" sizes=\"auto, (max-width: 1792px) 100vw, 1792px\" \/>\n                      <div class=\"h-image__frame h-hide-lg h-hide-md h-hide-sm style-594-frameImage style-local-699-c8-frameImage\"><\/div>\n                    <\/div>\n                  <\/div>\n                <\/div>\n              <\/div>\n            <\/div>\n          <\/div>\n        <\/div>\n      <\/div>\n    <\/div>\n  <\/div>\n<\/div>","protected":false},"excerpt":{"rendered":"<p>Maskottchen der Region Clowns \u00f6ffnen die Herzen von Alt und Jung und verbreiten Freude. Das Thema Clown soll die ganze Region wie ein roter Faden durchziehen, und so alles miteinander verbinden. Der Clown erlebt viele Abenteuer im Centovalli welche in einem Kinderbuch erz\u00e4hlt werden. Ideen f\u00fcr die Umsetzung: An verschiedene Stationen im Tal gibt es [&hellip;]<\/p>","protected":false},"author":1,"featured_media":0,"parent":0,"menu_order":0,"comment_status":"closed","ping_status":"closed","template":"page-templates\/full-width-page.php","meta":{"footnotes":""},"class_list":["post-699","page","type-page","status-publish","hentry"],"yoast_head":"<!-- This site is optimized with the Yoast SEO plugin v22.0 - https:\/\/yoast.com\/wordpress\/plugins\/seo\/ -->\n<title>Maskottchen - Comunita Tond\u00fc<\/title>\n<meta name=\"robots\" content=\"index, follow, max-snippet:-1, max-image-preview:large, max-video-preview:-1\" \/>\n<link rel=\"canonical\" href=\"https:\/\/comunitatondu.ch\/it\/maskotchen\/\" \/>\n<meta property=\"og:locale\" content=\"it_IT\" \/>\n<meta property=\"og:type\" content=\"article\" \/>\n<meta property=\"og:title\" content=\"Maskottchen - Comunita Tond\u00fc\" \/>\n<meta property=\"og:description\" content=\"Maskottchen der Region Clowns \u00f6ffnen die Herzen von Alt und Jung und verbreiten Freude. Das Thema Clown soll die ganze Region wie ein roter Faden durchziehen, und so alles miteinander verbinden. Der Clown erlebt viele Abenteuer im Centovalli welche in einem Kinderbuch erz\u00e4hlt werden. Ideen f\u00fcr die Umsetzung: An verschiedene Stationen im Tal gibt es [&hellip;]\" \/>\n<meta property=\"og:url\" content=\"https:\/\/comunitatondu.ch\/it\/maskotchen\/\" \/>\n<meta property=\"og:site_name\" content=\"Comunita Tond\u00fc\" \/>\n<meta property=\"article:modified_time\" content=\"2021-01-26T19:25:52+00:00\" \/>\n<meta property=\"og:image\" content=\"https:\/\/comunitatondu.ch\/wp-content\/uploads\/2021\/01\/10.laya_-scaled.jpg\" \/>\n<meta name=\"twitter:card\" content=\"summary_large_image\" \/>\n<meta name=\"twitter:label1\" content=\"Tempo di lettura stimato\" \/>\n\t<meta name=\"twitter:data1\" content=\"1 minuto\" \/>\n<script type=\"application\/ld+json\" class=\"yoast-schema-graph\">{\"@context\":\"https:\/\/schema.org\",\"@graph\":[{\"@type\":\"WebPage\",\"@id\":\"https:\/\/comunitatondu.ch\/maskotchen\/\",\"url\":\"https:\/\/comunitatondu.ch\/maskotchen\/\",\"name\":\"Maskottchen - Comunita Tond\u00fc\",\"isPartOf\":{\"@id\":\"https:\/\/comunitatondu.ch\/#website\"},\"datePublished\":\"2021-01-13T13:31:13+00:00\",\"dateModified\":\"2021-01-26T19:25:52+00:00\",\"breadcrumb\":{\"@id\":\"https:\/\/comunitatondu.ch\/maskotchen\/#breadcrumb\"},\"inLanguage\":\"it-IT\",\"potentialAction\":[{\"@type\":\"ReadAction\",\"target\":[\"https:\/\/comunitatondu.ch\/maskotchen\/\"]}]},{\"@type\":\"BreadcrumbList\",\"@id\":\"https:\/\/comunitatondu.ch\/maskotchen\/#breadcrumb\",\"itemListElement\":[{\"@type\":\"ListItem\",\"position\":1,\"name\":\"Home\",\"item\":\"https:\/\/comunitatondu.ch\/\"},{\"@type\":\"ListItem\",\"position\":2,\"name\":\"Maskottchen\"}]},{\"@type\":\"WebSite\",\"@id\":\"https:\/\/comunitatondu.ch\/#website\",\"url\":\"https:\/\/comunitatondu.ch\/\",\"name\":\"Comunita Tond\u00fc\",\"description\":\"Ideenwettbewerb f\u00fcr die Nutzung des Palazzo Tond\u00fc\",\"publisher\":{\"@id\":\"https:\/\/comunitatondu.ch\/#organization\"},\"potentialAction\":[{\"@type\":\"SearchAction\",\"target\":{\"@type\":\"EntryPoint\",\"urlTemplate\":\"https:\/\/comunitatondu.ch\/?s={search_term_string}\"},\"query-input\":\"required name=search_term_string\"}],\"inLanguage\":\"it-IT\"},{\"@type\":\"Organization\",\"@id\":\"https:\/\/comunitatondu.ch\/#organization\",\"name\":\"Comunita Tond\u00fc\",\"url\":\"https:\/\/comunitatondu.ch\/\",\"logo\":{\"@type\":\"ImageObject\",\"inLanguage\":\"it-IT\",\"@id\":\"https:\/\/comunitatondu.ch\/#\/schema\/logo\/image\/\",\"url\":\"https:\/\/comunitatondu.ch\/wp-content\/uploads\/2021\/01\/LOGO2.jpg\",\"contentUrl\":\"https:\/\/comunitatondu.ch\/wp-content\/uploads\/2021\/01\/LOGO2.jpg\",\"width\":1000,\"height\":428,\"caption\":\"Comunita Tond\u00fc\"},\"image\":{\"@id\":\"https:\/\/comunitatondu.ch\/#\/schema\/logo\/image\/\"}}]}<\/script>\n<!-- \/ Yoast SEO plugin. -->","yoast_head_json":{"title":"Maskottchen - Comunita Tond\u00fc","robots":{"index":"index","follow":"follow","max-snippet":"max-snippet:-1","max-image-preview":"max-image-preview:large","max-video-preview":"max-video-preview:-1"},"canonical":"https:\/\/comunitatondu.ch\/it\/maskotchen\/","og_locale":"it_IT","og_type":"article","og_title":"Maskottchen - Comunita Tond\u00fc","og_description":"Maskottchen der Region Clowns \u00f6ffnen die Herzen von Alt und Jung und verbreiten Freude. Das Thema Clown soll die ganze Region wie ein roter Faden durchziehen, und so alles miteinander verbinden. Der Clown erlebt viele Abenteuer im Centovalli welche in einem Kinderbuch erz\u00e4hlt werden. Ideen f\u00fcr die Umsetzung: An verschiedene Stationen im Tal gibt es [&hellip;]","og_url":"https:\/\/comunitatondu.ch\/it\/maskotchen\/","og_site_name":"Comunita Tond\u00fc","article_modified_time":"2021-01-26T19:25:52+00:00","og_image":[{"url":"https:\/\/comunitatondu.ch\/wp-content\/uploads\/2021\/01\/10.laya_-scaled.jpg"}],"twitter_card":"summary_large_image","twitter_misc":{"Tempo di lettura stimato":"1 minuto"},"schema":{"@context":"https:\/\/schema.org","@graph":[{"@type":"WebPage","@id":"https:\/\/comunitatondu.ch\/maskotchen\/","url":"https:\/\/comunitatondu.ch\/maskotchen\/","name":"Maskottchen - Comunita Tond\u00fc","isPartOf":{"@id":"https:\/\/comunitatondu.ch\/#website"},"datePublished":"2021-01-13T13:31:13+00:00","dateModified":"2021-01-26T19:25:52+00:00","breadcrumb":{"@id":"https:\/\/comunitatondu.ch\/maskotchen\/#breadcrumb"},"inLanguage":"it-IT","potentialAction":[{"@type":"ReadAction","target":["https:\/\/comunitatondu.ch\/maskotchen\/"]}]},{"@type":"BreadcrumbList","@id":"https:\/\/comunitatondu.ch\/maskotchen\/#breadcrumb","itemListElement":[{"@type":"ListItem","position":1,"name":"Home","item":"https:\/\/comunitatondu.ch\/"},{"@type":"ListItem","position":2,"name":"Maskottchen"}]},{"@type":"WebSite","@id":"https:\/\/comunitatondu.ch\/#website","url":"https:\/\/comunitatondu.ch\/","name":"Comunita Tond\u00fc","description":"Ideenwettbewerb f\u00fcr die Nutzung des Palazzo Tond\u00fc","publisher":{"@id":"https:\/\/comunitatondu.ch\/#organization"},"potentialAction":[{"@type":"SearchAction","target":{"@type":"EntryPoint","urlTemplate":"https:\/\/comunitatondu.ch\/?s={search_term_string}"},"query-input":"required name=search_term_string"}],"inLanguage":"it-IT"},{"@type":"Organization","@id":"https:\/\/comunitatondu.ch\/#organization","name":"Comunita Tond\u00fc","url":"https:\/\/comunitatondu.ch\/","logo":{"@type":"ImageObject","inLanguage":"it-IT","@id":"https:\/\/comunitatondu.ch\/#\/schema\/logo\/image\/","url":"https:\/\/comunitatondu.ch\/wp-content\/uploads\/2021\/01\/LOGO2.jpg","contentUrl":"https:\/\/comunitatondu.ch\/wp-content\/uploads\/2021\/01\/LOGO2.jpg","width":1000,"height":428,"caption":"Comunita Tond\u00fc"},"image":{"@id":"https:\/\/comunitatondu.ch\/#\/schema\/logo\/image\/"}}]}},"_links":{"self":[{"href":"https:\/\/comunitatondu.ch\/it\/wp-json\/wp\/v2\/pages\/699","targetHints":{"allow":["GET"]}}],"collection":[{"href":"https:\/\/comunitatondu.ch\/it\/wp-json\/wp\/v2\/pages"}],"about":[{"href":"https:\/\/comunitatondu.ch\/it\/wp-json\/wp\/v2\/types\/page"}],"author":[{"embeddable":true,"href":"https:\/\/comunitatondu.ch\/it\/wp-json\/wp\/v2\/users\/1"}],"replies":[{"embeddable":true,"href":"https:\/\/comunitatondu.ch\/it\/wp-json\/wp\/v2\/comments?post=699"}],"version-history":[{"count":17,"href":"https:\/\/comunitatondu.ch\/it\/wp-json\/wp\/v2\/pages\/699\/revisions"}],"predecessor-version":[{"id":2048,"href":"https:\/\/comunitatondu.ch\/it\/wp-json\/wp\/v2\/pages\/699\/revisions\/2048"}],"wp:attachment":[{"href":"https:\/\/comunitatondu.ch\/it\/wp-json\/wp\/v2\/media?parent=699"}],"curies":[{"name":"wp","href":"https:\/\/api.w.org\/{rel}","templated":true}]}}