{"id":269,"date":"2021-01-13T10:24:14","date_gmt":"2021-01-13T09:24:14","guid":{"rendered":"https:\/\/comunitatondu.ch\/?page_id=269"},"modified":"2021-01-17T15:10:53","modified_gmt":"2021-01-17T14:10:53","slug":"tee","status":"publish","type":"page","link":"https:\/\/comunitatondu.ch\/it\/tee\/","title":{"rendered":"T\u00e8"},"content":{"rendered":"<div data-colibri-id=\"269-c1\" class=\"style-487 style-local-269-c1 position-relative\">\n  <!---->\n  <div data-colibri-component=\"section\" data-colibri-id=\"269-c2\" id=\"custom\" class=\"h-section h-section-global-spacing d-flex align-items-lg-center align-items-md-center align-items-center style-488 style-local-269-c2 position-relative\">\n    <!---->\n    <!---->\n    <div class=\"h-section-grid-container h-section-boxed-container\">\n      <!---->\n      <div data-colibri-id=\"269-c3\" class=\"h-row-container gutters-row-lg-2 gutters-row-md-2 gutters-row-0 gutters-row-v-lg-2 gutters-row-v-md-2 gutters-row-v-2 style-489 style-local-269-c3 position-relative\">\n        <!---->\n        <div class=\"h-row justify-content-lg-center justify-content-md-center justify-content-center align-items-lg-stretch align-items-md-stretch align-items-stretch gutters-col-lg-2 gutters-col-md-2 gutters-col-0 gutters-col-v-lg-2 gutters-col-v-md-2 gutters-col-v-2\">\n          <!---->\n          <div class=\"h-column h-column-container d-flex h-col-lg-auto h-col-md-auto h-col-auto style-490-outer style-local-269-c4-outer\">\n            <div data-colibri-id=\"269-c4\" class=\"d-flex h-flex-basis h-column__inner h-px-lg-2 h-px-md-2 h-px-2 v-inner-lg-2 v-inner-md-2 v-inner-2 style-490 style-local-269-c4 position-relative\">\n              <!---->\n              <!---->\n              <div class=\"w-100 h-y-container h-column__content h-column__v-align flex-basis-100 align-self-lg-start align-self-md-start align-self-start\">\n                <!---->\n                <div data-colibri-id=\"269-c5\" class=\"h-global-transition-all h-heading style-493 style-local-269-c5 position-relative h-element\">\n                  <!---->\n                  <div class=\"h-heading__outer style-493 style-local-269-c5\">\n                    <!---->\n                    <!---->\n                    <h3 class=\"\">Esempio di prodotto: T\u00e8 delle Centovalli<\/h3>\n                  <\/div>\n                <\/div>\n                <div data-colibri-id=\"269-c6\" class=\"h-text h-text-component style-492 style-local-269-c6 position-relative h-element\">\n                  <!---->\n                  <!---->\n                  <div class=\"\">\n                    <p>Una tazza di t\u00e8 pu\u00f2 alleviare una variet\u00e0 di disturbi in modo delicato e naturale. <\/p>\n                    <p>Le erbe e i fiori crescono senza l'uso di prodotti chimici. Qui crescono in una cultura mista in un giardino naturale. La calendula ama crescere insieme alle melanzane. L'achillea, l'ortica e il timo crescono semplicemente nel prato. Nella zona ci sono moltissimi alberi di tiglio. Solo la raccolta dai grandi alberi sui pendii ripidi non \u00e8 cos\u00ec facile. Tutti sono raccolti a mano e asciugati all'aria. I fiori e le erbe vengono raccolti nel momento pi\u00f9 caldo della giornata. Proprio nel momento pi\u00f9 caldo che hanno pi\u00f9 sostanze attive in loro. Vengono asciugati in un luogo arioso e caldo lontano dalla luce solare diretta. Le piante secche vengono poi conservate in un barattolo in un luogo fresco, asciutto e buio. Possono essere conservati per circa 1 anno.<\/p>\n                    <p>Calendula: antinfiammatorio, per problemi di stomaco e mestruali<\/p>\n                    <p>Ortica: diuretica, quindi buona per la cistite, abbassa la pressione sanguigna, rinforza il sistema immunitario, come tonico viso purifica la pelle, per disturbi di stomaco e mestruali<\/p>\n                    <p>Melissa: favorisce un sonno tranquillo, ottimo per herpes e febbre<\/p>\n                    <p>Menta: contro il raffreddore e l'indigestione, ha un effetto antispasmodico e antinfiammatorio, ha un effetto rinfrescante<\/p>\n                    <p>Timo: agisce contro la tosse e il mal di gola, aiuta la digestione<\/p>\n                    <p>Achillea: agisce contro disturbi di stomaco, flatulenza e crampi mestruali<\/p>\n                    <p>Camomilla: antinfiammatoria, efficace contro problemi di stomaco, congiuntivite e raffreddore<\/p>\n                    <p> <\/p>\n                    <p>Fiore di tiglio: \u00e8 efficace contro raffreddori, mal di testa e febbri<\/p>\n                    <p>\n                      <br>\n                    <\/p>\n                  <\/div>\n                <\/div>\n              <\/div>\n            <\/div>\n          <\/div>\n          <div class=\"h-column h-column-container d-flex h-col-lg-auto h-col-md-auto h-col-auto style-491-outer style-local-269-c7-outer\">\n            <div data-colibri-id=\"269-c7\" class=\"d-flex h-flex-basis h-column__inner h-px-lg-2 h-px-md-2 h-px-2 v-inner-lg-2 v-inner-md-2 v-inner-2 style-491 style-local-269-c7 position-relative\">\n              <!---->\n              <!---->\n              <div class=\"w-100 h-y-container h-column__content h-column__v-align flex-basis-100 align-self-lg-start align-self-md-start align-self-start\">\n                <!---->\n                <div data-colibri-id=\"269-c8\" class=\"d-block style-494 style-local-269-c8 position-relative h-element\">\n                  <!---->\n                  <div class=\"h-image__frame-container-outer\">\n                    <div class=\"h-image__frame-container\">\n                      <!---->\n                      <!---->\n                      <img loading=\"lazy\" decoding=\"async\" width=\"1705\" height=\"2312\" src=\"https:\/\/comunitatondu.ch\/wp-content\/uploads\/2021\/01\/cropped-tee-scaled-2.jpg\" class=\"wp-image-786 style-494-image style-local-269-c8-image\" alt=\"\" srcset=\"https:\/\/comunitatondu.ch\/wp-content\/uploads\/2021\/01\/cropped-tee-scaled-2.jpg 1705w, https:\/\/comunitatondu.ch\/wp-content\/uploads\/2021\/01\/cropped-tee-scaled-2-221x300.jpg 221w, https:\/\/comunitatondu.ch\/wp-content\/uploads\/2021\/01\/cropped-tee-scaled-2-755x1024.jpg 755w, https:\/\/comunitatondu.ch\/wp-content\/uploads\/2021\/01\/cropped-tee-scaled-2-768x1041.jpg 768w, https:\/\/comunitatondu.ch\/wp-content\/uploads\/2021\/01\/cropped-tee-scaled-2-1133x1536.jpg 1133w, https:\/\/comunitatondu.ch\/wp-content\/uploads\/2021\/01\/cropped-tee-scaled-2-1510x2048.jpg 1510w, https:\/\/comunitatondu.ch\/wp-content\/uploads\/2021\/01\/cropped-tee-scaled-2-9x12.jpg 9w\" sizes=\"auto, (max-width: 1705px) 100vw, 1705px\" \/>\n                      <div class=\"h-image__frame h-hide-lg h-hide-md h-hide-sm style-494-frameImage style-local-269-c8-frameImage\"><\/div>\n                    <\/div>\n                  <\/div>\n                <\/div>\n                <div data-colibri-id=\"269-c9\" class=\"d-block style-495 style-local-269-c9 position-relative h-element\">\n                  <!---->\n                  <div class=\"h-image__frame-container-outer\">\n                    <div class=\"h-image__frame-container\">\n                      <!---->\n                      <!---->\n                      <img loading=\"lazy\" decoding=\"async\" width=\"1708\" height=\"1707\" src=\"https:\/\/comunitatondu.ch\/wp-content\/uploads\/2021\/01\/cropped-tee2-scaled-1.jpg\" class=\"wp-image-788 style-495-image style-local-269-c9-image\" alt=\"\" srcset=\"https:\/\/comunitatondu.ch\/wp-content\/uploads\/2021\/01\/cropped-tee2-scaled-1.jpg 1708w, https:\/\/comunitatondu.ch\/wp-content\/uploads\/2021\/01\/cropped-tee2-scaled-1-300x300.jpg 300w, https:\/\/comunitatondu.ch\/wp-content\/uploads\/2021\/01\/cropped-tee2-scaled-1-1024x1024.jpg 1024w, https:\/\/comunitatondu.ch\/wp-content\/uploads\/2021\/01\/cropped-tee2-scaled-1-150x150.jpg 150w, https:\/\/comunitatondu.ch\/wp-content\/uploads\/2021\/01\/cropped-tee2-scaled-1-768x768.jpg 768w, https:\/\/comunitatondu.ch\/wp-content\/uploads\/2021\/01\/cropped-tee2-scaled-1-1536x1536.jpg 1536w, https:\/\/comunitatondu.ch\/wp-content\/uploads\/2021\/01\/cropped-tee2-scaled-1-12x12.jpg 12w\" sizes=\"auto, (max-width: 1708px) 100vw, 1708px\" \/>\n                      <div class=\"h-image__frame h-hide-lg h-hide-md h-hide-sm style-495-frameImage style-local-269-c9-frameImage\"><\/div>\n                    <\/div>\n                  <\/div>\n                <\/div>\n              <\/div>\n            <\/div>\n          <\/div>\n        <\/div>\n      <\/div>\n    <\/div>\n  <\/div>\n<\/div>","protected":false},"excerpt":{"rendered":"<p>Produktbeispiel: Kr\u00e4uter Tee Eine Tasse Tee kann auf sanfte, nat\u00fcrliche Weise eine Vielzahl von Beschwerden lindern. Die Kr\u00e4uter und Blumen wachsen ohne Einsatz von Chemie. Sie gedeihen hier in Mischkultur in einem naturnahen Garten. Die Ringelblume w\u00e4chst gerne mit Auberginen zusammen. Die Schafgarbe, Brennnessel und der Thymian wachsen einfach wild in der Wiese. Lindenb\u00e4ume gibt [&hellip;]<\/p>","protected":false},"author":1,"featured_media":0,"parent":0,"menu_order":0,"comment_status":"closed","ping_status":"closed","template":"page-templates\/full-width-page.php","meta":{"footnotes":""},"class_list":["post-269","page","type-page","status-publish","hentry"],"yoast_head":"<!-- This site is optimized with the Yoast SEO plugin v22.0 - https:\/\/yoast.com\/wordpress\/plugins\/seo\/ -->\n<title>Tee - Comunita Tond\u00fc<\/title>\n<meta name=\"robots\" content=\"index, follow, max-snippet:-1, max-image-preview:large, max-video-preview:-1\" \/>\n<link rel=\"canonical\" href=\"https:\/\/comunitatondu.ch\/it\/tee\/\" \/>\n<meta property=\"og:locale\" content=\"it_IT\" \/>\n<meta property=\"og:type\" content=\"article\" \/>\n<meta property=\"og:title\" content=\"Tee - Comunita Tond\u00fc\" \/>\n<meta property=\"og:description\" content=\"Produktbeispiel: Kr\u00e4uter Tee Eine Tasse Tee kann auf sanfte, nat\u00fcrliche Weise eine Vielzahl von Beschwerden lindern. Die Kr\u00e4uter und Blumen wachsen ohne Einsatz von Chemie. Sie gedeihen hier in Mischkultur in einem naturnahen Garten. Die Ringelblume w\u00e4chst gerne mit Auberginen zusammen. Die Schafgarbe, Brennnessel und der Thymian wachsen einfach wild in der Wiese. Lindenb\u00e4ume gibt [&hellip;]\" \/>\n<meta property=\"og:url\" content=\"https:\/\/comunitatondu.ch\/it\/tee\/\" \/>\n<meta property=\"og:site_name\" content=\"Comunita Tond\u00fc\" \/>\n<meta property=\"article:modified_time\" content=\"2021-01-17T14:10:53+00:00\" \/>\n<meta property=\"og:image\" content=\"https:\/\/comunitatondu.ch\/wp-content\/uploads\/2021\/01\/cropped-tee-scaled-2.jpg\" \/>\n<meta name=\"twitter:card\" content=\"summary_large_image\" \/>\n<meta name=\"twitter:label1\" content=\"Tempo di lettura stimato\" \/>\n\t<meta name=\"twitter:data1\" content=\"1 minuto\" \/>\n<script type=\"application\/ld+json\" class=\"yoast-schema-graph\">{\"@context\":\"https:\/\/schema.org\",\"@graph\":[{\"@type\":\"WebPage\",\"@id\":\"https:\/\/comunitatondu.ch\/tee\/\",\"url\":\"https:\/\/comunitatondu.ch\/tee\/\",\"name\":\"Tee - Comunita Tond\u00fc\",\"isPartOf\":{\"@id\":\"https:\/\/comunitatondu.ch\/#website\"},\"datePublished\":\"2021-01-13T09:24:14+00:00\",\"dateModified\":\"2021-01-17T14:10:53+00:00\",\"breadcrumb\":{\"@id\":\"https:\/\/comunitatondu.ch\/tee\/#breadcrumb\"},\"inLanguage\":\"it-IT\",\"potentialAction\":[{\"@type\":\"ReadAction\",\"target\":[\"https:\/\/comunitatondu.ch\/tee\/\"]}]},{\"@type\":\"BreadcrumbList\",\"@id\":\"https:\/\/comunitatondu.ch\/tee\/#breadcrumb\",\"itemListElement\":[{\"@type\":\"ListItem\",\"position\":1,\"name\":\"Home\",\"item\":\"https:\/\/comunitatondu.ch\/\"},{\"@type\":\"ListItem\",\"position\":2,\"name\":\"Tee\"}]},{\"@type\":\"WebSite\",\"@id\":\"https:\/\/comunitatondu.ch\/#website\",\"url\":\"https:\/\/comunitatondu.ch\/\",\"name\":\"Comunita Tond\u00fc\",\"description\":\"Ideenwettbewerb f\u00fcr die Nutzung des Palazzo Tond\u00fc\",\"publisher\":{\"@id\":\"https:\/\/comunitatondu.ch\/#organization\"},\"potentialAction\":[{\"@type\":\"SearchAction\",\"target\":{\"@type\":\"EntryPoint\",\"urlTemplate\":\"https:\/\/comunitatondu.ch\/?s={search_term_string}\"},\"query-input\":\"required name=search_term_string\"}],\"inLanguage\":\"it-IT\"},{\"@type\":\"Organization\",\"@id\":\"https:\/\/comunitatondu.ch\/#organization\",\"name\":\"Comunita Tond\u00fc\",\"url\":\"https:\/\/comunitatondu.ch\/\",\"logo\":{\"@type\":\"ImageObject\",\"inLanguage\":\"it-IT\",\"@id\":\"https:\/\/comunitatondu.ch\/#\/schema\/logo\/image\/\",\"url\":\"https:\/\/comunitatondu.ch\/wp-content\/uploads\/2021\/01\/LOGO2.jpg\",\"contentUrl\":\"https:\/\/comunitatondu.ch\/wp-content\/uploads\/2021\/01\/LOGO2.jpg\",\"width\":1000,\"height\":428,\"caption\":\"Comunita Tond\u00fc\"},\"image\":{\"@id\":\"https:\/\/comunitatondu.ch\/#\/schema\/logo\/image\/\"}}]}<\/script>\n<!-- \/ Yoast SEO plugin. -->","yoast_head_json":{"title":"Tee - Comunita Tond\u00fc","robots":{"index":"index","follow":"follow","max-snippet":"max-snippet:-1","max-image-preview":"max-image-preview:large","max-video-preview":"max-video-preview:-1"},"canonical":"https:\/\/comunitatondu.ch\/it\/tee\/","og_locale":"it_IT","og_type":"article","og_title":"Tee - Comunita Tond\u00fc","og_description":"Produktbeispiel: Kr\u00e4uter Tee Eine Tasse Tee kann auf sanfte, nat\u00fcrliche Weise eine Vielzahl von Beschwerden lindern. Die Kr\u00e4uter und Blumen wachsen ohne Einsatz von Chemie. Sie gedeihen hier in Mischkultur in einem naturnahen Garten. Die Ringelblume w\u00e4chst gerne mit Auberginen zusammen. Die Schafgarbe, Brennnessel und der Thymian wachsen einfach wild in der Wiese. Lindenb\u00e4ume gibt [&hellip;]","og_url":"https:\/\/comunitatondu.ch\/it\/tee\/","og_site_name":"Comunita Tond\u00fc","article_modified_time":"2021-01-17T14:10:53+00:00","og_image":[{"url":"https:\/\/comunitatondu.ch\/wp-content\/uploads\/2021\/01\/cropped-tee-scaled-2.jpg"}],"twitter_card":"summary_large_image","twitter_misc":{"Tempo di lettura stimato":"1 minuto"},"schema":{"@context":"https:\/\/schema.org","@graph":[{"@type":"WebPage","@id":"https:\/\/comunitatondu.ch\/tee\/","url":"https:\/\/comunitatondu.ch\/tee\/","name":"Tee - Comunita Tond\u00fc","isPartOf":{"@id":"https:\/\/comunitatondu.ch\/#website"},"datePublished":"2021-01-13T09:24:14+00:00","dateModified":"2021-01-17T14:10:53+00:00","breadcrumb":{"@id":"https:\/\/comunitatondu.ch\/tee\/#breadcrumb"},"inLanguage":"it-IT","potentialAction":[{"@type":"ReadAction","target":["https:\/\/comunitatondu.ch\/tee\/"]}]},{"@type":"BreadcrumbList","@id":"https:\/\/comunitatondu.ch\/tee\/#breadcrumb","itemListElement":[{"@type":"ListItem","position":1,"name":"Home","item":"https:\/\/comunitatondu.ch\/"},{"@type":"ListItem","position":2,"name":"Tee"}]},{"@type":"WebSite","@id":"https:\/\/comunitatondu.ch\/#website","url":"https:\/\/comunitatondu.ch\/","name":"Comunita Tond\u00fc","description":"Ideenwettbewerb f\u00fcr die Nutzung des Palazzo Tond\u00fc","publisher":{"@id":"https:\/\/comunitatondu.ch\/#organization"},"potentialAction":[{"@type":"SearchAction","target":{"@type":"EntryPoint","urlTemplate":"https:\/\/comunitatondu.ch\/?s={search_term_string}"},"query-input":"required name=search_term_string"}],"inLanguage":"it-IT"},{"@type":"Organization","@id":"https:\/\/comunitatondu.ch\/#organization","name":"Comunita Tond\u00fc","url":"https:\/\/comunitatondu.ch\/","logo":{"@type":"ImageObject","inLanguage":"it-IT","@id":"https:\/\/comunitatondu.ch\/#\/schema\/logo\/image\/","url":"https:\/\/comunitatondu.ch\/wp-content\/uploads\/2021\/01\/LOGO2.jpg","contentUrl":"https:\/\/comunitatondu.ch\/wp-content\/uploads\/2021\/01\/LOGO2.jpg","width":1000,"height":428,"caption":"Comunita Tond\u00fc"},"image":{"@id":"https:\/\/comunitatondu.ch\/#\/schema\/logo\/image\/"}}]}},"_links":{"self":[{"href":"https:\/\/comunitatondu.ch\/it\/wp-json\/wp\/v2\/pages\/269","targetHints":{"allow":["GET"]}}],"collection":[{"href":"https:\/\/comunitatondu.ch\/it\/wp-json\/wp\/v2\/pages"}],"about":[{"href":"https:\/\/comunitatondu.ch\/it\/wp-json\/wp\/v2\/types\/page"}],"author":[{"embeddable":true,"href":"https:\/\/comunitatondu.ch\/it\/wp-json\/wp\/v2\/users\/1"}],"replies":[{"embeddable":true,"href":"https:\/\/comunitatondu.ch\/it\/wp-json\/wp\/v2\/comments?post=269"}],"version-history":[{"count":5,"href":"https:\/\/comunitatondu.ch\/it\/wp-json\/wp\/v2\/pages\/269\/revisions"}],"predecessor-version":[{"id":1553,"href":"https:\/\/comunitatondu.ch\/it\/wp-json\/wp\/v2\/pages\/269\/revisions\/1553"}],"wp:attachment":[{"href":"https:\/\/comunitatondu.ch\/it\/wp-json\/wp\/v2\/media?parent=269"}],"curies":[{"name":"wp","href":"https:\/\/api.w.org\/{rel}","templated":true}]}}