{"id":267,"date":"2021-01-13T10:23:55","date_gmt":"2021-01-13T09:23:55","guid":{"rendered":"https:\/\/comunitatondu.ch\/?page_id=267"},"modified":"2021-01-17T15:09:30","modified_gmt":"2021-01-17T14:09:30","slug":"kastanienmehl","status":"publish","type":"page","link":"https:\/\/comunitatondu.ch\/it\/kastanienmehl\/","title":{"rendered":"Farina di castagne"},"content":{"rendered":"<div data-colibri-id=\"267-c1\" class=\"style-267 style-local-267-c1 position-relative\">\n  <!---->\n  <div data-colibri-component=\"section\" data-colibri-id=\"267-c2\" id=\"custom\" class=\"h-section h-section-global-spacing d-flex align-items-lg-center align-items-md-center align-items-center style-268 style-local-267-c2 position-relative\">\n    <!---->\n    <!---->\n    <div class=\"h-section-grid-container h-section-boxed-container\">\n      <!---->\n      <div data-colibri-id=\"267-c3\" class=\"h-row-container gutters-row-lg-2 gutters-row-md-2 gutters-row-0 gutters-row-v-lg-2 gutters-row-v-md-2 gutters-row-v-2 style-269 style-local-267-c3 position-relative\">\n        <!---->\n        <div class=\"h-row justify-content-lg-center justify-content-md-center justify-content-center align-items-lg-stretch align-items-md-stretch align-items-stretch gutters-col-lg-2 gutters-col-md-2 gutters-col-0 gutters-col-v-lg-2 gutters-col-v-md-2 gutters-col-v-2\">\n          <!---->\n          <div class=\"h-column h-column-container d-flex h-col-lg-auto h-col-md-auto h-col-auto style-270-outer style-local-267-c4-outer\">\n            <div data-colibri-id=\"267-c4\" class=\"d-flex h-flex-basis h-column__inner h-px-lg-2 h-px-md-2 h-px-2 v-inner-lg-2 v-inner-md-2 v-inner-2 style-270 style-local-267-c4 position-relative\">\n              <!---->\n              <!---->\n              <div class=\"w-100 h-y-container h-column__content h-column__v-align flex-basis-100 align-self-lg-start align-self-md-start align-self-start\">\n                <!---->\n                <div data-colibri-id=\"267-c5\" class=\"h-global-transition-all h-heading style-465 style-local-267-c5 position-relative h-element\">\n                  <!---->\n                  <div class=\"h-heading__outer style-465 style-local-267-c5\">\n                    <!---->\n                    <!---->\n                    <h3 class=\"\">Esempio di un prodotto: farina di castagne<\/h3>\n                  <\/div>\n                <\/div>\n                <div data-colibri-id=\"267-c6\" class=\"h-text h-text-component style-464 style-local-267-c6 position-relative h-element\">\n                  <!---->\n                  <!---->\n                  <div class=\"\">\n                    <p>Le castagne erano l'alimento base di questa regione. I numerosi alberi lo testimoniano. Tonnellate giacciono nei boschi in autunno come mangime per animali. La maggior parte delle persone preferisce acquistare un costoso sacco pieno di castagne italiane invece di raccoglierle qui. Non sarebbe bello se si potessero acquistare prodotti a base di castagne selvatiche? I molti alberi derivano dalle persone che un tempo vivevano qui. Sarebbe bello se il prodotto degli antenati venisse lavorato al Palazzo Tond\u00fc. <\/p>\n                    <p>Produzione:\n                      <br>Raccogliamo castagne nei boschi delle Centovalli. Tutti portano il loro raccolto al Palazzo Tond\u00fc, dove la maggior parte della buccia viene rimossa da una macchina pelatrice mentre \u00e8 ancora fresca. Dopo vengono adattati e squartati a mano. Ora si asciugano al sole o davanti al forno. Appena sono dure vengono macinate. <\/p>\n                    <p>Dalle castagne fresche si fanno in cucina altri prodotti come la marmellata o le vermicelle. Ci saranno sicuramente molte ottime ricette.<\/p>\n                    <p>I prodotti vengono poi distribuiti agli aiutanti, il resto viene venduto. Sarebbe organizzato in modo simile all'agricoltura solidale. La comunit\u00e0 paga per investimenti come smerigliatrice e pelatrice. Tutti i membri aiutano in autunno con la raccolta e la lavorazione. In cambio, ricevono ottimi prodotti locali che hanno contribuito a produrre. Questo crea una connessione tra le persone e il prodotto, le castagne e la natura.<\/p>\n                    <p>Ci saranno membri che si iscrivono ogni anno, ma sono possibili anche incarichi a breve termine. I visitatori possono aiutare a raccogliere le castagne per 1-2 giorni e ottenere in cambio il pranzo. Nella pagina web si pu\u00f2 pubblicare se si cercano ancora persone per la raccolta o la elaborazione. Chi vuole dare una mano pu\u00f2 registrarsi qui.<\/p>\n                    <p>Ovviamente questo procedimento funziona anche per altri prodotti come grappa, birra, aceto balsamico, polenta ...<\/p>\n                    <p>\n                      <br>\n                    <\/p>\n                  <\/div>\n                <\/div>\n              <\/div>\n            <\/div>\n          <\/div>\n          <div class=\"h-column h-column-container d-flex h-col-lg-auto h-col-md-auto h-col-auto style-467-outer style-local-267-c7-outer\">\n            <div data-colibri-id=\"267-c7\" class=\"d-flex h-flex-basis h-column__inner h-px-lg-2 h-px-md-2 h-px-2 v-inner-lg-2 v-inner-md-2 v-inner-2 style-467 style-local-267-c7 position-relative\">\n              <!---->\n              <!---->\n              <div class=\"w-100 h-y-container h-column__content h-column__v-align flex-basis-100 align-self-lg-start align-self-md-start align-self-start\">\n                <!---->\n                <div data-colibri-id=\"267-c8\" class=\"d-block style-468 style-local-267-c8 position-relative h-element\">\n                  <!---->\n                  <div class=\"h-image__frame-container-outer\">\n                    <div class=\"h-image__frame-container\">\n                      <!---->\n                      <!---->\n                      <img loading=\"lazy\" decoding=\"async\" width=\"666\" height=\"666\" src=\"https:\/\/comunitatondu.ch\/wp-content\/uploads\/2021\/01\/cropped-k4kl.jpg\" class=\"wp-image-402 style-468-image style-local-267-c8-image\" alt=\"\" srcset=\"https:\/\/comunitatondu.ch\/wp-content\/uploads\/2021\/01\/cropped-k4kl.jpg 666w, https:\/\/comunitatondu.ch\/wp-content\/uploads\/2021\/01\/cropped-k4kl-300x300.jpg 300w, https:\/\/comunitatondu.ch\/wp-content\/uploads\/2021\/01\/cropped-k4kl-150x150.jpg 150w, https:\/\/comunitatondu.ch\/wp-content\/uploads\/2021\/01\/cropped-k4kl-12x12.jpg 12w\" sizes=\"auto, (max-width: 666px) 100vw, 666px\" \/>\n                      <div class=\"h-image__frame h-hide-lg h-hide-md h-hide-sm style-468-frameImage style-local-267-c8-frameImage\"><\/div>\n                    <\/div>\n                  <\/div>\n                <\/div>\n                <div data-colibri-id=\"267-c9\" class=\"d-block style-469 style-local-267-c9 position-relative h-element\">\n                  <!---->\n                  <div class=\"h-image__frame-container-outer\">\n                    <div class=\"h-image__frame-container\">\n                      <!---->\n                      <!---->\n                      <img loading=\"lazy\" decoding=\"async\" width=\"1708\" height=\"1707\" src=\"https:\/\/comunitatondu.ch\/wp-content\/uploads\/2021\/01\/cropped-cropped-k2-scaled-1.jpg\" class=\"wp-image-764 style-469-image style-local-267-c9-image\" alt=\"\" srcset=\"https:\/\/comunitatondu.ch\/wp-content\/uploads\/2021\/01\/cropped-cropped-k2-scaled-1.jpg 1708w, https:\/\/comunitatondu.ch\/wp-content\/uploads\/2021\/01\/cropped-cropped-k2-scaled-1-300x300.jpg 300w, https:\/\/comunitatondu.ch\/wp-content\/uploads\/2021\/01\/cropped-cropped-k2-scaled-1-1024x1024.jpg 1024w, https:\/\/comunitatondu.ch\/wp-content\/uploads\/2021\/01\/cropped-cropped-k2-scaled-1-150x150.jpg 150w, https:\/\/comunitatondu.ch\/wp-content\/uploads\/2021\/01\/cropped-cropped-k2-scaled-1-768x768.jpg 768w, https:\/\/comunitatondu.ch\/wp-content\/uploads\/2021\/01\/cropped-cropped-k2-scaled-1-1536x1536.jpg 1536w, https:\/\/comunitatondu.ch\/wp-content\/uploads\/2021\/01\/cropped-cropped-k2-scaled-1-12x12.jpg 12w\" sizes=\"auto, (max-width: 1708px) 100vw, 1708px\" \/>\n                      <div class=\"h-image__frame h-hide-lg h-hide-md h-hide-sm style-469-frameImage style-local-267-c9-frameImage\"><\/div>\n                    <\/div>\n                  <\/div>\n                <\/div>\n                <div data-colibri-id=\"267-c10\" class=\"d-block style-470 style-local-267-c10 position-relative h-element\">\n                  <!---->\n                  <div class=\"h-image__frame-container-outer\">\n                    <div class=\"h-image__frame-container\">\n                      <!---->\n                      <!---->\n                      <img loading=\"lazy\" decoding=\"async\" width=\"999\" height=\"998\" src=\"https:\/\/comunitatondu.ch\/wp-content\/uploads\/2021\/01\/cropped-k3.jpg\" class=\"wp-image-278 style-470-image style-local-267-c10-image\" alt=\"\" srcset=\"https:\/\/comunitatondu.ch\/wp-content\/uploads\/2021\/01\/cropped-k3.jpg 999w, https:\/\/comunitatondu.ch\/wp-content\/uploads\/2021\/01\/cropped-k3-300x300.jpg 300w, https:\/\/comunitatondu.ch\/wp-content\/uploads\/2021\/01\/cropped-k3-150x150.jpg 150w, https:\/\/comunitatondu.ch\/wp-content\/uploads\/2021\/01\/cropped-k3-768x767.jpg 768w\" sizes=\"auto, (max-width: 999px) 100vw, 999px\" \/>\n                      <div class=\"h-image__frame h-hide-lg h-hide-md h-hide-sm style-470-frameImage style-local-267-c10-frameImage\"><\/div>\n                    <\/div>\n                  <\/div>\n                <\/div>\n              <\/div>\n            <\/div>\n          <\/div>\n        <\/div>\n      <\/div>\n    <\/div>\n  <\/div>\n<\/div>","protected":false},"excerpt":{"rendered":"<p>Produktbeispiel: Kastanienmehl Edelkastanien waren das Grundnahrungsmittel in dieser Region. Die vielen B\u00e4ume zeugen von dieser Zeit. Tonnenweise liegen sie im Herbst in den W\u00e4ldern als Tierfutter. Die meisten Menschen kaufen lieber einen teuren Sack voller Kastanien aus Italien, anstatt sie hier zu sammeln. W\u00e4re es nicht toll, wenn man Produkte aus wilden Kastanien kaufen k\u00f6nnte? [&hellip;]<\/p>","protected":false},"author":1,"featured_media":0,"parent":0,"menu_order":0,"comment_status":"closed","ping_status":"closed","template":"page-templates\/full-width-page.php","meta":{"footnotes":""},"class_list":["post-267","page","type-page","status-publish","hentry"],"yoast_head":"<!-- This site is optimized with the Yoast SEO plugin v22.0 - https:\/\/yoast.com\/wordpress\/plugins\/seo\/ -->\n<title>Kastanienmehl - Comunita Tond\u00fc<\/title>\n<meta name=\"robots\" content=\"index, follow, max-snippet:-1, max-image-preview:large, max-video-preview:-1\" \/>\n<link rel=\"canonical\" href=\"https:\/\/comunitatondu.ch\/it\/kastanienmehl\/\" \/>\n<meta property=\"og:locale\" content=\"it_IT\" \/>\n<meta property=\"og:type\" content=\"article\" \/>\n<meta property=\"og:title\" content=\"Kastanienmehl - Comunita Tond\u00fc\" \/>\n<meta property=\"og:description\" content=\"Produktbeispiel: Kastanienmehl Edelkastanien waren das Grundnahrungsmittel in dieser Region. Die vielen B\u00e4ume zeugen von dieser Zeit. Tonnenweise liegen sie im Herbst in den W\u00e4ldern als Tierfutter. Die meisten Menschen kaufen lieber einen teuren Sack voller Kastanien aus Italien, anstatt sie hier zu sammeln. W\u00e4re es nicht toll, wenn man Produkte aus wilden Kastanien kaufen k\u00f6nnte? [&hellip;]\" \/>\n<meta property=\"og:url\" content=\"https:\/\/comunitatondu.ch\/it\/kastanienmehl\/\" \/>\n<meta property=\"og:site_name\" content=\"Comunita Tond\u00fc\" \/>\n<meta property=\"article:modified_time\" content=\"2021-01-17T14:09:30+00:00\" \/>\n<meta property=\"og:image\" content=\"https:\/\/comunitatondu.ch\/wp-content\/uploads\/2021\/01\/cropped-k4kl.jpg\" \/>\n<meta name=\"twitter:card\" content=\"summary_large_image\" \/>\n<meta name=\"twitter:label1\" content=\"Tempo di lettura stimato\" \/>\n\t<meta name=\"twitter:data1\" content=\"2 minuti\" \/>\n<script type=\"application\/ld+json\" class=\"yoast-schema-graph\">{\"@context\":\"https:\/\/schema.org\",\"@graph\":[{\"@type\":\"WebPage\",\"@id\":\"https:\/\/comunitatondu.ch\/kastanienmehl\/\",\"url\":\"https:\/\/comunitatondu.ch\/kastanienmehl\/\",\"name\":\"Kastanienmehl - Comunita Tond\u00fc\",\"isPartOf\":{\"@id\":\"https:\/\/comunitatondu.ch\/#website\"},\"datePublished\":\"2021-01-13T09:23:55+00:00\",\"dateModified\":\"2021-01-17T14:09:30+00:00\",\"breadcrumb\":{\"@id\":\"https:\/\/comunitatondu.ch\/kastanienmehl\/#breadcrumb\"},\"inLanguage\":\"it-IT\",\"potentialAction\":[{\"@type\":\"ReadAction\",\"target\":[\"https:\/\/comunitatondu.ch\/kastanienmehl\/\"]}]},{\"@type\":\"BreadcrumbList\",\"@id\":\"https:\/\/comunitatondu.ch\/kastanienmehl\/#breadcrumb\",\"itemListElement\":[{\"@type\":\"ListItem\",\"position\":1,\"name\":\"Home\",\"item\":\"https:\/\/comunitatondu.ch\/\"},{\"@type\":\"ListItem\",\"position\":2,\"name\":\"Kastanienmehl\"}]},{\"@type\":\"WebSite\",\"@id\":\"https:\/\/comunitatondu.ch\/#website\",\"url\":\"https:\/\/comunitatondu.ch\/\",\"name\":\"Comunita Tond\u00fc\",\"description\":\"Ideenwettbewerb f\u00fcr die Nutzung des Palazzo Tond\u00fc\",\"publisher\":{\"@id\":\"https:\/\/comunitatondu.ch\/#organization\"},\"potentialAction\":[{\"@type\":\"SearchAction\",\"target\":{\"@type\":\"EntryPoint\",\"urlTemplate\":\"https:\/\/comunitatondu.ch\/?s={search_term_string}\"},\"query-input\":\"required name=search_term_string\"}],\"inLanguage\":\"it-IT\"},{\"@type\":\"Organization\",\"@id\":\"https:\/\/comunitatondu.ch\/#organization\",\"name\":\"Comunita Tond\u00fc\",\"url\":\"https:\/\/comunitatondu.ch\/\",\"logo\":{\"@type\":\"ImageObject\",\"inLanguage\":\"it-IT\",\"@id\":\"https:\/\/comunitatondu.ch\/#\/schema\/logo\/image\/\",\"url\":\"https:\/\/comunitatondu.ch\/wp-content\/uploads\/2021\/01\/LOGO2.jpg\",\"contentUrl\":\"https:\/\/comunitatondu.ch\/wp-content\/uploads\/2021\/01\/LOGO2.jpg\",\"width\":1000,\"height\":428,\"caption\":\"Comunita Tond\u00fc\"},\"image\":{\"@id\":\"https:\/\/comunitatondu.ch\/#\/schema\/logo\/image\/\"}}]}<\/script>\n<!-- \/ Yoast SEO plugin. -->","yoast_head_json":{"title":"Kastanienmehl - Comunita Tond\u00fc","robots":{"index":"index","follow":"follow","max-snippet":"max-snippet:-1","max-image-preview":"max-image-preview:large","max-video-preview":"max-video-preview:-1"},"canonical":"https:\/\/comunitatondu.ch\/it\/kastanienmehl\/","og_locale":"it_IT","og_type":"article","og_title":"Kastanienmehl - Comunita Tond\u00fc","og_description":"Produktbeispiel: Kastanienmehl Edelkastanien waren das Grundnahrungsmittel in dieser Region. Die vielen B\u00e4ume zeugen von dieser Zeit. Tonnenweise liegen sie im Herbst in den W\u00e4ldern als Tierfutter. Die meisten Menschen kaufen lieber einen teuren Sack voller Kastanien aus Italien, anstatt sie hier zu sammeln. W\u00e4re es nicht toll, wenn man Produkte aus wilden Kastanien kaufen k\u00f6nnte? [&hellip;]","og_url":"https:\/\/comunitatondu.ch\/it\/kastanienmehl\/","og_site_name":"Comunita Tond\u00fc","article_modified_time":"2021-01-17T14:09:30+00:00","og_image":[{"url":"https:\/\/comunitatondu.ch\/wp-content\/uploads\/2021\/01\/cropped-k4kl.jpg"}],"twitter_card":"summary_large_image","twitter_misc":{"Tempo di lettura stimato":"2 minuti"},"schema":{"@context":"https:\/\/schema.org","@graph":[{"@type":"WebPage","@id":"https:\/\/comunitatondu.ch\/kastanienmehl\/","url":"https:\/\/comunitatondu.ch\/kastanienmehl\/","name":"Kastanienmehl - Comunita Tond\u00fc","isPartOf":{"@id":"https:\/\/comunitatondu.ch\/#website"},"datePublished":"2021-01-13T09:23:55+00:00","dateModified":"2021-01-17T14:09:30+00:00","breadcrumb":{"@id":"https:\/\/comunitatondu.ch\/kastanienmehl\/#breadcrumb"},"inLanguage":"it-IT","potentialAction":[{"@type":"ReadAction","target":["https:\/\/comunitatondu.ch\/kastanienmehl\/"]}]},{"@type":"BreadcrumbList","@id":"https:\/\/comunitatondu.ch\/kastanienmehl\/#breadcrumb","itemListElement":[{"@type":"ListItem","position":1,"name":"Home","item":"https:\/\/comunitatondu.ch\/"},{"@type":"ListItem","position":2,"name":"Kastanienmehl"}]},{"@type":"WebSite","@id":"https:\/\/comunitatondu.ch\/#website","url":"https:\/\/comunitatondu.ch\/","name":"Comunita Tond\u00fc","description":"Ideenwettbewerb f\u00fcr die Nutzung des Palazzo Tond\u00fc","publisher":{"@id":"https:\/\/comunitatondu.ch\/#organization"},"potentialAction":[{"@type":"SearchAction","target":{"@type":"EntryPoint","urlTemplate":"https:\/\/comunitatondu.ch\/?s={search_term_string}"},"query-input":"required name=search_term_string"}],"inLanguage":"it-IT"},{"@type":"Organization","@id":"https:\/\/comunitatondu.ch\/#organization","name":"Comunita Tond\u00fc","url":"https:\/\/comunitatondu.ch\/","logo":{"@type":"ImageObject","inLanguage":"it-IT","@id":"https:\/\/comunitatondu.ch\/#\/schema\/logo\/image\/","url":"https:\/\/comunitatondu.ch\/wp-content\/uploads\/2021\/01\/LOGO2.jpg","contentUrl":"https:\/\/comunitatondu.ch\/wp-content\/uploads\/2021\/01\/LOGO2.jpg","width":1000,"height":428,"caption":"Comunita Tond\u00fc"},"image":{"@id":"https:\/\/comunitatondu.ch\/#\/schema\/logo\/image\/"}}]}},"_links":{"self":[{"href":"https:\/\/comunitatondu.ch\/it\/wp-json\/wp\/v2\/pages\/267","targetHints":{"allow":["GET"]}}],"collection":[{"href":"https:\/\/comunitatondu.ch\/it\/wp-json\/wp\/v2\/pages"}],"about":[{"href":"https:\/\/comunitatondu.ch\/it\/wp-json\/wp\/v2\/types\/page"}],"author":[{"embeddable":true,"href":"https:\/\/comunitatondu.ch\/it\/wp-json\/wp\/v2\/users\/1"}],"replies":[{"embeddable":true,"href":"https:\/\/comunitatondu.ch\/it\/wp-json\/wp\/v2\/comments?post=267"}],"version-history":[{"count":14,"href":"https:\/\/comunitatondu.ch\/it\/wp-json\/wp\/v2\/pages\/267\/revisions"}],"predecessor-version":[{"id":1539,"href":"https:\/\/comunitatondu.ch\/it\/wp-json\/wp\/v2\/pages\/267\/revisions\/1539"}],"wp:attachment":[{"href":"https:\/\/comunitatondu.ch\/it\/wp-json\/wp\/v2\/media?parent=267"}],"curies":[{"name":"wp","href":"https:\/\/api.w.org\/{rel}","templated":true}]}}