{"id":265,"date":"2021-01-13T10:23:26","date_gmt":"2021-01-13T09:23:26","guid":{"rendered":"https:\/\/comunitatondu.ch\/?page_id=265"},"modified":"2021-01-17T15:10:19","modified_gmt":"2021-01-17T14:10:19","slug":"seife","status":"publish","type":"page","link":"https:\/\/comunitatondu.ch\/it\/seife\/","title":{"rendered":"Sapone"},"content":{"rendered":"<div data-colibri-id=\"265-c1\" class=\"style-471 style-local-265-c1 position-relative\">\n  <!---->\n  <div data-colibri-component=\"section\" data-colibri-id=\"265-c2\" id=\"custom\" class=\"h-section h-section-global-spacing d-flex align-items-lg-center align-items-md-center align-items-center style-478 style-local-265-c2 position-relative\">\n    <!---->\n    <!---->\n    <div class=\"h-section-grid-container h-section-boxed-container\">\n      <!---->\n      <div data-colibri-id=\"265-c3\" class=\"h-row-container gutters-row-lg-2 gutters-row-md-2 gutters-row-0 gutters-row-v-lg-2 gutters-row-v-md-2 gutters-row-v-2 style-479 style-local-265-c3 position-relative\">\n        <!---->\n        <div class=\"h-row justify-content-lg-center justify-content-md-center justify-content-center align-items-lg-stretch align-items-md-stretch align-items-stretch gutters-col-lg-2 gutters-col-md-2 gutters-col-0 gutters-col-v-lg-2 gutters-col-v-md-2 gutters-col-v-2\">\n          <!---->\n          <div class=\"h-column h-column-container d-flex h-col-lg-auto h-col-md-auto h-col-auto style-480-outer style-local-265-c4-outer\">\n            <div data-colibri-id=\"265-c4\" class=\"d-flex h-flex-basis h-column__inner h-px-lg-2 h-px-md-2 h-px-2 v-inner-lg-2 v-inner-md-2 v-inner-2 style-480 style-local-265-c4 position-relative\">\n              <!---->\n              <!---->\n              <div class=\"w-100 h-y-container h-column__content h-column__v-align flex-basis-100 align-self-lg-start align-self-md-start align-self-start\">\n                <!---->\n                <div data-colibri-id=\"265-c5\" class=\"h-global-transition-all h-heading style-483 style-local-265-c5 position-relative h-element\">\n                  <!---->\n                  <div class=\"h-heading__outer style-483 style-local-265-c5\">\n                    <!---->\n                    <!---->\n                    <h3 class=\"\">Esempio di prodotto: sapone naturale<\/h3>\n                  <\/div>\n                <\/div>\n                <div data-colibri-id=\"265-c6\" class=\"h-text h-text-component style-482 style-local-265-c6 position-relative h-element\">\n                  <!---->\n                  <!---->\n                  <div class=\"\">\n                    <p>Faccio saponi e creo ricette da diversi anni. Il sapone mescolato a freddo \u00e8 vegano e tutti gli ingredienti da coltivazione biologica o propria, \u00e8 biodegradabile.<\/p>\n                    <p>Ricetta:\n                      <br>406g tisana fredda alle erbe, menta, melissa, calendula ...\n                      <br>50 g di idrolato, lavanda, timo ...\n                      <br>400 g di olio di cocco biologico\n                      <br>400 g di olio di colza biologico\n                      <br>400g olio d'oliva biologico, estratti di olio di rosmarino, timo, lavanda, calendula ...\n                      <br>168 g di NaOH (idrossido di sodio), acquistabile in farmacia, viene utilizzato anche per i rotoli alla liscivia.<\/p>\n                    <p>Tutte le erbe nel sapone provengono dal nostro giardino naturale dove non vengono utilizzati prodotti chimici o fertilizzanti artificiali. Concimiamo con letame liquido, lana di pecora e sterco di lama. I principi attivi delle erbe entrano nel sapone in modi diversi in modo che sia delicato e nutriente per pelle e capelli.<\/p>\n                    <p>La distillazione delle erbe crea un\u2019acqua alle piante, idrolato. Questo lo faccio nella mia cucina con un piccolo alambicco. L'idrolato ha un buon profumo e contiene molti ingredienti attivi. Pu\u00f2 anche essere usato direttamente come tonico detergente per il viso, spray per ambienti o per condire i piatti.<\/p>\n                    <p>Tutti gli oli nel sapone sono coltivati biologicamente.<\/p>\n                    <p>Le erbe vengono immerse nell'olio d'oliva per 6 settimane. Viene conservato in un luogo caldo e buio dove i principi attivi delle erbe vengono trasferiti nell'olio. Con l'estratto di olio di calendula preparo un unguento per la cura della pelle. Gli estratti di olio vengono utilizzati anche nel sapone, il che lo rende ancora pi\u00f9 nutriente per pelle e capelli.<\/p>\n                    <p>La pelle \u00e8 il nostro organo pi\u00f9 grande, attraverso il quale assorbiamo sostanze nocive o principi attivi che entrano nel corpo. Quindi dovremmo prestare attenzione a ci\u00f2 che mettiamo sulla pelle.<\/p>\n                    <p>Produzione:\n                      <br>Verso il NaOH in un contenitore di plastica con il t\u00e8 freddo e lo mescolo. Questo produce vapori corrosivi, \u00e8 necessario indossare occhiali protettivi e guanti. La liscivia si riscalda e poi deve raffreddarsi. Nel frattempo, gli oli vengono misurati, sciolti e mescolati insieme in una padella di acciaio inossidabile. La liscivia raffreddata viene quindi versata al suo interno. Il tutto viene miscelato con un frullatore a immersione, viene aggiunto l'idrosol. Ora mescola fino a quando il composto non ha la consistenza di un budino. La massa viene colata in stampi di silicone, dove lega e si indurisce nelle successive 24 ore. Quindi pu\u00f2 essere estratto e tagliato. Ora viene asciugato in un luogo arioso per 6 settimane. Importante: tutti gli utensili utilizzati per far bollire il sapone non possono pi\u00f9 essere utilizzati per la lavorazione degli alimenti.<\/p>\n                    <p>Lasciare asciugare il sapone dopo l'uso, cos\u00ec durer\u00e0 pi\u00f9 a lungo!<\/p>\n                    <p>\n                      <br>\n                    <\/p>\n                  <\/div>\n                <\/div>\n              <\/div>\n            <\/div>\n          <\/div>\n          <div class=\"h-column h-column-container d-flex h-col-lg-auto h-col-md-auto h-col-auto style-481-outer style-local-265-c7-outer\">\n            <div data-colibri-id=\"265-c7\" class=\"d-flex h-flex-basis h-column__inner h-px-lg-2 h-px-md-2 h-px-2 v-inner-lg-2 v-inner-md-2 v-inner-2 style-481 style-local-265-c7 position-relative\">\n              <!---->\n              <!---->\n              <div class=\"w-100 h-y-container h-column__content h-column__v-align flex-basis-100 align-self-lg-start align-self-md-start align-self-start\">\n                <!---->\n                <div data-colibri-id=\"265-c8\" class=\"d-block style-484 style-local-265-c8 position-relative h-element\">\n                  <!---->\n                  <div class=\"h-image__frame-container-outer\">\n                    <div class=\"h-image__frame-container\">\n                      <!---->\n                      <!---->\n                      <img loading=\"lazy\" decoding=\"async\" width=\"668\" height=\"667\" src=\"https:\/\/comunitatondu.ch\/wp-content\/uploads\/2021\/01\/cropped-seifekl.jpg\" class=\"wp-image-239 style-484-image style-local-265-c8-image\" alt=\"\" srcset=\"https:\/\/comunitatondu.ch\/wp-content\/uploads\/2021\/01\/cropped-seifekl.jpg 668w, https:\/\/comunitatondu.ch\/wp-content\/uploads\/2021\/01\/cropped-seifekl-300x300.jpg 300w, https:\/\/comunitatondu.ch\/wp-content\/uploads\/2021\/01\/cropped-seifekl-150x150.jpg 150w\" sizes=\"auto, (max-width: 668px) 100vw, 668px\" \/>\n                      <div class=\"h-image__frame h-hide-lg h-hide-md h-hide-sm style-484-frameImage style-local-265-c8-frameImage\"><\/div>\n                    <\/div>\n                  <\/div>\n                <\/div>\n                <div data-colibri-id=\"265-c9\" class=\"d-block style-485 style-local-265-c9 position-relative h-element\">\n                  <!---->\n                  <div class=\"h-image__frame-container-outer\">\n                    <div class=\"h-image__frame-container\">\n                      <!---->\n                      <!---->\n                      <img loading=\"lazy\" decoding=\"async\" width=\"1445\" height=\"1383\" src=\"https:\/\/comunitatondu.ch\/wp-content\/uploads\/2021\/01\/cropped-IMG_8365-1-scaled-1.jpg\" class=\"wp-image-776 style-485-image style-local-265-c9-image\" alt=\"\" srcset=\"https:\/\/comunitatondu.ch\/wp-content\/uploads\/2021\/01\/cropped-IMG_8365-1-scaled-1.jpg 1445w, https:\/\/comunitatondu.ch\/wp-content\/uploads\/2021\/01\/cropped-IMG_8365-1-scaled-1-300x287.jpg 300w, https:\/\/comunitatondu.ch\/wp-content\/uploads\/2021\/01\/cropped-IMG_8365-1-scaled-1-1024x980.jpg 1024w, https:\/\/comunitatondu.ch\/wp-content\/uploads\/2021\/01\/cropped-IMG_8365-1-scaled-1-768x735.jpg 768w, https:\/\/comunitatondu.ch\/wp-content\/uploads\/2021\/01\/cropped-IMG_8365-1-scaled-1-13x12.jpg 13w\" sizes=\"auto, (max-width: 1445px) 100vw, 1445px\" \/>\n                      <div class=\"h-image__frame h-hide-lg h-hide-md h-hide-sm style-485-frameImage style-local-265-c9-frameImage\"><\/div>\n                    <\/div>\n                  <\/div>\n                <\/div>\n                <div data-colibri-id=\"265-c10\" class=\"d-block style-486 style-local-265-c10 position-relative h-element\">\n                  <!---->\n                  <div class=\"h-image__frame-container-outer\">\n                    <div class=\"h-image__frame-container\">\n                      <!---->\n                      <!---->\n                      <img loading=\"lazy\" decoding=\"async\" width=\"1705\" height=\"1704\" src=\"https:\/\/comunitatondu.ch\/wp-content\/uploads\/2021\/01\/cropped-IMG_3774-scaled-1.jpg\" class=\"wp-image-778 style-486-image style-local-265-c10-image\" alt=\"\" srcset=\"https:\/\/comunitatondu.ch\/wp-content\/uploads\/2021\/01\/cropped-IMG_3774-scaled-1.jpg 1705w, https:\/\/comunitatondu.ch\/wp-content\/uploads\/2021\/01\/cropped-IMG_3774-scaled-1-300x300.jpg 300w, https:\/\/comunitatondu.ch\/wp-content\/uploads\/2021\/01\/cropped-IMG_3774-scaled-1-1024x1024.jpg 1024w, https:\/\/comunitatondu.ch\/wp-content\/uploads\/2021\/01\/cropped-IMG_3774-scaled-1-150x150.jpg 150w, https:\/\/comunitatondu.ch\/wp-content\/uploads\/2021\/01\/cropped-IMG_3774-scaled-1-768x768.jpg 768w, https:\/\/comunitatondu.ch\/wp-content\/uploads\/2021\/01\/cropped-IMG_3774-scaled-1-1536x1536.jpg 1536w, https:\/\/comunitatondu.ch\/wp-content\/uploads\/2021\/01\/cropped-IMG_3774-scaled-1-12x12.jpg 12w\" sizes=\"auto, (max-width: 1705px) 100vw, 1705px\" \/>\n                      <div class=\"h-image__frame h-hide-lg h-hide-md h-hide-sm style-486-frameImage style-local-265-c10-frameImage\"><\/div>\n                    <\/div>\n                  <\/div>\n                <\/div>\n              <\/div>\n            <\/div>\n          <\/div>\n        <\/div>\n      <\/div>\n    <\/div>\n  <\/div>\n<\/div>","protected":false},"excerpt":{"rendered":"<p>Produktbeispiel: Naturseife Seit einigen Jahren siede ich Seifen und entwickle Rezepte. Die kaltger\u00fchrte Seife ist vegan und alle Zutaten aus biologischem- oder eigenem Anbau, sie ist biologisch abbaubar. Rezept: 406g kalter Kr\u00e4utertee, Minze, Melisse, Ringelblume\u2026 50g Hydrolat, Lavendel, Thymian\u2026 400g Bio-Kokos\u00f6l 400g Bio-Raps\u00f6l 400g Bio-Oliven\u00f6l, \u00d6l- Auszug Rosmarin, Thymian, Lavendel, Ringelblume\u2026 168g NaOH (Natriumhydroxid), kann [&hellip;]<\/p>","protected":false},"author":1,"featured_media":0,"parent":0,"menu_order":0,"comment_status":"closed","ping_status":"closed","template":"page-templates\/full-width-page.php","meta":{"footnotes":""},"class_list":["post-265","page","type-page","status-publish","hentry"],"yoast_head":"<!-- This site is optimized with the Yoast SEO plugin v22.0 - https:\/\/yoast.com\/wordpress\/plugins\/seo\/ -->\n<title>Seife - Comunita Tond\u00fc<\/title>\n<meta name=\"robots\" content=\"index, follow, max-snippet:-1, max-image-preview:large, max-video-preview:-1\" \/>\n<link rel=\"canonical\" href=\"https:\/\/comunitatondu.ch\/it\/seife\/\" \/>\n<meta property=\"og:locale\" content=\"it_IT\" \/>\n<meta property=\"og:type\" content=\"article\" \/>\n<meta property=\"og:title\" content=\"Seife - Comunita Tond\u00fc\" \/>\n<meta property=\"og:description\" content=\"Produktbeispiel: Naturseife Seit einigen Jahren siede ich Seifen und entwickle Rezepte. Die kaltger\u00fchrte Seife ist vegan und alle Zutaten aus biologischem- oder eigenem Anbau, sie ist biologisch abbaubar. Rezept: 406g kalter Kr\u00e4utertee, Minze, Melisse, Ringelblume\u2026 50g Hydrolat, Lavendel, Thymian\u2026 400g Bio-Kokos\u00f6l 400g Bio-Raps\u00f6l 400g Bio-Oliven\u00f6l, \u00d6l- Auszug Rosmarin, Thymian, Lavendel, Ringelblume\u2026 168g NaOH (Natriumhydroxid), kann [&hellip;]\" \/>\n<meta property=\"og:url\" content=\"https:\/\/comunitatondu.ch\/it\/seife\/\" \/>\n<meta property=\"og:site_name\" content=\"Comunita Tond\u00fc\" \/>\n<meta property=\"article:modified_time\" content=\"2021-01-17T14:10:19+00:00\" \/>\n<meta property=\"og:image\" content=\"https:\/\/comunitatondu.ch\/wp-content\/uploads\/2021\/01\/cropped-seifekl.jpg\" \/>\n<meta name=\"twitter:card\" content=\"summary_large_image\" \/>\n<meta name=\"twitter:label1\" content=\"Tempo di lettura stimato\" \/>\n\t<meta name=\"twitter:data1\" content=\"2 minuti\" \/>\n<script type=\"application\/ld+json\" class=\"yoast-schema-graph\">{\"@context\":\"https:\/\/schema.org\",\"@graph\":[{\"@type\":\"WebPage\",\"@id\":\"https:\/\/comunitatondu.ch\/seife\/\",\"url\":\"https:\/\/comunitatondu.ch\/seife\/\",\"name\":\"Seife - Comunita Tond\u00fc\",\"isPartOf\":{\"@id\":\"https:\/\/comunitatondu.ch\/#website\"},\"datePublished\":\"2021-01-13T09:23:26+00:00\",\"dateModified\":\"2021-01-17T14:10:19+00:00\",\"breadcrumb\":{\"@id\":\"https:\/\/comunitatondu.ch\/seife\/#breadcrumb\"},\"inLanguage\":\"it-IT\",\"potentialAction\":[{\"@type\":\"ReadAction\",\"target\":[\"https:\/\/comunitatondu.ch\/seife\/\"]}]},{\"@type\":\"BreadcrumbList\",\"@id\":\"https:\/\/comunitatondu.ch\/seife\/#breadcrumb\",\"itemListElement\":[{\"@type\":\"ListItem\",\"position\":1,\"name\":\"Home\",\"item\":\"https:\/\/comunitatondu.ch\/\"},{\"@type\":\"ListItem\",\"position\":2,\"name\":\"Seife\"}]},{\"@type\":\"WebSite\",\"@id\":\"https:\/\/comunitatondu.ch\/#website\",\"url\":\"https:\/\/comunitatondu.ch\/\",\"name\":\"Comunita Tond\u00fc\",\"description\":\"Ideenwettbewerb f\u00fcr die Nutzung des Palazzo Tond\u00fc\",\"publisher\":{\"@id\":\"https:\/\/comunitatondu.ch\/#organization\"},\"potentialAction\":[{\"@type\":\"SearchAction\",\"target\":{\"@type\":\"EntryPoint\",\"urlTemplate\":\"https:\/\/comunitatondu.ch\/?s={search_term_string}\"},\"query-input\":\"required name=search_term_string\"}],\"inLanguage\":\"it-IT\"},{\"@type\":\"Organization\",\"@id\":\"https:\/\/comunitatondu.ch\/#organization\",\"name\":\"Comunita Tond\u00fc\",\"url\":\"https:\/\/comunitatondu.ch\/\",\"logo\":{\"@type\":\"ImageObject\",\"inLanguage\":\"it-IT\",\"@id\":\"https:\/\/comunitatondu.ch\/#\/schema\/logo\/image\/\",\"url\":\"https:\/\/comunitatondu.ch\/wp-content\/uploads\/2021\/01\/LOGO2.jpg\",\"contentUrl\":\"https:\/\/comunitatondu.ch\/wp-content\/uploads\/2021\/01\/LOGO2.jpg\",\"width\":1000,\"height\":428,\"caption\":\"Comunita Tond\u00fc\"},\"image\":{\"@id\":\"https:\/\/comunitatondu.ch\/#\/schema\/logo\/image\/\"}}]}<\/script>\n<!-- \/ Yoast SEO plugin. -->","yoast_head_json":{"title":"Seife - Comunita Tond\u00fc","robots":{"index":"index","follow":"follow","max-snippet":"max-snippet:-1","max-image-preview":"max-image-preview:large","max-video-preview":"max-video-preview:-1"},"canonical":"https:\/\/comunitatondu.ch\/it\/seife\/","og_locale":"it_IT","og_type":"article","og_title":"Seife - Comunita Tond\u00fc","og_description":"Produktbeispiel: Naturseife Seit einigen Jahren siede ich Seifen und entwickle Rezepte. Die kaltger\u00fchrte Seife ist vegan und alle Zutaten aus biologischem- oder eigenem Anbau, sie ist biologisch abbaubar. Rezept: 406g kalter Kr\u00e4utertee, Minze, Melisse, Ringelblume\u2026 50g Hydrolat, Lavendel, Thymian\u2026 400g Bio-Kokos\u00f6l 400g Bio-Raps\u00f6l 400g Bio-Oliven\u00f6l, \u00d6l- Auszug Rosmarin, Thymian, Lavendel, Ringelblume\u2026 168g NaOH (Natriumhydroxid), kann [&hellip;]","og_url":"https:\/\/comunitatondu.ch\/it\/seife\/","og_site_name":"Comunita Tond\u00fc","article_modified_time":"2021-01-17T14:10:19+00:00","og_image":[{"url":"https:\/\/comunitatondu.ch\/wp-content\/uploads\/2021\/01\/cropped-seifekl.jpg"}],"twitter_card":"summary_large_image","twitter_misc":{"Tempo di lettura stimato":"2 minuti"},"schema":{"@context":"https:\/\/schema.org","@graph":[{"@type":"WebPage","@id":"https:\/\/comunitatondu.ch\/seife\/","url":"https:\/\/comunitatondu.ch\/seife\/","name":"Seife - Comunita Tond\u00fc","isPartOf":{"@id":"https:\/\/comunitatondu.ch\/#website"},"datePublished":"2021-01-13T09:23:26+00:00","dateModified":"2021-01-17T14:10:19+00:00","breadcrumb":{"@id":"https:\/\/comunitatondu.ch\/seife\/#breadcrumb"},"inLanguage":"it-IT","potentialAction":[{"@type":"ReadAction","target":["https:\/\/comunitatondu.ch\/seife\/"]}]},{"@type":"BreadcrumbList","@id":"https:\/\/comunitatondu.ch\/seife\/#breadcrumb","itemListElement":[{"@type":"ListItem","position":1,"name":"Home","item":"https:\/\/comunitatondu.ch\/"},{"@type":"ListItem","position":2,"name":"Seife"}]},{"@type":"WebSite","@id":"https:\/\/comunitatondu.ch\/#website","url":"https:\/\/comunitatondu.ch\/","name":"Comunita Tond\u00fc","description":"Ideenwettbewerb f\u00fcr die Nutzung des Palazzo Tond\u00fc","publisher":{"@id":"https:\/\/comunitatondu.ch\/#organization"},"potentialAction":[{"@type":"SearchAction","target":{"@type":"EntryPoint","urlTemplate":"https:\/\/comunitatondu.ch\/?s={search_term_string}"},"query-input":"required name=search_term_string"}],"inLanguage":"it-IT"},{"@type":"Organization","@id":"https:\/\/comunitatondu.ch\/#organization","name":"Comunita Tond\u00fc","url":"https:\/\/comunitatondu.ch\/","logo":{"@type":"ImageObject","inLanguage":"it-IT","@id":"https:\/\/comunitatondu.ch\/#\/schema\/logo\/image\/","url":"https:\/\/comunitatondu.ch\/wp-content\/uploads\/2021\/01\/LOGO2.jpg","contentUrl":"https:\/\/comunitatondu.ch\/wp-content\/uploads\/2021\/01\/LOGO2.jpg","width":1000,"height":428,"caption":"Comunita Tond\u00fc"},"image":{"@id":"https:\/\/comunitatondu.ch\/#\/schema\/logo\/image\/"}}]}},"_links":{"self":[{"href":"https:\/\/comunitatondu.ch\/it\/wp-json\/wp\/v2\/pages\/265","targetHints":{"allow":["GET"]}}],"collection":[{"href":"https:\/\/comunitatondu.ch\/it\/wp-json\/wp\/v2\/pages"}],"about":[{"href":"https:\/\/comunitatondu.ch\/it\/wp-json\/wp\/v2\/types\/page"}],"author":[{"embeddable":true,"href":"https:\/\/comunitatondu.ch\/it\/wp-json\/wp\/v2\/users\/1"}],"replies":[{"embeddable":true,"href":"https:\/\/comunitatondu.ch\/it\/wp-json\/wp\/v2\/comments?post=265"}],"version-history":[{"count":4,"href":"https:\/\/comunitatondu.ch\/it\/wp-json\/wp\/v2\/pages\/265\/revisions"}],"predecessor-version":[{"id":1546,"href":"https:\/\/comunitatondu.ch\/it\/wp-json\/wp\/v2\/pages\/265\/revisions\/1546"}],"wp:attachment":[{"href":"https:\/\/comunitatondu.ch\/it\/wp-json\/wp\/v2\/media?parent=265"}],"curies":[{"name":"wp","href":"https:\/\/api.w.org\/{rel}","templated":true}]}}