{"id":260,"date":"2021-01-13T10:20:20","date_gmt":"2021-01-13T09:20:20","guid":{"rendered":"https:\/\/comunitatondu.ch\/?page_id=260"},"modified":"2021-01-26T20:35:22","modified_gmt":"2021-01-26T19:35:22","slug":"organisation","status":"publish","type":"page","link":"https:\/\/comunitatondu.ch\/it\/organisation\/","title":{"rendered":"Concetto operativo"},"content":{"rendered":"<div data-colibri-id=\"260-c1\" class=\"style-652 style-local-260-c1 position-relative\">\n  <!---->\n  <div data-colibri-component=\"section\" data-colibri-id=\"260-c2\" id=\"custom\" class=\"h-section h-section-global-spacing d-flex align-items-lg-center align-items-md-center align-items-center style-653 style-local-260-c2 position-relative\">\n    <!---->\n    <!---->\n    <div class=\"h-section-grid-container h-section-boxed-container\">\n      <!---->\n      <div data-colibri-id=\"260-c3\" class=\"h-row-container gutters-row-lg-2 gutters-row-md-2 gutters-row-0 gutters-row-v-lg-2 gutters-row-v-md-2 gutters-row-v-2 style-654 style-local-260-c3 position-relative\">\n        <!---->\n        <div class=\"h-row justify-content-lg-center justify-content-md-center justify-content-center align-items-lg-stretch align-items-md-stretch align-items-stretch gutters-col-lg-2 gutters-col-md-2 gutters-col-0 gutters-col-v-lg-2 gutters-col-v-md-2 gutters-col-v-2\">\n          <!---->\n          <div class=\"h-column h-column-container d-flex h-col-lg-auto h-col-md-auto h-col-auto style-655-outer style-local-260-c4-outer\">\n            <div data-colibri-id=\"260-c4\" class=\"d-flex h-flex-basis h-column__inner h-px-lg-2 h-px-md-2 h-px-2 v-inner-lg-2 v-inner-md-2 v-inner-2 style-655 style-local-260-c4 position-relative\">\n              <!---->\n              <!---->\n              <div class=\"w-100 h-y-container h-column__content h-column__v-align flex-basis-100 align-self-lg-start align-self-md-start align-self-start\">\n                <!---->\n                <div data-colibri-id=\"260-c5\" class=\"h-global-transition-all h-heading style-658 style-local-260-c5 position-relative h-element\">\n                  <!---->\n                  <div class=\"h-heading__outer style-658 style-local-260-c5\">\n                    <!---->\n                    <!---->\n                    <h3 class=\"\">Concetto operativo<\/h3>\n                  <\/div>\n                <\/div>\n                <div data-colibri-id=\"260-c6\" class=\"h-text h-text-component style-657 style-local-260-c6 position-relative h-element\">\n                  <!---->\n                  <!---->\n                  <div class=\"\">\n                    <p>L'azienda \u00e8 gestita da un'associazione, una comunit\u00e0. Persone che si impiegano per una causa per convinzione senza aspettarsi molti soldi. I vari compiti sono distribuiti tra le persone, ad esempio: Prenotazione dei pernottamenti, presenza sui social media, organizzazione di eventi, cura degli ospiti, tutto ci\u00f2 che ha a che fare con la vendita dei prodotti, pagina web, conduzione di workshop... Quindi c'\u00e8 un gestibile numero di ore per ogni individuo e ognuno pu\u00f2 contribuire nei propri punti di forza e interessi. <\/p>\n                    <p> <\/p>\n                    <p>L'obiettivo \u00e8 che Palazzo Tond\u00fc diventi autosufficiente, e dovrebbe anche stimolare l'economia locale, a vantaggio di tutti nella valle. Vendendo i prodotti locali, di cui una certa parte del reddito va al Palazzo, si tiene in vita e la gente della valle pu\u00f2 guadagnare qualcosa. Inoltre, c'\u00e8 il reddito dalla camera a pi\u00f9 letti 15.-Fr.\/notte e letto, i residenti permanenti 300.-fr \/ mese per camera, l'affitto della sala, cucina e giardino per eventi, affitto di gruppi che qui producono prodotti e donazioni. I seminari possono essere tenuti, ad esempio, dai produttori dei prodotti che vengono venduti. Gli affitti per le stanze sono volutamente bassi in modo che i residenti possano lavorare qui senza grandi pressioni economiche. Anche a loro vengono affidati compiti come lavare le lenzuola, pulire il bagno e la cucina. Anche qui lo sforzo di ogni individuo dovrebbe essere limitato, ma c'\u00e8 un grande vantaggio per la comunit\u00e0 del Palazzo Tond\u00fc. <\/p>\n                    <p>Un giorno di visita aperta a tutti con musica e buon cibo pu\u00f2 portare denaro aggiuntivo al fondo comunitario e far conoscere meglio le attivit\u00e0.<\/p>\n                    <p>Con il sistema dell'agricoltura solidale si possono produrre in grandi quantit\u00e0 vari prodotti come farina di castagne, grappa, birra, aceto balsamico, polenta. <\/p>\n                    <p>Ecco un esempio per i prodotti a base di castagne: una comunit\u00e0 di circa 30 persone paga un piccolo contributo per coprire investimenti come il mulino, la pelatrice, il materiale di confezionamento, gli ingredienti ... Tutti aiutano con la raccolta e la lavorazione delle castagne in autunno. In cambio, ricevono i prodotti locali che hanno contribuito a produrre. Invece dell'affitto, alcuni prodotti vanno al palazzo, che poi vengono venduti nella cantina a volta. Il ricavato di questo verr\u00e0 utilizzato per la manutenzione del palazzo. <\/p>\n                    <p>In questo esempio non c'\u00e8 bisogno di un produttore perch\u00e9 le castagne crescono nel bosco e il lavoro \u00e8 necessario solo in autunno. Ad esempio, con la birra \u00e8 gi\u00e0 diverso, perch\u00e9 \u00e8 un po' pi\u00f9 complesso. Qui ce bisogno di un mastro birraio che lavori pi\u00f9 degli altri membri. Quindi qui il gruppo deve dare un contributo leggermente pi\u00f9 alto per pagare il salario del mastro birraio. In cambio, ricevono birra prodotta localmente. Forse qualcuno coltiver\u00e0 persino luppolo o orzo.<\/p>\n                    <p>Il rischio, il lavoro ed i prodotti vengono distribuiti nel gruppo. \u00c8 il gruppo che decide se vendere una parte dei prodotti, se fare nuovi investimenti, se aggiungere nuovi membri ... <\/p>\n                    <p>Non ci sar\u00e0 un inquilino che da solo sopporta il rischio o incassa il profitto. Il Palazzo Tond\u00fc \u00e8 gestito da una comunit\u00e0. Questo tipo di economia \u00e8 molto pi\u00f9 resiliente e sostenibile. A causa dei diversi rami di reddito, il sistema \u00e8 pi\u00f9 stabile di uno specializzato solo in una cosa. La comunit\u00e0 \u00e8 composta da diversi gruppi o circoli, come la finanza, la manutenzione degli edifici, le castagne. In questi circoli ci sono diversi ruoli come le castagne: raccogliere, sbucciare, lavorare.<\/p>\n                    <p>Ogni membro della comunit\u00e0 di Tond\u00fc assume uno o pi\u00f9 ruoli, in uno o pi\u00f9 circoli. I ruoli sono chiaramente definiti. Ma non sono rigidi, possono essere facilmente regolati. I ruoli possono essere assunti anche con breve preavviso. Ad esempio, quando i visitatori aiutano a raccogliere le castagne per 1-2 giorni. I cerchi possono scrivere sulla pagina web se cercano persone. Chi vuole aiutare pu\u00f2 registrarsi qui, ad esempio per partecipare alla raccolta delle castagne. Ogni cerchio ha un coordinatore che comunica con i coordinatori degli altri cerchi per organizzare la comunit\u00e0.<\/p>\n                    <p>\n                      <br>\n                    <\/p>\n                  <\/div>\n                <\/div>\n              <\/div>\n            <\/div>\n          <\/div>\n          <div class=\"h-column h-column-container d-flex h-col-lg-auto h-col-md-auto h-col-auto style-656-outer style-local-260-c7-outer\">\n            <div data-colibri-id=\"260-c7\" class=\"d-flex h-flex-basis h-column__inner h-px-lg-2 h-px-md-2 h-px-2 v-inner-lg-2 v-inner-md-2 v-inner-2 style-656 style-local-260-c7 position-relative\">\n              <!---->\n              <!---->\n              <div class=\"w-100 h-y-container h-column__content h-column__v-align flex-basis-100 align-self-lg-start align-self-md-start align-self-start\">\n                <!---->\n                <div data-colibri-id=\"260-c8\" class=\"d-block style-659 style-local-260-c8 position-relative h-element\">\n                  <!---->\n                  <div class=\"h-image__frame-container-outer\">\n                    <div class=\"h-image__frame-container\">\n                      <!---->\n                      <!---->\n                      <img loading=\"lazy\" decoding=\"async\" width=\"2226\" height=\"2676\" src=\"https:\/\/comunitatondu.ch\/wp-content\/uploads\/2021\/01\/holo.png\" class=\"wp-image-1091 style-659-image style-local-260-c8-image\" alt=\"\" srcset=\"https:\/\/comunitatondu.ch\/wp-content\/uploads\/2021\/01\/holo.png 2226w, https:\/\/comunitatondu.ch\/wp-content\/uploads\/2021\/01\/holo-250x300.png 250w, https:\/\/comunitatondu.ch\/wp-content\/uploads\/2021\/01\/holo-852x1024.png 852w, https:\/\/comunitatondu.ch\/wp-content\/uploads\/2021\/01\/holo-768x923.png 768w, https:\/\/comunitatondu.ch\/wp-content\/uploads\/2021\/01\/holo-1278x1536.png 1278w, https:\/\/comunitatondu.ch\/wp-content\/uploads\/2021\/01\/holo-1704x2048.png 1704w, https:\/\/comunitatondu.ch\/wp-content\/uploads\/2021\/01\/holo-10x12.png 10w\" sizes=\"auto, (max-width: 2226px) 100vw, 2226px\" \/>\n                      <div class=\"h-image__frame h-hide-lg h-hide-md h-hide-sm style-659-frameImage style-local-260-c8-frameImage\"><\/div>\n                    <\/div>\n                  <\/div>\n                <\/div>\n              <\/div>\n            <\/div>\n          <\/div>\n        <\/div>\n      <\/div>\n    <\/div>\n  <\/div>\n  <div data-colibri-component=\"section\" data-colibri-id=\"260-c9\" id=\"custom-2\" class=\"h-section h-section-global-spacing d-flex align-items-lg-center align-items-md-center align-items-center style-660 style-local-260-c9 position-relative\">\n    <!---->\n    <!---->\n    <div class=\"h-section-grid-container h-section-boxed-container\">\n      <!---->\n      <div data-colibri-id=\"260-c10\" class=\"h-row-container gutters-row-lg-2 gutters-row-md-2 gutters-row-0 gutters-row-v-lg-2 gutters-row-v-md-2 gutters-row-v-2 style-661 style-local-260-c10 position-relative\">\n        <!---->\n        <div class=\"h-row justify-content-lg-center justify-content-md-center justify-content-center align-items-lg-stretch align-items-md-stretch align-items-stretch gutters-col-lg-2 gutters-col-md-2 gutters-col-0 gutters-col-v-lg-2 gutters-col-v-md-2 gutters-col-v-2\">\n          <!---->\n          <div class=\"h-column h-column-container d-flex h-col-lg-auto h-col-md-auto h-col-auto style-662-outer style-local-260-c11-outer\">\n            <div data-colibri-id=\"260-c11\" class=\"d-flex h-flex-basis h-column__inner h-px-lg-2 h-px-md-2 h-px-2 v-inner-lg-2 v-inner-md-2 v-inner-2 style-662 style-local-260-c11 position-relative\">\n              <!---->\n              <!---->\n              <div class=\"w-100 h-y-container h-column__content h-column__v-align flex-basis-100 align-self-lg-start align-self-md-start align-self-start\">\n                <!---->\n                <div data-colibri-id=\"260-c12\" class=\"h-text h-text-component style-663 style-local-260-c12 position-relative h-element\">\n                  <!---->\n                  <!---->\n                  <div class=\"\">\n                    <p>Costo - Reddito\n                      <br>Se c'\u00e8 poca attivit\u00e0 nel Palazzo, i costi di gestione sono limitati ai costi operativi di base. Con l'aumento dell'attivit\u00e0 nel Palazzo, i costi per l'operazione aumentano parallelamente alle entrate.\nQuindi puoi dire attivit\u00e0 bassa a basso costo, alta attivit\u00e0 ad alto reddito.<\/p>\n                    <p>Fonti di reddito:\n                      <br>- Affitto di stanze in affitto a lungo termine\n                      <br>- Pernottamento in camera condivisa\n                      <br>- Vendita di prodotti della valle\n                      <br>- Vendita di prodotti realizzati nel palazzo\n                      <br>- Entrate per eventi e workshop<\/p>\n                    <p>Spesa:\n                      <br>- Costi operativi di base come mutuo, spese di allacciamento, tasse\n                      <br>- Spese condominiali elettricit\u00e0, acqua, manutenzione<\/p>\n                    <p>Eventuali vincite:\n                      <br>Verr\u00e0 investito nella manutenzione del palazzo, in nuovi progetti o nell'ampliamento di ulteriori Rustici per accogliere ancora pi\u00f9 visitatori.<\/p>\n                    <p>Esempi di progetti simili:\n                      <br>Progetti simili:\n                      <a href=\"http:\/\/www.murhoferhus.ch\" target=\"_blank\" class=\"customize-unpreviewable\" rel=\"noopener\">www.murhoferhus.ch<\/a> ,\n                      <a href=\"http:\/\/www.gass1911.ch\" target=\"_blank\" class=\"customize-unpreviewable\" rel=\"noopener\">www.gass1911.ch<\/a> solo in fase di progetto\n                      <br>Mascotte: Riesenwald a Elm\n                      <a href=\"http:\/\/www.riesenwald.ch\" target=\"_blank\" class=\"customize-unpreviewable\" rel=\"noopener\">www.riesenwald.ch<\/a>\n                      <br>Agricoltura solidale:\n                      <a href=\"http:\/\/www.solawi.ch\" target=\"_blank\" class=\"customize-unpreviewable\" rel=\"noopener\">www.solawi.ch<\/a>,\n                      <a href=\"http:\/\/www.solawi-erlengut.ch\" target=\"_blank\" class=\"customize-unpreviewable\" rel=\"noopener\">www.solawi-erlengut.ch<\/a>\n                      <br>Prodotti locali:\n                      <a href=\"http:\/\/www.facebook.com\/groups\/496379687381205\" target=\"_blank\" class=\"customize-unpreviewable\" rel=\"noopener\">www.facebook.com\/groups\/496379687381205<\/a>\n                      <br>Holacracy:\n                      <a href=\"http:\/\/www.freitag.ch\/de\/holacracy-short\" target=\"_blank\" class=\"customize-unpreviewable\" rel=\"noopener\">www.freitag.ch\/de\/holacracy-short<\/a>\n                    <\/p>\n                    <p>\n                      <br>\n                    <\/p>\n                    <p>Copertura degli obiettivi della fondazione<\/p>\n                    <p>-Ripristina senza modificare la struttura\n                      <br>Il progetto non prevede modifiche alla struttura dell'edificio.<\/p>\n                    <p>-Dare al Palazzo un obiettivo e una gestione sostenibile, compatibile con gli obiettivi della Fondazione\n                      <br>Obiettivo del palazzo: vendita e lavorazione di prodotti tipici, affitto di locali per abitazione \/ lavoro, per turisti ed eventi\n                      <br>Amministrazione: viene rilevata da una comunit\u00e0 (associazione)<\/p>\n                    <p>- Portare vitalit\u00e0 all'area economicamente fragile\n                      <br>L'economia \u00e8 stimolata dalla produzione e vendita di prodotti locali. Il villaggio diventa pi\u00f9 vivace affittando stanze per vivere e lavorare.\n                      <br>Si promuove il turismo con la mascotte e il palazzo. L'agricoltura trae vantaggio dalla vendita di prodotti.<\/p>\n                    <p>- Contribuire alla rinascita del patrimonio socio-culturale delle Centovalli\n                      <br>Le castagne, che per molto tempo qui sono state l'alimento base, vengono riciclate. Per la polenta si possono coltivare anche variet\u00e0 di mais antico.\n                      <br>I nostri vicini ci hanno detto che ogni estate tutti gli uomini del villaggio costruivano una casa per una famiglia. La casa di un'altra famiglia l'anno prossimo. Quindi un'altra eredit\u00e0 socio-culturale \u00e8 la collaborazione.<\/p>\n                    <p>\n                      <br>\n                    <\/p>\n                  <\/div>\n                <\/div>\n              <\/div>\n            <\/div>\n          <\/div>\n        <\/div>\n      <\/div>\n    <\/div>\n  <\/div>\n<\/div>","protected":false},"excerpt":{"rendered":"<p>Betriebskonzept Der Betrieb wird von einem Verein, einer Gemeinschaft gef\u00fchrt. Menschen, die sich aus \u00dcberzeugung f\u00fcr die Sache einsetzen, ohne daf\u00fcr viel Geld zu erwarten. Die verschiedenen Aufgaben werden auf die Leute verteilt, z.B. Buchung der \u00dcbernachtungen, Social Media Auftritt, Organisation Events, G\u00e4stebetreuung, alles was mit dem Verkauf der Produkte zu tun hat, Homepage, Durchf\u00fchrung [&hellip;]<\/p>","protected":false},"author":1,"featured_media":0,"parent":0,"menu_order":0,"comment_status":"closed","ping_status":"closed","template":"page-templates\/full-width-page.php","meta":{"footnotes":""},"class_list":["post-260","page","type-page","status-publish","hentry"],"yoast_head":"<!-- This site is optimized with the Yoast SEO plugin v22.0 - https:\/\/yoast.com\/wordpress\/plugins\/seo\/ -->\n<title>Organisation - Comunita Tond\u00fc<\/title>\n<meta name=\"robots\" content=\"index, follow, max-snippet:-1, max-image-preview:large, max-video-preview:-1\" \/>\n<link rel=\"canonical\" href=\"https:\/\/comunitatondu.ch\/it\/organisation\/\" \/>\n<meta property=\"og:locale\" content=\"it_IT\" \/>\n<meta property=\"og:type\" content=\"article\" \/>\n<meta property=\"og:title\" content=\"Organisation - Comunita Tond\u00fc\" \/>\n<meta property=\"og:description\" content=\"Betriebskonzept Der Betrieb wird von einem Verein, einer Gemeinschaft gef\u00fchrt. Menschen, die sich aus \u00dcberzeugung f\u00fcr die Sache einsetzen, ohne daf\u00fcr viel Geld zu erwarten. Die verschiedenen Aufgaben werden auf die Leute verteilt, z.B. Buchung der \u00dcbernachtungen, Social Media Auftritt, Organisation Events, G\u00e4stebetreuung, alles was mit dem Verkauf der Produkte zu tun hat, Homepage, Durchf\u00fchrung [&hellip;]\" \/>\n<meta property=\"og:url\" content=\"https:\/\/comunitatondu.ch\/it\/organisation\/\" \/>\n<meta property=\"og:site_name\" content=\"Comunita Tond\u00fc\" \/>\n<meta property=\"article:modified_time\" content=\"2021-01-26T19:35:22+00:00\" \/>\n<meta property=\"og:image\" content=\"https:\/\/comunitatondu.ch\/wp-content\/uploads\/2021\/01\/holo.png\" \/>\n<meta name=\"twitter:card\" content=\"summary_large_image\" \/>\n<meta name=\"twitter:label1\" content=\"Tempo di lettura stimato\" \/>\n\t<meta name=\"twitter:data1\" content=\"5 minuti\" \/>\n<script type=\"application\/ld+json\" class=\"yoast-schema-graph\">{\"@context\":\"https:\/\/schema.org\",\"@graph\":[{\"@type\":\"WebPage\",\"@id\":\"https:\/\/comunitatondu.ch\/organisation\/\",\"url\":\"https:\/\/comunitatondu.ch\/organisation\/\",\"name\":\"Organisation - Comunita Tond\u00fc\",\"isPartOf\":{\"@id\":\"https:\/\/comunitatondu.ch\/#website\"},\"datePublished\":\"2021-01-13T09:20:20+00:00\",\"dateModified\":\"2021-01-26T19:35:22+00:00\",\"breadcrumb\":{\"@id\":\"https:\/\/comunitatondu.ch\/organisation\/#breadcrumb\"},\"inLanguage\":\"it-IT\",\"potentialAction\":[{\"@type\":\"ReadAction\",\"target\":[\"https:\/\/comunitatondu.ch\/organisation\/\"]}]},{\"@type\":\"BreadcrumbList\",\"@id\":\"https:\/\/comunitatondu.ch\/organisation\/#breadcrumb\",\"itemListElement\":[{\"@type\":\"ListItem\",\"position\":1,\"name\":\"Home\",\"item\":\"https:\/\/comunitatondu.ch\/\"},{\"@type\":\"ListItem\",\"position\":2,\"name\":\"Organisation\"}]},{\"@type\":\"WebSite\",\"@id\":\"https:\/\/comunitatondu.ch\/#website\",\"url\":\"https:\/\/comunitatondu.ch\/\",\"name\":\"Comunita Tond\u00fc\",\"description\":\"Ideenwettbewerb f\u00fcr die Nutzung des Palazzo Tond\u00fc\",\"publisher\":{\"@id\":\"https:\/\/comunitatondu.ch\/#organization\"},\"potentialAction\":[{\"@type\":\"SearchAction\",\"target\":{\"@type\":\"EntryPoint\",\"urlTemplate\":\"https:\/\/comunitatondu.ch\/?s={search_term_string}\"},\"query-input\":\"required name=search_term_string\"}],\"inLanguage\":\"it-IT\"},{\"@type\":\"Organization\",\"@id\":\"https:\/\/comunitatondu.ch\/#organization\",\"name\":\"Comunita Tond\u00fc\",\"url\":\"https:\/\/comunitatondu.ch\/\",\"logo\":{\"@type\":\"ImageObject\",\"inLanguage\":\"it-IT\",\"@id\":\"https:\/\/comunitatondu.ch\/#\/schema\/logo\/image\/\",\"url\":\"https:\/\/comunitatondu.ch\/wp-content\/uploads\/2021\/01\/LOGO2.jpg\",\"contentUrl\":\"https:\/\/comunitatondu.ch\/wp-content\/uploads\/2021\/01\/LOGO2.jpg\",\"width\":1000,\"height\":428,\"caption\":\"Comunita Tond\u00fc\"},\"image\":{\"@id\":\"https:\/\/comunitatondu.ch\/#\/schema\/logo\/image\/\"}}]}<\/script>\n<!-- \/ Yoast SEO plugin. -->","yoast_head_json":{"title":"Organisation - Comunita Tond\u00fc","robots":{"index":"index","follow":"follow","max-snippet":"max-snippet:-1","max-image-preview":"max-image-preview:large","max-video-preview":"max-video-preview:-1"},"canonical":"https:\/\/comunitatondu.ch\/it\/organisation\/","og_locale":"it_IT","og_type":"article","og_title":"Organisation - Comunita Tond\u00fc","og_description":"Betriebskonzept Der Betrieb wird von einem Verein, einer Gemeinschaft gef\u00fchrt. Menschen, die sich aus \u00dcberzeugung f\u00fcr die Sache einsetzen, ohne daf\u00fcr viel Geld zu erwarten. Die verschiedenen Aufgaben werden auf die Leute verteilt, z.B. Buchung der \u00dcbernachtungen, Social Media Auftritt, Organisation Events, G\u00e4stebetreuung, alles was mit dem Verkauf der Produkte zu tun hat, Homepage, Durchf\u00fchrung [&hellip;]","og_url":"https:\/\/comunitatondu.ch\/it\/organisation\/","og_site_name":"Comunita Tond\u00fc","article_modified_time":"2021-01-26T19:35:22+00:00","og_image":[{"url":"https:\/\/comunitatondu.ch\/wp-content\/uploads\/2021\/01\/holo.png"}],"twitter_card":"summary_large_image","twitter_misc":{"Tempo di lettura stimato":"5 minuti"},"schema":{"@context":"https:\/\/schema.org","@graph":[{"@type":"WebPage","@id":"https:\/\/comunitatondu.ch\/organisation\/","url":"https:\/\/comunitatondu.ch\/organisation\/","name":"Organisation - Comunita Tond\u00fc","isPartOf":{"@id":"https:\/\/comunitatondu.ch\/#website"},"datePublished":"2021-01-13T09:20:20+00:00","dateModified":"2021-01-26T19:35:22+00:00","breadcrumb":{"@id":"https:\/\/comunitatondu.ch\/organisation\/#breadcrumb"},"inLanguage":"it-IT","potentialAction":[{"@type":"ReadAction","target":["https:\/\/comunitatondu.ch\/organisation\/"]}]},{"@type":"BreadcrumbList","@id":"https:\/\/comunitatondu.ch\/organisation\/#breadcrumb","itemListElement":[{"@type":"ListItem","position":1,"name":"Home","item":"https:\/\/comunitatondu.ch\/"},{"@type":"ListItem","position":2,"name":"Organisation"}]},{"@type":"WebSite","@id":"https:\/\/comunitatondu.ch\/#website","url":"https:\/\/comunitatondu.ch\/","name":"Comunita Tond\u00fc","description":"Ideenwettbewerb f\u00fcr die Nutzung des Palazzo Tond\u00fc","publisher":{"@id":"https:\/\/comunitatondu.ch\/#organization"},"potentialAction":[{"@type":"SearchAction","target":{"@type":"EntryPoint","urlTemplate":"https:\/\/comunitatondu.ch\/?s={search_term_string}"},"query-input":"required name=search_term_string"}],"inLanguage":"it-IT"},{"@type":"Organization","@id":"https:\/\/comunitatondu.ch\/#organization","name":"Comunita Tond\u00fc","url":"https:\/\/comunitatondu.ch\/","logo":{"@type":"ImageObject","inLanguage":"it-IT","@id":"https:\/\/comunitatondu.ch\/#\/schema\/logo\/image\/","url":"https:\/\/comunitatondu.ch\/wp-content\/uploads\/2021\/01\/LOGO2.jpg","contentUrl":"https:\/\/comunitatondu.ch\/wp-content\/uploads\/2021\/01\/LOGO2.jpg","width":1000,"height":428,"caption":"Comunita Tond\u00fc"},"image":{"@id":"https:\/\/comunitatondu.ch\/#\/schema\/logo\/image\/"}}]}},"_links":{"self":[{"href":"https:\/\/comunitatondu.ch\/it\/wp-json\/wp\/v2\/pages\/260","targetHints":{"allow":["GET"]}}],"collection":[{"href":"https:\/\/comunitatondu.ch\/it\/wp-json\/wp\/v2\/pages"}],"about":[{"href":"https:\/\/comunitatondu.ch\/it\/wp-json\/wp\/v2\/types\/page"}],"author":[{"embeddable":true,"href":"https:\/\/comunitatondu.ch\/it\/wp-json\/wp\/v2\/users\/1"}],"replies":[{"embeddable":true,"href":"https:\/\/comunitatondu.ch\/it\/wp-json\/wp\/v2\/comments?post=260"}],"version-history":[{"count":16,"href":"https:\/\/comunitatondu.ch\/it\/wp-json\/wp\/v2\/pages\/260\/revisions"}],"predecessor-version":[{"id":2113,"href":"https:\/\/comunitatondu.ch\/it\/wp-json\/wp\/v2\/pages\/260\/revisions\/2113"}],"wp:attachment":[{"href":"https:\/\/comunitatondu.ch\/it\/wp-json\/wp\/v2\/media?parent=260"}],"curies":[{"name":"wp","href":"https:\/\/api.w.org\/{rel}","templated":true}]}}