{"id":256,"date":"2021-01-13T10:18:33","date_gmt":"2021-01-13T09:18:33","guid":{"rendered":"https:\/\/comunitatondu.ch\/?page_id=256"},"modified":"2021-01-26T20:23:42","modified_gmt":"2021-01-26T19:23:42","slug":"raumkonzept","status":"publish","type":"page","link":"https:\/\/comunitatondu.ch\/it\/raumkonzept\/","title":{"rendered":"Concetto di spazio"},"content":{"rendered":"<div data-colibri-id=\"256-c1\" class=\"style-496 style-local-256-c1 position-relative\">\n  <!---->\n  <div data-colibri-component=\"section\" data-colibri-id=\"256-c2\" id=\"photo-gallery\" class=\"h-section h-section-global-spacing d-flex align-items-lg-center align-items-md-center align-items-center style-548 style-local-256-c2 position-relative\">\n    <!---->\n    <!---->\n    <div class=\"h-section-grid-container h-section-boxed-container\">\n      <!---->\n      <div data-colibri-id=\"256-c3\" class=\"h-row-container gutters-row-lg-1 gutters-row-md-1 gutters-row-2 gutters-row-v-lg-1 gutters-row-v-md-1 gutters-row-v-2 style-549 style-local-256-c3 position-relative\">\n        <!---->\n        <div class=\"h-row justify-content-lg-center justify-content-md-center justify-content-center align-items-lg-stretch align-items-md-stretch align-items-stretch gutters-col-lg-1 gutters-col-md-1 gutters-col-2 gutters-col-v-lg-1 gutters-col-v-md-1 gutters-col-v-2\">\n          <!---->\n          <div class=\"h-column h-column-container d-flex h-col-lg-auto h-col-md-auto h-col-auto style-550-outer style-local-256-c4-outer\">\n            <div data-colibri-id=\"256-c4\" class=\"d-flex h-flex-basis h-column__inner h-px-lg-2 h-px-md-2 h-px-2 v-inner-lg-2 v-inner-md-2 v-inner-2 style-550 style-local-256-c4 position-relative\">\n              <!---->\n              <!---->\n              <div class=\"w-100 h-y-container h-column__content h-column__v-align flex-basis-100 align-self-lg-center align-self-md-center align-self-center\">\n                <!---->\n                <div data-colibri-id=\"256-c5\" class=\"h-global-transition-all h-heading style-551 style-local-256-c5 position-relative h-element\">\n                  <!---->\n                  <div class=\"h-heading__outer style-551 style-local-256-c5\">\n                    <!---->\n                    <!---->\n                    <h3 class=\"\">Concetto di spazio<\/h3>\n                  <\/div>\n                <\/div>\n                <div data-colibri-id=\"256-c6\" class=\"h-lead h-text h-text-component style-552 style-local-256-c6 position-relative h-element\">\n                  <!---->\n                  <!---->\n                  <div class=\"\">\n                    <p><span style=\"font-weight: 600;\">Locatari a lungo termine&nbsp;<\/span><\/p>\n                    <p>Le 4 stanze di 20m2 sono predisposte per gli inquilini a lungo termine per vivere e lavorare. 300.-Fr. al mese\n                      <br>Ogni 2 di queste camere condividono una sala comune di 17 m2 con una piccola cucina e tavoli per t\u00e8 e caff\u00e8.\nLe camere hanno un buon collegamento internet e sono moderne e funzionali.&nbsp;<\/p>\n                    <p><span style=\"font-weight: 600;\">Camera a pi\u00f9 letti<\/span>\n                      <br>Camera di 30 m2 al primo piano, 3 letti a castello in una stanza. 15.-Fr. per letto \/ notte\n                      <br>Per soggiorni pi\u00f9 brevi per viaggiatori singoli o piccoli gruppi fino a 6 persone. Non tutti possono e vogliono permettersi una camera d'albergo. Anche qui dovrebbe essere offerta un'alternativa economica. Non viene offerto cibo, ma l\u2019uso condiviso della cucina.<\/p>\n                    <p>Tutte le altre sale sono aperte al pubblico:<\/p>\n                    <p><span style=\"font-weight: 600;\">Cucina<\/span>\n                      <br>La cucina come punto focale, come spazio comunitario per residenti, ospiti e visitatori. Qui i residenti possono cucinare o preparare il cibo per piccole feste. Si possono fare dei workshop di cucina, qui vengono elaborati i prodotti in vendita. Durante l'alta stagione, si pu\u00f2 aprire una caffetteria che offre specialit\u00e0 locali come i gelati fatti in casa.<\/p>\n                    <p><span style=\"font-weight: 600;\">Giardino<\/span>\n                      <br>Ci sono alcuni tavoli dove uno pu\u00f2 gustare le specialit\u00e0 o un caff\u00e8.<\/p>\n                    <p><span style=\"font-weight: 600;\">Cantina a volta<\/span>\n                      <br>Er wird zur kleinen &#8220;Markthalle&#8221;. Hier werden Gem\u00fcse, Honig, Konfit\u00fcre, Tee, usw. verkauft. Geliefert werden die Produkte von den Bewohnern des Centovalli oder sie werden gleich vor Ort hergestellt. Viele haben G\u00e4rten, wo sie gesundes\n                      Gem\u00fcse anbauen, es gibt Bauern und Imker deren Bienen leckeren Honig machen. Die Vielfalt der Bewohner und der Natur im Tal kommen hier zum Ausdruck. In Zeiten, in denen wenig Betrieb herrscht, kann eine Selbstbedienungskasse eingerichtet\n                      werden.<\/p>\n                    <p><span style=\"font-weight: 600;\">Stanza multifunzione<\/span>\n                      <br>Nella grande sala al piano terra si possono svolgersi conferenze, workshop, piccoli concerti e cos\u00ec via. Quando non ce nulla, pu\u00f2 essere utilizzato come zona pranzo o salotto e possono essere offerti prodotti.<\/p>\n                    <p><span style=\"font-weight: 600;\">Cortile interno<\/span>\n                      <br>Una grande scatola con costumi, un tavolo da trucco e uno specchio sono disponibili nel cortile per piccoli e grandi pagliacci.<\/p>\n                    <p><span style=\"font-weight: 600;\">WC\/docce<\/span>\n                      <br>WC e docce sono al piano terra.<\/p>\n                    <p><span style=\"font-weight: 600;\">Officina \/ studio<\/span>\n                      <br>Lavorazione del legno, riparazione di elettrodomestici, officine di biciclette, macchine da cucire, tutto ci\u00f2 di cui hai bisogno per essere creativo pu\u00f2 essere trovato qui. I residenti possono lavorare qui, i residenti della valle possono incontrarsi qui per ricamare insieme e possono essere tenuti dei workshop.<\/p>\n                    <p>Tutti gli spazi pubblici possono essere utilizzati per offrire prodotti. Ad esempio immagini sul muro, sculture nel corridoio, sapone nel bagno...<\/p>\n                    <p><span style=\"font-weight: 600;\">Cantina-sottotetto<\/span>\n                      <br>A seconda delle esigenze degli utenti del palazzo, nelle stanze attigue possono essere realizzati: birreria, panificio, essiccatoio per erbe, castagne, frutta ...\n                      <br>\n                      <br>\u00a9 Piano base\n                      <a href=\"https:\/\/plank.ch\" target=\"_blank\" rel=\"noopener\">Plank &amp; Partners Architetti sagl<\/a>\n                    <\/p>\n                  <\/div>\n                <\/div>\n              <\/div>\n            <\/div>\n          <\/div>\n          <div class=\"h-column h-column-container d-flex h-col-lg-auto h-col-md-auto h-col-auto style-553-outer style-local-256-c7-outer\">\n            <div data-colibri-id=\"256-c7\" class=\"d-flex h-flex-basis h-column__inner h-px-lg-0 h-px-md-0 h-px-0 v-inner-lg-0 v-inner-md-0 v-inner-0 style-553 style-local-256-c7 position-relative\">\n              <!---->\n              <!---->\n              <div class=\"w-100 h-y-container h-column__content h-column__v-align flex-basis-100 align-self-lg-start align-self-md-start align-self-start\">\n                <!---->\n                <div data-colibri-component=\"masonry\" data-colibri-id=\"256-c8\" class=\"h-photo-gallery margin-none caption-none style-554 style-local-256-c8 position-relative h-element\">\n                  <!---->\n                  <div class=\"h-global-transition-all\"><div id='colibri-256-c8' class='gallery-wrapper'>    <style type=\"text\/css\">\n\n        @media (min-width: 1023px) {        #colibri-256-c8        dl {\n            float: left;\n            width: 50% !important;\n            max-width: 50% !important;\n            min-width: 50% !important;\n        }\n\n        #colibri-256-c8        dl:nth-of-type(2n +1 ) {\n            clear: both;\n        }\n\n        }@media (min-width: 768px) and (max-width: 1023px) {        #colibri-256-c8        dl {\n            float: left;\n            width: 50% !important;\n            max-width: 50% !important;\n            min-width: 50% !important;\n        }\n\n        #colibri-256-c8        dl:nth-of-type(2n +1 ) {\n            clear: both;\n        }\n\n        }@media (max-width: 767px) {        #colibri-256-c8        dl {\n            float: left;\n            width: 50% !important;\n            max-width: 50% !important;\n            min-width: 50% !important;\n        }\n\n        #colibri-256-c8        dl:nth-of-type(2n +1 ) {\n            clear: both;\n        }\n\n        }\n        #colibri-256-c8        .gallery-item {\n            position: relative;\n        }\n\n        \n    <\/style>\n    <div   class='colibri-256-c8-dls-wrapper gallery-items-wrapper' ><dl class='gallery-item masonry-item'>\n\t\t\t<dt class='gallery-icon landscape'>\n\t\t\t\t<a data-fancybox=\"colibri-256-c8-group\" href='https:\/\/comunitatondu.ch\/wp-content\/uploads\/2021\/01\/2.og2_-scaled.jpg'><img loading=\"lazy\" decoding=\"async\"  width=\"300\" height=\"218\" src=\"https:\/\/comunitatondu.ch\/wp-content\/uploads\/2021\/01\/2.og2_-300x218.jpg\"  class='colibri-256-c8-image' alt=\"\" aria-describedby=\"gallery-1-828\" srcset=\"https:\/\/comunitatondu.ch\/wp-content\/uploads\/2021\/01\/2.og2_-300x218.jpg 300w, https:\/\/comunitatondu.ch\/wp-content\/uploads\/2021\/01\/2.og2_-1024x745.jpg 1024w, https:\/\/comunitatondu.ch\/wp-content\/uploads\/2021\/01\/2.og2_-768x558.jpg 768w, https:\/\/comunitatondu.ch\/wp-content\/uploads\/2021\/01\/2.og2_-1536x1117.jpg 1536w, https:\/\/comunitatondu.ch\/wp-content\/uploads\/2021\/01\/2.og2_-2048x1489.jpg 2048w, https:\/\/comunitatondu.ch\/wp-content\/uploads\/2021\/01\/2.og2_-16x12.jpg 16w\" sizes=\"auto, (max-width: 300px) 100vw, 300px\" \/><\/a>\n\t\t\t<\/dt>\n\t\t\t\t<div class=\"gallery-caption__wrapper\"><dd class='wp-caption-text gallery-caption' id='gallery-1-828'>\n\t\t\t\t2.OG\n\t\t\t\t<\/dd><\/div><\/dl><dl class='gallery-item masonry-item'>\n\t\t\t<dt class='gallery-icon landscape'>\n\t\t\t\t<a data-fancybox=\"colibri-256-c8-group\" href='https:\/\/comunitatondu.ch\/wp-content\/uploads\/2021\/01\/1..og2_-scaled.jpg'><img loading=\"lazy\" decoding=\"async\"  width=\"300\" height=\"218\" src=\"https:\/\/comunitatondu.ch\/wp-content\/uploads\/2021\/01\/1..og2_-300x218.jpg\"  class='colibri-256-c8-image' alt=\"\" aria-describedby=\"gallery-1-633\" srcset=\"https:\/\/comunitatondu.ch\/wp-content\/uploads\/2021\/01\/1..og2_-300x218.jpg 300w, https:\/\/comunitatondu.ch\/wp-content\/uploads\/2021\/01\/1..og2_-1024x745.jpg 1024w, https:\/\/comunitatondu.ch\/wp-content\/uploads\/2021\/01\/1..og2_-768x558.jpg 768w, https:\/\/comunitatondu.ch\/wp-content\/uploads\/2021\/01\/1..og2_-1536x1117.jpg 1536w, https:\/\/comunitatondu.ch\/wp-content\/uploads\/2021\/01\/1..og2_-2048x1489.jpg 2048w, https:\/\/comunitatondu.ch\/wp-content\/uploads\/2021\/01\/1..og2_-16x12.jpg 16w\" sizes=\"auto, (max-width: 300px) 100vw, 300px\" \/><\/a>\n\t\t\t<\/dt>\n\t\t\t\t<div class=\"gallery-caption__wrapper\"><dd class='wp-caption-text gallery-caption' id='gallery-1-633'>\n\t\t\t\t1.OG\n\t\t\t\t<\/dd><\/div><\/dl><dl class='gallery-item masonry-item'>\n\t\t\t<dt class='gallery-icon landscape'>\n\t\t\t\t<a data-fancybox=\"colibri-256-c8-group\" href='https:\/\/comunitatondu.ch\/wp-content\/uploads\/2021\/01\/eg2-scaled.jpg'><img loading=\"lazy\" decoding=\"async\"  width=\"300\" height=\"218\" src=\"https:\/\/comunitatondu.ch\/wp-content\/uploads\/2021\/01\/eg2-300x218.jpg\"  class='colibri-256-c8-image' alt=\"\" aria-describedby=\"gallery-1-829\" srcset=\"https:\/\/comunitatondu.ch\/wp-content\/uploads\/2021\/01\/eg2-300x218.jpg 300w, https:\/\/comunitatondu.ch\/wp-content\/uploads\/2021\/01\/eg2-1024x745.jpg 1024w, https:\/\/comunitatondu.ch\/wp-content\/uploads\/2021\/01\/eg2-768x558.jpg 768w, https:\/\/comunitatondu.ch\/wp-content\/uploads\/2021\/01\/eg2-1536x1117.jpg 1536w, https:\/\/comunitatondu.ch\/wp-content\/uploads\/2021\/01\/eg2-2048x1489.jpg 2048w, https:\/\/comunitatondu.ch\/wp-content\/uploads\/2021\/01\/eg2-16x12.jpg 16w\" sizes=\"auto, (max-width: 300px) 100vw, 300px\" \/><\/a>\n\t\t\t<\/dt>\n\t\t\t\t<div class=\"gallery-caption__wrapper\"><dd class='wp-caption-text gallery-caption' id='gallery-1-829'>\n\t\t\t\tEG\n\t\t\t\t<\/dd><\/div><\/dl><dl class='gallery-item masonry-item'>\n\t\t\t<dt class='gallery-icon portrait'>\n\t\t\t\t<a data-fancybox=\"colibri-256-c8-group\" href='https:\/\/comunitatondu.ch\/wp-content\/uploads\/2021\/01\/marktgr-scaled.jpg'><img loading=\"lazy\" decoding=\"async\"  width=\"218\" height=\"300\" src=\"https:\/\/comunitatondu.ch\/wp-content\/uploads\/2021\/01\/marktgr-218x300.jpg\"  class='colibri-256-c8-image' alt=\"\" aria-describedby=\"gallery-1-850\" srcset=\"https:\/\/comunitatondu.ch\/wp-content\/uploads\/2021\/01\/marktgr-218x300.jpg 218w, https:\/\/comunitatondu.ch\/wp-content\/uploads\/2021\/01\/marktgr-745x1024.jpg 745w, https:\/\/comunitatondu.ch\/wp-content\/uploads\/2021\/01\/marktgr-768x1056.jpg 768w, https:\/\/comunitatondu.ch\/wp-content\/uploads\/2021\/01\/marktgr-1117x1536.jpg 1117w, https:\/\/comunitatondu.ch\/wp-content\/uploads\/2021\/01\/marktgr-1489x2048.jpg 1489w, https:\/\/comunitatondu.ch\/wp-content\/uploads\/2021\/01\/marktgr-9x12.jpg 9w, https:\/\/comunitatondu.ch\/wp-content\/uploads\/2021\/01\/marktgr-scaled.jpg 1861w\" sizes=\"auto, (max-width: 218px) 100vw, 218px\" \/><\/a>\n\t\t\t<\/dt>\n\t\t\t\t<div class=\"gallery-caption__wrapper\"><dd class='wp-caption-text gallery-caption' id='gallery-1-850'>\n\t\t\t\tMarkt\n\t\t\t\t<\/dd><\/div><\/dl><dl class='gallery-item masonry-item'>\n\t\t\t<dt class='gallery-icon landscape'>\n\t\t\t\t<a data-fancybox=\"colibri-256-c8-group\" href='https:\/\/comunitatondu.ch\/wp-content\/uploads\/2021\/01\/marktp1-1-scaled-e1610549486966.jpg'><img loading=\"lazy\" decoding=\"async\"  width=\"300\" height=\"188\" src=\"https:\/\/comunitatondu.ch\/wp-content\/uploads\/2021\/01\/marktp1-1-scaled-e1610549486966-300x188.jpg\"  class='colibri-256-c8-image' alt=\"\" aria-describedby=\"gallery-1-851\" srcset=\"https:\/\/comunitatondu.ch\/wp-content\/uploads\/2021\/01\/marktp1-1-scaled-e1610549486966-300x188.jpg 300w, https:\/\/comunitatondu.ch\/wp-content\/uploads\/2021\/01\/marktp1-1-scaled-e1610549486966-1024x640.jpg 1024w, https:\/\/comunitatondu.ch\/wp-content\/uploads\/2021\/01\/marktp1-1-scaled-e1610549486966-768x480.jpg 768w, https:\/\/comunitatondu.ch\/wp-content\/uploads\/2021\/01\/marktp1-1-scaled-e1610549486966-1536x960.jpg 1536w, https:\/\/comunitatondu.ch\/wp-content\/uploads\/2021\/01\/marktp1-1-scaled-e1610549486966-2048x1280.jpg 2048w, https:\/\/comunitatondu.ch\/wp-content\/uploads\/2021\/01\/marktp1-1-scaled-e1610549486966-16x10.jpg 16w\" sizes=\"auto, (max-width: 300px) 100vw, 300px\" \/><\/a>\n\t\t\t<\/dt>\n\t\t\t\t<div class=\"gallery-caption__wrapper\"><dd class='wp-caption-text gallery-caption' id='gallery-1-851'>\n\t\t\t\tMarkt Perspektive\n\t\t\t\t<\/dd><\/div><\/dl><dl class='gallery-item masonry-item'>\n\t\t\t<dt class='gallery-icon portrait'>\n\t\t\t\t<a data-fancybox=\"colibri-256-c8-group\" href='https:\/\/comunitatondu.ch\/wp-content\/uploads\/2021\/01\/zimmergr-scaled.jpg'><img loading=\"lazy\" decoding=\"async\"  width=\"218\" height=\"300\" src=\"https:\/\/comunitatondu.ch\/wp-content\/uploads\/2021\/01\/zimmergr-218x300.jpg\"  class='colibri-256-c8-image' alt=\"\" aria-describedby=\"gallery-1-859\" srcset=\"https:\/\/comunitatondu.ch\/wp-content\/uploads\/2021\/01\/zimmergr-218x300.jpg 218w, https:\/\/comunitatondu.ch\/wp-content\/uploads\/2021\/01\/zimmergr-745x1024.jpg 745w, https:\/\/comunitatondu.ch\/wp-content\/uploads\/2021\/01\/zimmergr-768x1056.jpg 768w, https:\/\/comunitatondu.ch\/wp-content\/uploads\/2021\/01\/zimmergr-1117x1536.jpg 1117w, https:\/\/comunitatondu.ch\/wp-content\/uploads\/2021\/01\/zimmergr-1489x2048.jpg 1489w, https:\/\/comunitatondu.ch\/wp-content\/uploads\/2021\/01\/zimmergr-9x12.jpg 9w, https:\/\/comunitatondu.ch\/wp-content\/uploads\/2021\/01\/zimmergr-scaled.jpg 1861w\" sizes=\"auto, (max-width: 218px) 100vw, 218px\" \/><\/a>\n\t\t\t<\/dt>\n\t\t\t\t<div class=\"gallery-caption__wrapper\"><dd class='wp-caption-text gallery-caption' id='gallery-1-859'>\n\t\t\t\tLocatari a lungo termine\n\t\t\t\t<\/dd><\/div><\/dl><dl class='gallery-item masonry-item'>\n\t\t\t<dt class='gallery-icon landscape'>\n\t\t\t\t<a data-fancybox=\"colibri-256-c8-group\" href='https:\/\/comunitatondu.ch\/wp-content\/uploads\/2021\/01\/zimmerp2-scaled.jpg'><img loading=\"lazy\" decoding=\"async\"  width=\"300\" height=\"218\" src=\"https:\/\/comunitatondu.ch\/wp-content\/uploads\/2021\/01\/zimmerp2-300x218.jpg\"  class='colibri-256-c8-image' alt=\"\" aria-describedby=\"gallery-1-860\" srcset=\"https:\/\/comunitatondu.ch\/wp-content\/uploads\/2021\/01\/zimmerp2-300x218.jpg 300w, https:\/\/comunitatondu.ch\/wp-content\/uploads\/2021\/01\/zimmerp2-1024x745.jpg 1024w, https:\/\/comunitatondu.ch\/wp-content\/uploads\/2021\/01\/zimmerp2-768x558.jpg 768w, https:\/\/comunitatondu.ch\/wp-content\/uploads\/2021\/01\/zimmerp2-1536x1117.jpg 1536w, https:\/\/comunitatondu.ch\/wp-content\/uploads\/2021\/01\/zimmerp2-2048x1489.jpg 2048w, https:\/\/comunitatondu.ch\/wp-content\/uploads\/2021\/01\/zimmerp2-16x12.jpg 16w\" sizes=\"auto, (max-width: 300px) 100vw, 300px\" \/><\/a>\n\t\t\t<\/dt>\n\t\t\t\t<div class=\"gallery-caption__wrapper\"><dd class='wp-caption-text gallery-caption' id='gallery-1-860'>\n\t\t\t\tDauermieter Perspektive\n\t\t\t\t<\/dd><\/div><\/dl>\n\t\t\t\n\t\t<\/div>\n<style>#colibri-256-c8 .wp-caption-text.gallery-caption{display:none;}<\/style><\/div><\/div>\n                <\/div>\n              <\/div>\n            <\/div>\n          <\/div>\n        <\/div>\n      <\/div>\n    <\/div>\n  <\/div>\n<\/div>","protected":false},"excerpt":{"rendered":"<p>Raumkonzept Dauermieter&nbsp; Die 4 Zimmer a 20m2 werden eingerichtet f\u00fcr Dauermieter zum Wohnen und Arbeiten. 300.-Fr. pro Monat Je 2 dieser Zimmer teilen sich einen Gemeinschaftsraum 17m2 mit kleiner Tee\/Kaffeek\u00fcche und Tischen. Die Zimmer verf\u00fcgen \u00fcber guten Internetempfang und haben eine moderne und zweckm\u00e4ssige Einrichtung.&nbsp; Mehrbettzimmer 30m2 Zimmer im OG, 3 Stockbetten stehen in einem [&hellip;]<\/p>","protected":false},"author":1,"featured_media":0,"parent":0,"menu_order":0,"comment_status":"closed","ping_status":"closed","template":"page-templates\/full-width-page.php","meta":{"footnotes":""},"class_list":["post-256","page","type-page","status-publish","hentry"],"yoast_head":"<!-- This site is optimized with the Yoast SEO plugin v22.0 - https:\/\/yoast.com\/wordpress\/plugins\/seo\/ -->\n<title>Raumkonzept - Comunita Tond\u00fc<\/title>\n<meta name=\"robots\" content=\"index, follow, max-snippet:-1, max-image-preview:large, max-video-preview:-1\" \/>\n<link rel=\"canonical\" href=\"https:\/\/comunitatondu.ch\/it\/raumkonzept\/\" \/>\n<meta property=\"og:locale\" content=\"it_IT\" \/>\n<meta property=\"og:type\" content=\"article\" \/>\n<meta property=\"og:title\" content=\"Raumkonzept - Comunita Tond\u00fc\" \/>\n<meta property=\"og:description\" content=\"Raumkonzept Dauermieter&nbsp; Die 4 Zimmer a 20m2 werden eingerichtet f\u00fcr Dauermieter zum Wohnen und Arbeiten. 300.-Fr. pro Monat Je 2 dieser Zimmer teilen sich einen Gemeinschaftsraum 17m2 mit kleiner Tee\/Kaffeek\u00fcche und Tischen. Die Zimmer verf\u00fcgen \u00fcber guten Internetempfang und haben eine moderne und zweckm\u00e4ssige Einrichtung.&nbsp; Mehrbettzimmer 30m2 Zimmer im OG, 3 Stockbetten stehen in einem [&hellip;]\" \/>\n<meta property=\"og:url\" content=\"https:\/\/comunitatondu.ch\/it\/raumkonzept\/\" \/>\n<meta property=\"og:site_name\" content=\"Comunita Tond\u00fc\" \/>\n<meta property=\"article:modified_time\" content=\"2021-01-26T19:23:42+00:00\" \/>\n<meta name=\"twitter:card\" content=\"summary_large_image\" \/>\n<meta name=\"twitter:label1\" content=\"Tempo di lettura stimato\" \/>\n\t<meta name=\"twitter:data1\" content=\"2 minuti\" \/>\n<script type=\"application\/ld+json\" class=\"yoast-schema-graph\">{\"@context\":\"https:\/\/schema.org\",\"@graph\":[{\"@type\":\"WebPage\",\"@id\":\"https:\/\/comunitatondu.ch\/it\/raumkonzept\/\",\"url\":\"https:\/\/comunitatondu.ch\/it\/raumkonzept\/\",\"name\":\"Raumkonzept - Comunita Tond\u00fc\",\"isPartOf\":{\"@id\":\"https:\/\/comunitatondu.ch\/#website\"},\"datePublished\":\"2021-01-13T09:18:33+00:00\",\"dateModified\":\"2021-01-26T19:23:42+00:00\",\"breadcrumb\":{\"@id\":\"https:\/\/comunitatondu.ch\/it\/raumkonzept\/#breadcrumb\"},\"inLanguage\":\"it-IT\",\"potentialAction\":[{\"@type\":\"ReadAction\",\"target\":[\"https:\/\/comunitatondu.ch\/it\/raumkonzept\/\"]}]},{\"@type\":\"BreadcrumbList\",\"@id\":\"https:\/\/comunitatondu.ch\/it\/raumkonzept\/#breadcrumb\",\"itemListElement\":[{\"@type\":\"ListItem\",\"position\":1,\"name\":\"Home\",\"item\":\"https:\/\/comunitatondu.ch\/\"},{\"@type\":\"ListItem\",\"position\":2,\"name\":\"Raumkonzept\"}]},{\"@type\":\"WebSite\",\"@id\":\"https:\/\/comunitatondu.ch\/#website\",\"url\":\"https:\/\/comunitatondu.ch\/\",\"name\":\"Comunita Tond\u00fc\",\"description\":\"Ideenwettbewerb f\u00fcr die Nutzung des Palazzo Tond\u00fc\",\"publisher\":{\"@id\":\"https:\/\/comunitatondu.ch\/#organization\"},\"potentialAction\":[{\"@type\":\"SearchAction\",\"target\":{\"@type\":\"EntryPoint\",\"urlTemplate\":\"https:\/\/comunitatondu.ch\/?s={search_term_string}\"},\"query-input\":\"required name=search_term_string\"}],\"inLanguage\":\"it-IT\"},{\"@type\":\"Organization\",\"@id\":\"https:\/\/comunitatondu.ch\/#organization\",\"name\":\"Comunita Tond\u00fc\",\"url\":\"https:\/\/comunitatondu.ch\/\",\"logo\":{\"@type\":\"ImageObject\",\"inLanguage\":\"it-IT\",\"@id\":\"https:\/\/comunitatondu.ch\/#\/schema\/logo\/image\/\",\"url\":\"https:\/\/comunitatondu.ch\/wp-content\/uploads\/2021\/01\/LOGO2.jpg\",\"contentUrl\":\"https:\/\/comunitatondu.ch\/wp-content\/uploads\/2021\/01\/LOGO2.jpg\",\"width\":1000,\"height\":428,\"caption\":\"Comunita Tond\u00fc\"},\"image\":{\"@id\":\"https:\/\/comunitatondu.ch\/#\/schema\/logo\/image\/\"}}]}<\/script>\n<!-- \/ Yoast SEO plugin. -->","yoast_head_json":{"title":"Raumkonzept - Comunita Tond\u00fc","robots":{"index":"index","follow":"follow","max-snippet":"max-snippet:-1","max-image-preview":"max-image-preview:large","max-video-preview":"max-video-preview:-1"},"canonical":"https:\/\/comunitatondu.ch\/it\/raumkonzept\/","og_locale":"it_IT","og_type":"article","og_title":"Raumkonzept - Comunita Tond\u00fc","og_description":"Raumkonzept Dauermieter&nbsp; Die 4 Zimmer a 20m2 werden eingerichtet f\u00fcr Dauermieter zum Wohnen und Arbeiten. 300.-Fr. pro Monat Je 2 dieser Zimmer teilen sich einen Gemeinschaftsraum 17m2 mit kleiner Tee\/Kaffeek\u00fcche und Tischen. Die Zimmer verf\u00fcgen \u00fcber guten Internetempfang und haben eine moderne und zweckm\u00e4ssige Einrichtung.&nbsp; Mehrbettzimmer 30m2 Zimmer im OG, 3 Stockbetten stehen in einem [&hellip;]","og_url":"https:\/\/comunitatondu.ch\/it\/raumkonzept\/","og_site_name":"Comunita Tond\u00fc","article_modified_time":"2021-01-26T19:23:42+00:00","twitter_card":"summary_large_image","twitter_misc":{"Tempo di lettura stimato":"2 minuti"},"schema":{"@context":"https:\/\/schema.org","@graph":[{"@type":"WebPage","@id":"https:\/\/comunitatondu.ch\/it\/raumkonzept\/","url":"https:\/\/comunitatondu.ch\/it\/raumkonzept\/","name":"Raumkonzept - Comunita Tond\u00fc","isPartOf":{"@id":"https:\/\/comunitatondu.ch\/#website"},"datePublished":"2021-01-13T09:18:33+00:00","dateModified":"2021-01-26T19:23:42+00:00","breadcrumb":{"@id":"https:\/\/comunitatondu.ch\/it\/raumkonzept\/#breadcrumb"},"inLanguage":"it-IT","potentialAction":[{"@type":"ReadAction","target":["https:\/\/comunitatondu.ch\/it\/raumkonzept\/"]}]},{"@type":"BreadcrumbList","@id":"https:\/\/comunitatondu.ch\/it\/raumkonzept\/#breadcrumb","itemListElement":[{"@type":"ListItem","position":1,"name":"Home","item":"https:\/\/comunitatondu.ch\/"},{"@type":"ListItem","position":2,"name":"Raumkonzept"}]},{"@type":"WebSite","@id":"https:\/\/comunitatondu.ch\/#website","url":"https:\/\/comunitatondu.ch\/","name":"Comunita Tond\u00fc","description":"Ideenwettbewerb f\u00fcr die Nutzung des Palazzo Tond\u00fc","publisher":{"@id":"https:\/\/comunitatondu.ch\/#organization"},"potentialAction":[{"@type":"SearchAction","target":{"@type":"EntryPoint","urlTemplate":"https:\/\/comunitatondu.ch\/?s={search_term_string}"},"query-input":"required name=search_term_string"}],"inLanguage":"it-IT"},{"@type":"Organization","@id":"https:\/\/comunitatondu.ch\/#organization","name":"Comunita Tond\u00fc","url":"https:\/\/comunitatondu.ch\/","logo":{"@type":"ImageObject","inLanguage":"it-IT","@id":"https:\/\/comunitatondu.ch\/#\/schema\/logo\/image\/","url":"https:\/\/comunitatondu.ch\/wp-content\/uploads\/2021\/01\/LOGO2.jpg","contentUrl":"https:\/\/comunitatondu.ch\/wp-content\/uploads\/2021\/01\/LOGO2.jpg","width":1000,"height":428,"caption":"Comunita Tond\u00fc"},"image":{"@id":"https:\/\/comunitatondu.ch\/#\/schema\/logo\/image\/"}}]}},"_links":{"self":[{"href":"https:\/\/comunitatondu.ch\/it\/wp-json\/wp\/v2\/pages\/256","targetHints":{"allow":["GET"]}}],"collection":[{"href":"https:\/\/comunitatondu.ch\/it\/wp-json\/wp\/v2\/pages"}],"about":[{"href":"https:\/\/comunitatondu.ch\/it\/wp-json\/wp\/v2\/types\/page"}],"author":[{"embeddable":true,"href":"https:\/\/comunitatondu.ch\/it\/wp-json\/wp\/v2\/users\/1"}],"replies":[{"embeddable":true,"href":"https:\/\/comunitatondu.ch\/it\/wp-json\/wp\/v2\/comments?post=256"}],"version-history":[{"count":20,"href":"https:\/\/comunitatondu.ch\/it\/wp-json\/wp\/v2\/pages\/256\/revisions"}],"predecessor-version":[{"id":2041,"href":"https:\/\/comunitatondu.ch\/it\/wp-json\/wp\/v2\/pages\/256\/revisions\/2041"}],"wp:attachment":[{"href":"https:\/\/comunitatondu.ch\/it\/wp-json\/wp\/v2\/media?parent=256"}],"curies":[{"name":"wp","href":"https:\/\/api.w.org\/{rel}","templated":true}]}}