{"id":231,"date":"2021-01-13T09:54:17","date_gmt":"2021-01-13T08:54:17","guid":{"rendered":"https:\/\/comunitatondu.ch\/?page_id=231"},"modified":"2021-01-26T20:42:44","modified_gmt":"2021-01-26T19:42:44","slug":"produkte","status":"publish","type":"page","link":"https:\/\/comunitatondu.ch\/it\/produkte\/","title":{"rendered":"Prodotti"},"content":{"rendered":"<div data-colibri-id=\"231-c1\" class=\"style-236 style-local-231-c1 position-relative\">\n  <!---->\n  <div data-colibri-component=\"section\" data-colibri-id=\"231-c2\" id=\"custom\" class=\"h-section h-section-global-spacing d-flex align-items-lg-center align-items-md-center align-items-center style-258 style-local-231-c2 position-relative\">\n    <!---->\n    <!---->\n    <div class=\"h-section-grid-container h-section-boxed-container\">\n      <!---->\n      <div data-colibri-id=\"231-c3\" class=\"h-row-container gutters-row-lg-2 gutters-row-md-2 gutters-row-0 gutters-row-v-lg-2 gutters-row-v-md-2 gutters-row-v-2 style-259 style-local-231-c3 position-relative\">\n        <!---->\n        <div class=\"h-row justify-content-lg-center justify-content-md-center justify-content-center align-items-lg-stretch align-items-md-stretch align-items-stretch gutters-col-lg-2 gutters-col-md-2 gutters-col-0 gutters-col-v-lg-2 gutters-col-v-md-2 gutters-col-v-2\">\n          <!---->\n          <div class=\"h-column h-column-container d-flex h-col-lg-auto h-col-md-auto h-col-auto style-260-outer style-local-231-c4-outer\">\n            <div data-colibri-id=\"231-c4\" class=\"d-flex h-flex-basis h-column__inner h-px-lg-2 h-px-md-2 h-px-2 v-inner-lg-2 v-inner-md-2 v-inner-2 style-260 style-local-231-c4 position-relative\">\n              <!---->\n              <!---->\n              <div class=\"w-100 h-y-container h-column__content h-column__v-align flex-basis-100 align-self-lg-start align-self-md-start align-self-start\">\n                <!---->\n                <div data-colibri-id=\"231-c5\" class=\"h-global-transition-all h-heading style-273 style-local-231-c5 position-relative h-element\">\n                  <!---->\n                  <div class=\"h-heading__outer style-273 style-local-231-c5\">\n                    <!---->\n                    <!---->\n                    <h3 class=\"\">Prodotti<\/h3>\n                  <\/div>\n                <\/div>\n                <div data-colibri-id=\"231-c6\" class=\"h-text h-text-component style-272 style-local-231-c6 position-relative h-element\">\n                  <!---->\n                  <!---->\n                  <div class=\"\">\n                    <p><span style=\"font-weight: 300;\">A causa dell'eccesso di offerta di tutto a prezzi bassi, l'artigianato ha perso importanza negli ultimi decenni. Un prodotto in cui \u00e8 stato messo tempo e dedizione, qualcosa con l'anima, non \u00e8 tuttavia paragonabile a un prodotto di massa. Nel nostro mondo frenetico pieno di cose prodotte senza cuore dalle macchine, il desiderio del vero cresce. \u00c8 bello vedere una persona tessere un cesto o un tappeto. D'altra parte, guardare qualcuno sulla catena di montaggio \u00e8 piuttosto deprimente. Qui dovrebbe essere offerto cibo a cui \u00e8 stato permesso di crescere in modo naturale e non coltivato con sostanze chimiche, veleni o monocolture. L'opportunit\u00e0 di mostrare e vendere i propri prodotti pu\u00f2 essere uno stimolo per iniziare a produrre nuovamente pi\u00f9 in prima persona. Potrebbe aiutare a far rivivere abilit\u00e0 vecchie, quasi dimenticate. Ad esempio, qualcuno ricomincia a lavorare a maglia, cosa che non fa da anni, perch\u00e9 tutti i membri della famiglia hanno abbastanza calzini di lana e ora possono venderli. La lana potrebbe arrivare perfino da un contadino delle Centovalli. Allevando pecore o lama, i prati vengono tenuti aperti e viene impedita la forestazione. Nei prati naturali pu\u00f2 crescere ana variet\u00e0 di erbe medicinali che possono essere utilizzate per il t\u00e8, tinture o pomate. Persone interessate possono imparare in un workshop nel Palazzo come lavorare queste erbe o come fare i calzini. In questo modo l\u2019artigianato continua a vivere, la conoscenza viene trasmessa, le persone si incontrano e si scambiano idee e si rafforza il legame con la natura. Il Palazzo Tond\u00fc si riempie di vita e rafforza la regione.<\/span><\/p>\n                    <p><span style=\"font-weight: 300;\">I prodotti offerti qui dovrebbero essere locali e sostenibili. Ogni prodotto \u00e8 presentato su un foglio informativo e spiega come \u00e8 stato creato con immagini e testo. Ecco come dovrebbe essere presentato ogni venditore. Ci\u00f2 crea trasparenza e fiducia. Inoltre, i clienti riconoscono i produttori quando si incontrano da qualche parte. Troppo spesso non sai cosa stai acquistando o da chi, qui non dovrebbe accadere. La connessione \u00e8 ci\u00f2 che molte persone cercano in questi tempi. Connessione alla natura, ad altre persone. Questa trasparenza crea anche lealt\u00e0 al prodotto. Siamo pi\u00f9 disposti a comprare una mela ammaccata se sappiamo da dove proviene e chi l'ha raccolta.<\/span><\/p>\n                    <p><span style=\"font-weight: 300;\">Ci sono agricoltori, apicoltori che vendono miele sano, persone con orti che fanno marmellata o salsa di pomodoro, ci sono artisti, forse a qualcuno piace lavorare a maglia i calzini. Tutti questi mestieri dovrebbero essere in grado di essere visualizzati. Una possibilit\u00e0 di offrire le proprie cose dovrebbe incoraggiare le persone a creare e provare cose nuove. \u00c8 divertente quando vedi che qualcuno \u00e8 interessato a ci\u00f2 che hai creato con molta passione. Non solo i produttori ne traggono vantaggio, ma anche gli acquirenti possono proporre nuove idee.<\/span><\/p>\n                    <p><span style=\"font-weight: 300;\">L'intero Ticino \u00e8 pieno di tigli, ma non puoi comprare t\u00e8 ai fiori di tiglio dalla Svizzera da nessuna parte. La stessa cosa con il timo selvatico, che cresce in ogni prato qui. Dobbiamo solo raccoglierlo e asciugarlo, e abbiamo un ottimo prodotto che \u00e8 molto pi\u00f9 prezioso del biologico. \u00c8 cresciuto selvaggiamente senza alcun intervento umano e viene venduto da dove proviene.<\/span><\/p>\n                    <p><span style=\"font-weight: 300;\">Nel palazzo si producono in comune prodotti come farina di castagne, birra, polenta, t\u00e8 ai fiori di tiglio o qualunque cosa si voglia. Le stanze attigue possono servire da magazzino, la cucina per lavorazioni e la cantina a volta per la vendita. I turisti interessati possono aiutare con la raccolta delle castagne o il confezionamento del t\u00e8. Sulla home page pu\u00f2 essere pubblicizzato se si cercano ancora persone per raccogliere o elaborare. Chi vuole dare una mano pu\u00f2 registrarsi qui.<\/span><\/p>\n                    <p><span style=\"font-weight: 300;\">C'\u00e8 una tendenza a diventare pi\u00f9 coinvolti nella lavorazione del cibo. Slow food \u00e8 una parola chiave per questo. Un'altra tendenza \u00e8 il volontariato, il volontariato su un progetto durante il tempo libero o in vacanza. Molte persone vogliono fare un lavoro significativo, vogliono rafforzare il legame con la loro regione, vogliono vivere in modo pi\u00f9 sostenibile. Qui ci dovrebbe essere un'opportunit\u00e0 per questo.<\/span><\/p>\n                    <p><span style=\"font-weight: 300;\">Questo ha lo scopo di promuovere l'agricoltura biologica nella valle. Interessante potrebbe essere la coltivazione di antiche variet\u00e0 di mais, ad esempio per la polenta.<\/span><\/p>\n                    <p><span style=\"font-weight: 300;\">Per i turisti, la lavorazione dei prodotti locali pu\u00f2 essere uno stimolo per visitare le Centovalli.<\/span><\/p>\n                    <p>\n                      <br>\n                    <\/p>\n                    <p>\n                      <br>\n                    <\/p>\n                  <\/div>\n                <\/div>\n                <div data-colibri-id=\"231-c13\" class=\"h-global-transition-all h-heading style-981 style-local-231-c13 position-relative h-element\">\n                  <!---->\n                  <div class=\"h-heading__outer style-981 style-local-231-c13\">\n                    <!---->\n                    <!---->\n                    <h4 class=\"\">Esempi di prodotti<\/h4>\n                  <\/div>\n                <\/div>\n                <div data-colibri-id=\"231-c11\" class=\"h-x-container style-979 style-local-231-c11 position-relative h-element\">\n                  <!---->\n                  <div class=\"h-x-container-inner style-dynamic-231-c11-group style-979-spacing style-local-231-c11-spacing\"><span class=\"h-link__outer style-980-outer style-local-231-c12-outer d-inline-flex h-element\"><a h-use-smooth-scroll=\"true\" href=\"https:\/\/comunitatondu.ch\/it\/kastanienmehl\/\"  data-colibri-id=\"231-c12\" class=\"d-flex w-100 align-items-center h-link style-980 style-local-231-c12 position-relative\"><!----><span  class=\"h-svg-icon h-link__icon style-980-icon style-local-231-c12-icon\"><!--Icon by Font Awesome (https:\/\/fontawesome.com)--><svg version=\"1.1\" xmlns=\"http:\/\/www.w3.org\/2000\/svg\" xmlns:xlink=\"http:\/\/www.w3.org\/1999\/xlink\" id=\"shopping-basket\" viewbox=\"0 0 2048 1896.0833\"><path d=\"M1920 768q53 0 90.5 37.5T2048 896t-37.5 90.5-90.5 37.5h-15l-115 662q-8 46-44 76t-82 30H384q-46 0-82-30t-44-76l-115-662h-15q-53 0-90.5-37.5T0 896t37.5-90.5T128 768h1792zM485 1568q26-2 43.5-22.5T544 1499l-32-416q-2-26-22.5-43.5T443 1024t-43.5 22.5T384 1093l32 416q2 25 20.5 42t43.5 17h5zm411-64v-416q0-26-19-45t-45-19-45 19-19 45v416q0 26 19 45t45 19 45-19 19-45zm384 0v-416q0-26-19-45t-45-19-45 19-19 45v416q0 26 19 45t45 19 45-19 19-45zm352 5l32-416q2-26-15.5-46.5T1605 1024t-46.5 15.5-22.5 43.5l-32 416q-2 26 15.5 46.5t43.5 22.5h5q25 0 43.5-17t20.5-42zM476 292l-93 412H251l101-441q19-88 89-143.5T601 64h167q0-26 19-45t45-19h384q26 0 45 19t19 45h167q90 0 160 55.5t89 143.5l101 441h-132l-93-412q-11-44-45.5-72t-79.5-28h-167q0 26-19 45t-45 19H832q-26 0-45-19t-19-45H601q-45 0-79.5 28T476 292z\"><\/path><\/svg><\/span>                    <span>Farina di castagne<\/span><\/a>\n                    <\/span><span class=\"h-link__outer style-982-outer style-local-231-c14-outer d-inline-flex h-element\"><a h-use-smooth-scroll=\"true\" href=\"https:\/\/comunitatondu.ch\/it\/seife\/\"  data-colibri-id=\"231-c14\" class=\"d-flex w-100 align-items-center h-link style-982 style-local-231-c14 position-relative\"><!----><span  class=\"h-svg-icon h-link__icon style-982-icon style-local-231-c14-icon\"><!--Icon by Font Awesome (https:\/\/fontawesome.com)--><svg version=\"1.1\" xmlns=\"http:\/\/www.w3.org\/2000\/svg\" xmlns:xlink=\"http:\/\/www.w3.org\/1999\/xlink\" id=\"shopping-basket\" viewbox=\"0 0 2048 1896.0833\"><path d=\"M1920 768q53 0 90.5 37.5T2048 896t-37.5 90.5-90.5 37.5h-15l-115 662q-8 46-44 76t-82 30H384q-46 0-82-30t-44-76l-115-662h-15q-53 0-90.5-37.5T0 896t37.5-90.5T128 768h1792zM485 1568q26-2 43.5-22.5T544 1499l-32-416q-2-26-22.5-43.5T443 1024t-43.5 22.5T384 1093l32 416q2 25 20.5 42t43.5 17h5zm411-64v-416q0-26-19-45t-45-19-45 19-19 45v416q0 26 19 45t45 19 45-19 19-45zm384 0v-416q0-26-19-45t-45-19-45 19-19 45v416q0 26 19 45t45 19 45-19 19-45zm352 5l32-416q2-26-15.5-46.5T1605 1024t-46.5 15.5-22.5 43.5l-32 416q-2 26 15.5 46.5t43.5 22.5h5q25 0 43.5-17t20.5-42zM476 292l-93 412H251l101-441q19-88 89-143.5T601 64h167q0-26 19-45t45-19h384q26 0 45 19t19 45h167q90 0 160 55.5t89 143.5l101 441h-132l-93-412q-11-44-45.5-72t-79.5-28h-167q0 26-19 45t-45 19H832q-26 0-45-19t-19-45H601q-45 0-79.5 28T476 292z\"><\/path><\/svg><\/span>                    <span>Sapone<\/span><\/a>\n                    <\/span><span class=\"h-link__outer style-983-outer style-local-231-c15-outer d-inline-flex h-element\"><a h-use-smooth-scroll=\"true\" href=\"https:\/\/comunitatondu.ch\/it\/tee\/\"  data-colibri-id=\"231-c15\" class=\"d-flex w-100 align-items-center h-link style-983 style-local-231-c15 position-relative\"><!----><span  class=\"h-svg-icon h-link__icon style-983-icon style-local-231-c15-icon\"><!--Icon by Font Awesome (https:\/\/fontawesome.com)--><svg version=\"1.1\" xmlns=\"http:\/\/www.w3.org\/2000\/svg\" xmlns:xlink=\"http:\/\/www.w3.org\/1999\/xlink\" id=\"shopping-basket\" viewbox=\"0 0 2048 1896.0833\"><path d=\"M1920 768q53 0 90.5 37.5T2048 896t-37.5 90.5-90.5 37.5h-15l-115 662q-8 46-44 76t-82 30H384q-46 0-82-30t-44-76l-115-662h-15q-53 0-90.5-37.5T0 896t37.5-90.5T128 768h1792zM485 1568q26-2 43.5-22.5T544 1499l-32-416q-2-26-22.5-43.5T443 1024t-43.5 22.5T384 1093l32 416q2 25 20.5 42t43.5 17h5zm411-64v-416q0-26-19-45t-45-19-45 19-19 45v416q0 26 19 45t45 19 45-19 19-45zm384 0v-416q0-26-19-45t-45-19-45 19-19 45v416q0 26 19 45t45 19 45-19 19-45zm352 5l32-416q2-26-15.5-46.5T1605 1024t-46.5 15.5-22.5 43.5l-32 416q-2 26 15.5 46.5t43.5 22.5h5q25 0 43.5-17t20.5-42zM476 292l-93 412H251l101-441q19-88 89-143.5T601 64h167q0-26 19-45t45-19h384q26 0 45 19t19 45h167q90 0 160 55.5t89 143.5l101 441h-132l-93-412q-11-44-45.5-72t-79.5-28h-167q0 26-19 45t-45 19H832q-26 0-45-19t-19-45H601q-45 0-79.5 28T476 292z\"><\/path><\/svg><\/span>                    <span>T\u00e8<\/span><\/a>\n                    <\/span>\n                  <\/div>\n                <\/div>\n              <\/div>\n            <\/div>\n          <\/div>\n          <div class=\"h-column h-column-container d-flex h-col-lg-auto h-col-md-auto h-col-auto style-261-outer style-local-231-c7-outer\">\n            <div data-colibri-id=\"231-c7\" class=\"d-flex h-flex-basis h-column__inner h-px-lg-2 h-px-md-2 h-px-2 v-inner-lg-2 v-inner-md-2 v-inner-2 style-261 style-local-231-c7 position-relative\">\n              <!---->\n              <!---->\n              <div class=\"w-100 h-y-container h-column__content h-column__v-align flex-basis-100 align-self-lg-start align-self-md-start align-self-start\">\n                <!---->\n                <div data-colibri-id=\"231-c8\" class=\"d-block style-266 style-local-231-c8 position-relative h-element\">\n                  <!---->\n                  <div class=\"h-image__frame-container-outer\">\n                    <div class=\"h-image__frame-container\">\n                      <!---->\n                      <!---->\n                      <img loading=\"lazy\" decoding=\"async\" width=\"1068\" height=\"1093\" src=\"https:\/\/comunitatondu.ch\/wp-content\/uploads\/2021\/01\/cropped-k1-scaled-1.jpg\" class=\"wp-image-301 style-266-image style-local-231-c8-image\" alt=\"\" srcset=\"https:\/\/comunitatondu.ch\/wp-content\/uploads\/2021\/01\/cropped-k1-scaled-1.jpg 1068w, https:\/\/comunitatondu.ch\/wp-content\/uploads\/2021\/01\/cropped-k1-scaled-1-293x300.jpg 293w, https:\/\/comunitatondu.ch\/wp-content\/uploads\/2021\/01\/cropped-k1-scaled-1-1001x1024.jpg 1001w, https:\/\/comunitatondu.ch\/wp-content\/uploads\/2021\/01\/cropped-k1-scaled-1-768x786.jpg 768w\" sizes=\"auto, (max-width: 1068px) 100vw, 1068px\" \/>\n                      <div class=\"h-image__frame h-hide-lg h-hide-md h-hide-sm style-266-frameImage style-local-231-c8-frameImage\"><\/div>\n                    <\/div>\n                  <\/div>\n                <\/div>\n                <div data-colibri-id=\"231-c9\" class=\"d-block style-274 style-local-231-c9 position-relative h-element\">\n                  <!---->\n                  <div class=\"h-image__frame-container-outer\">\n                    <div class=\"h-image__frame-container\">\n                      <!---->\n                      <!---->\n                      <img loading=\"lazy\" decoding=\"async\" width=\"668\" height=\"667\" src=\"https:\/\/comunitatondu.ch\/wp-content\/uploads\/2021\/01\/cropped-seifekl.jpg\" class=\"wp-image-239 style-274-image style-local-231-c9-image\" alt=\"\" srcset=\"https:\/\/comunitatondu.ch\/wp-content\/uploads\/2021\/01\/cropped-seifekl.jpg 668w, https:\/\/comunitatondu.ch\/wp-content\/uploads\/2021\/01\/cropped-seifekl-300x300.jpg 300w, https:\/\/comunitatondu.ch\/wp-content\/uploads\/2021\/01\/cropped-seifekl-150x150.jpg 150w\" sizes=\"auto, (max-width: 668px) 100vw, 668px\" \/>\n                      <div class=\"h-image__frame h-hide-lg h-hide-md h-hide-sm style-274-frameImage style-local-231-c9-frameImage\"><\/div>\n                    <\/div>\n                  <\/div>\n                <\/div>\n                <div data-colibri-id=\"231-c10\" class=\"d-block style-275 style-local-231-c10 position-relative h-element\">\n                  <!---->\n                  <div class=\"h-image__frame-container-outer\">\n                    <div class=\"h-image__frame-container\">\n                      <!---->\n                      <!---->\n                      <img loading=\"lazy\" decoding=\"async\" width=\"1705\" height=\"1704\" src=\"https:\/\/comunitatondu.ch\/wp-content\/uploads\/2021\/01\/cropped-tee-scaled-1.jpg\" class=\"wp-image-303 style-275-image style-local-231-c10-image\" alt=\"\" srcset=\"https:\/\/comunitatondu.ch\/wp-content\/uploads\/2021\/01\/cropped-tee-scaled-1.jpg 1705w, https:\/\/comunitatondu.ch\/wp-content\/uploads\/2021\/01\/cropped-tee-scaled-1-300x300.jpg 300w, https:\/\/comunitatondu.ch\/wp-content\/uploads\/2021\/01\/cropped-tee-scaled-1-1024x1024.jpg 1024w, https:\/\/comunitatondu.ch\/wp-content\/uploads\/2021\/01\/cropped-tee-scaled-1-150x150.jpg 150w, https:\/\/comunitatondu.ch\/wp-content\/uploads\/2021\/01\/cropped-tee-scaled-1-768x768.jpg 768w, https:\/\/comunitatondu.ch\/wp-content\/uploads\/2021\/01\/cropped-tee-scaled-1-1536x1536.jpg 1536w\" sizes=\"auto, (max-width: 1705px) 100vw, 1705px\" \/>\n                      <div class=\"h-image__frame h-hide-lg h-hide-md h-hide-sm style-275-frameImage style-local-231-c10-frameImage\"><\/div>\n                    <\/div>\n                  <\/div>\n                <\/div>\n              <\/div>\n            <\/div>\n          <\/div>\n        <\/div>\n      <\/div>\n    <\/div>\n  <\/div>\n<\/div>","protected":false},"excerpt":{"rendered":"<p>Produkte Durch das \u00dcberangebot von allem zu tiefen Preisen hat das Handwerk in den letzten Jahrzenten an Bedeutung verloren. Ein Produkt, in das Zeit und Hingabe gesteckt wurde, etwas mit Seele, ist jedoch nicht vergleichbar mit einem Massenprodukt. In unserer hektischen Welt voller Dinge die herzlos, von Maschinen produziert werden, w\u00e4chst das Verlangen nach Echtem. [&hellip;]<\/p>","protected":false},"author":1,"featured_media":0,"parent":0,"menu_order":0,"comment_status":"closed","ping_status":"closed","template":"page-templates\/full-width-page.php","meta":{"footnotes":""},"class_list":["post-231","page","type-page","status-publish","hentry"],"yoast_head":"<!-- This site is optimized with the Yoast SEO plugin v22.0 - https:\/\/yoast.com\/wordpress\/plugins\/seo\/ -->\n<title>Produkte - Comunita Tond\u00fc<\/title>\n<meta name=\"robots\" content=\"index, follow, max-snippet:-1, max-image-preview:large, max-video-preview:-1\" \/>\n<link rel=\"canonical\" href=\"https:\/\/comunitatondu.ch\/it\/produkte\/\" \/>\n<meta property=\"og:locale\" content=\"it_IT\" \/>\n<meta property=\"og:type\" content=\"article\" \/>\n<meta property=\"og:title\" content=\"Produkte - Comunita Tond\u00fc\" \/>\n<meta property=\"og:description\" content=\"Produkte Durch das \u00dcberangebot von allem zu tiefen Preisen hat das Handwerk in den letzten Jahrzenten an Bedeutung verloren. Ein Produkt, in das Zeit und Hingabe gesteckt wurde, etwas mit Seele, ist jedoch nicht vergleichbar mit einem Massenprodukt. In unserer hektischen Welt voller Dinge die herzlos, von Maschinen produziert werden, w\u00e4chst das Verlangen nach Echtem. [&hellip;]\" \/>\n<meta property=\"og:url\" content=\"https:\/\/comunitatondu.ch\/it\/produkte\/\" \/>\n<meta property=\"og:site_name\" content=\"Comunita Tond\u00fc\" \/>\n<meta property=\"article:modified_time\" content=\"2021-01-26T19:42:44+00:00\" \/>\n<meta property=\"og:image\" content=\"https:\/\/comunitatondu.ch\/wp-content\/uploads\/2021\/01\/cropped-k1-scaled-1.jpg\" \/>\n<meta name=\"twitter:card\" content=\"summary_large_image\" \/>\n<meta name=\"twitter:label1\" content=\"Tempo di lettura stimato\" \/>\n\t<meta name=\"twitter:data1\" content=\"4 minuti\" \/>\n<script type=\"application\/ld+json\" class=\"yoast-schema-graph\">{\"@context\":\"https:\/\/schema.org\",\"@graph\":[{\"@type\":\"WebPage\",\"@id\":\"https:\/\/comunitatondu.ch\/produkte\/\",\"url\":\"https:\/\/comunitatondu.ch\/produkte\/\",\"name\":\"Produkte - Comunita Tond\u00fc\",\"isPartOf\":{\"@id\":\"https:\/\/comunitatondu.ch\/#website\"},\"datePublished\":\"2021-01-13T08:54:17+00:00\",\"dateModified\":\"2021-01-26T19:42:44+00:00\",\"breadcrumb\":{\"@id\":\"https:\/\/comunitatondu.ch\/produkte\/#breadcrumb\"},\"inLanguage\":\"it-IT\",\"potentialAction\":[{\"@type\":\"ReadAction\",\"target\":[\"https:\/\/comunitatondu.ch\/produkte\/\"]}]},{\"@type\":\"BreadcrumbList\",\"@id\":\"https:\/\/comunitatondu.ch\/produkte\/#breadcrumb\",\"itemListElement\":[{\"@type\":\"ListItem\",\"position\":1,\"name\":\"Home\",\"item\":\"https:\/\/comunitatondu.ch\/\"},{\"@type\":\"ListItem\",\"position\":2,\"name\":\"Produkte\"}]},{\"@type\":\"WebSite\",\"@id\":\"https:\/\/comunitatondu.ch\/#website\",\"url\":\"https:\/\/comunitatondu.ch\/\",\"name\":\"Comunita Tond\u00fc\",\"description\":\"Ideenwettbewerb f\u00fcr die Nutzung des Palazzo Tond\u00fc\",\"publisher\":{\"@id\":\"https:\/\/comunitatondu.ch\/#organization\"},\"potentialAction\":[{\"@type\":\"SearchAction\",\"target\":{\"@type\":\"EntryPoint\",\"urlTemplate\":\"https:\/\/comunitatondu.ch\/?s={search_term_string}\"},\"query-input\":\"required name=search_term_string\"}],\"inLanguage\":\"it-IT\"},{\"@type\":\"Organization\",\"@id\":\"https:\/\/comunitatondu.ch\/#organization\",\"name\":\"Comunita Tond\u00fc\",\"url\":\"https:\/\/comunitatondu.ch\/\",\"logo\":{\"@type\":\"ImageObject\",\"inLanguage\":\"it-IT\",\"@id\":\"https:\/\/comunitatondu.ch\/#\/schema\/logo\/image\/\",\"url\":\"https:\/\/comunitatondu.ch\/wp-content\/uploads\/2021\/01\/LOGO2.jpg\",\"contentUrl\":\"https:\/\/comunitatondu.ch\/wp-content\/uploads\/2021\/01\/LOGO2.jpg\",\"width\":1000,\"height\":428,\"caption\":\"Comunita Tond\u00fc\"},\"image\":{\"@id\":\"https:\/\/comunitatondu.ch\/#\/schema\/logo\/image\/\"}}]}<\/script>\n<!-- \/ Yoast SEO plugin. -->","yoast_head_json":{"title":"Produkte - Comunita Tond\u00fc","robots":{"index":"index","follow":"follow","max-snippet":"max-snippet:-1","max-image-preview":"max-image-preview:large","max-video-preview":"max-video-preview:-1"},"canonical":"https:\/\/comunitatondu.ch\/it\/produkte\/","og_locale":"it_IT","og_type":"article","og_title":"Produkte - Comunita Tond\u00fc","og_description":"Produkte Durch das \u00dcberangebot von allem zu tiefen Preisen hat das Handwerk in den letzten Jahrzenten an Bedeutung verloren. Ein Produkt, in das Zeit und Hingabe gesteckt wurde, etwas mit Seele, ist jedoch nicht vergleichbar mit einem Massenprodukt. In unserer hektischen Welt voller Dinge die herzlos, von Maschinen produziert werden, w\u00e4chst das Verlangen nach Echtem. [&hellip;]","og_url":"https:\/\/comunitatondu.ch\/it\/produkte\/","og_site_name":"Comunita Tond\u00fc","article_modified_time":"2021-01-26T19:42:44+00:00","og_image":[{"url":"https:\/\/comunitatondu.ch\/wp-content\/uploads\/2021\/01\/cropped-k1-scaled-1.jpg"}],"twitter_card":"summary_large_image","twitter_misc":{"Tempo di lettura stimato":"4 minuti"},"schema":{"@context":"https:\/\/schema.org","@graph":[{"@type":"WebPage","@id":"https:\/\/comunitatondu.ch\/produkte\/","url":"https:\/\/comunitatondu.ch\/produkte\/","name":"Produkte - Comunita Tond\u00fc","isPartOf":{"@id":"https:\/\/comunitatondu.ch\/#website"},"datePublished":"2021-01-13T08:54:17+00:00","dateModified":"2021-01-26T19:42:44+00:00","breadcrumb":{"@id":"https:\/\/comunitatondu.ch\/produkte\/#breadcrumb"},"inLanguage":"it-IT","potentialAction":[{"@type":"ReadAction","target":["https:\/\/comunitatondu.ch\/produkte\/"]}]},{"@type":"BreadcrumbList","@id":"https:\/\/comunitatondu.ch\/produkte\/#breadcrumb","itemListElement":[{"@type":"ListItem","position":1,"name":"Home","item":"https:\/\/comunitatondu.ch\/"},{"@type":"ListItem","position":2,"name":"Produkte"}]},{"@type":"WebSite","@id":"https:\/\/comunitatondu.ch\/#website","url":"https:\/\/comunitatondu.ch\/","name":"Comunita Tond\u00fc","description":"Ideenwettbewerb f\u00fcr die Nutzung des Palazzo Tond\u00fc","publisher":{"@id":"https:\/\/comunitatondu.ch\/#organization"},"potentialAction":[{"@type":"SearchAction","target":{"@type":"EntryPoint","urlTemplate":"https:\/\/comunitatondu.ch\/?s={search_term_string}"},"query-input":"required name=search_term_string"}],"inLanguage":"it-IT"},{"@type":"Organization","@id":"https:\/\/comunitatondu.ch\/#organization","name":"Comunita Tond\u00fc","url":"https:\/\/comunitatondu.ch\/","logo":{"@type":"ImageObject","inLanguage":"it-IT","@id":"https:\/\/comunitatondu.ch\/#\/schema\/logo\/image\/","url":"https:\/\/comunitatondu.ch\/wp-content\/uploads\/2021\/01\/LOGO2.jpg","contentUrl":"https:\/\/comunitatondu.ch\/wp-content\/uploads\/2021\/01\/LOGO2.jpg","width":1000,"height":428,"caption":"Comunita Tond\u00fc"},"image":{"@id":"https:\/\/comunitatondu.ch\/#\/schema\/logo\/image\/"}}]}},"_links":{"self":[{"href":"https:\/\/comunitatondu.ch\/it\/wp-json\/wp\/v2\/pages\/231","targetHints":{"allow":["GET"]}}],"collection":[{"href":"https:\/\/comunitatondu.ch\/it\/wp-json\/wp\/v2\/pages"}],"about":[{"href":"https:\/\/comunitatondu.ch\/it\/wp-json\/wp\/v2\/types\/page"}],"author":[{"embeddable":true,"href":"https:\/\/comunitatondu.ch\/it\/wp-json\/wp\/v2\/users\/1"}],"replies":[{"embeddable":true,"href":"https:\/\/comunitatondu.ch\/it\/wp-json\/wp\/v2\/comments?post=231"}],"version-history":[{"count":20,"href":"https:\/\/comunitatondu.ch\/it\/wp-json\/wp\/v2\/pages\/231\/revisions"}],"predecessor-version":[{"id":2148,"href":"https:\/\/comunitatondu.ch\/it\/wp-json\/wp\/v2\/pages\/231\/revisions\/2148"}],"wp:attachment":[{"href":"https:\/\/comunitatondu.ch\/it\/wp-json\/wp\/v2\/media?parent=231"}],"curies":[{"name":"wp","href":"https:\/\/api.w.org\/{rel}","templated":true}]}}