{"id":1756,"date":"2021-01-26T10:40:04","date_gmt":"2021-01-26T09:40:04","guid":{"rendered":"https:\/\/comunitatondu.ch\/?page_id=1756"},"modified":"2021-01-26T20:38:31","modified_gmt":"2021-01-26T19:38:31","slug":"impressum","status":"publish","type":"page","link":"https:\/\/comunitatondu.ch\/it\/impressum\/","title":{"rendered":"Impronta"},"content":{"rendered":"<div data-colibri-id=\"1756-c1\" class=\"style-828 style-local-1756-c1 position-relative\">\n  <!---->\n  <div data-colibri-component=\"section\" data-colibri-id=\"1756-c2\" id=\"f-a-q\" class=\"h-section h-section-global-spacing d-flex align-items-lg-center align-items-md-center align-items-center style-856 style-local-1756-c2 position-relative\">\n    <!---->\n    <!---->\n    <div class=\"h-section-grid-container h-section-boxed-container\">\n      <!---->\n      <div data-colibri-id=\"1756-c3\" class=\"h-row-container gutters-row-lg-2 gutters-row-md-2 gutters-row-2 gutters-row-v-lg-2 gutters-row-v-md-2 gutters-row-v-2 style-857 style-local-1756-c3 position-relative\">\n        <!---->\n        <div class=\"h-row justify-content-lg-center justify-content-md-center justify-content-center align-items-lg-stretch align-items-md-stretch align-items-stretch gutters-col-lg-2 gutters-col-md-2 gutters-col-2 gutters-col-v-lg-2 gutters-col-v-md-2 gutters-col-v-2\">\n          <!---->\n          <div class=\"h-column h-column-container d-flex h-col-lg-auto h-col-md-auto h-col-auto style-858-outer style-local-1756-c4-outer\">\n            <div data-colibri-id=\"1756-c4\" class=\"d-flex h-flex-basis h-column__inner h-px-lg-2 h-px-md-2 h-px-2 v-inner-lg-2 v-inner-md-2 v-inner-2 style-858 style-local-1756-c4 position-relative\">\n              <!---->\n              <!---->\n              <div class=\"w-100 h-y-container h-column__content h-column__v-align flex-basis-100 align-self-lg-start align-self-md-start align-self-start\">\n                <!---->\n                <div data-colibri-id=\"1756-c5\" class=\"h-global-transition-all h-heading style-859 style-local-1756-c5 position-relative h-element\">\n                  <!---->\n                  <div class=\"h-heading__outer style-859 style-local-1756-c5\">\n                    <!---->\n                    <!---->\n                    <h3 class=\"\">Impronta<\/h3>\n                  <\/div>\n                <\/div>\n                <div data-colibri-id=\"1756-c6\" class=\"style-860 style-local-1756-c6 position-relative h-element\">\n                  <!---->\n                <\/div>\n                <div data-colibri-id=\"1756-c7\" class=\"h-global-transition-all h-heading style-861 style-local-1756-c7 position-relative h-element\">\n                  <!---->\n                  <div class=\"h-heading__outer style-861 style-local-1756-c7\">\n                    <!---->\n                    <!---->\n                    <h6 class=\"\">Responsabile per il contenuto<\/h6>\n                  <\/div>\n                <\/div>\n                <div data-colibri-id=\"1756-c8\" class=\"h-text h-text-component style-872 style-local-1756-c8 position-relative h-element\">\n                  <!---->\n                  <!---->\n                  <div class=\"\">\n                    <p>Sandra Gafner\n                      <br>Markus Elmer\n                      <br>Vignascia 1\n                      <br>6658 Borgnone<\/p>\n                  <\/div>\n                <\/div>\n                <div data-colibri-id=\"1756-c9\" class=\"h-x-container style-862 style-local-1756-c9 position-relative h-element\">\n                  <!---->\n                  <div class=\"h-x-container-inner style-dynamic-1756-c9-group style-862-spacing style-local-1756-c9-spacing\"><span class=\"h-link__outer style-863-outer style-local-1756-c10-outer d-inline-flex h-element\"><a h-use-smooth-scroll=\"true\" href=\"\"  data-colibri-id=\"1756-c10\" class=\"d-flex w-100 align-items-center h-link style-863 style-local-1756-c10 position-relative\"><!----><!----> <span>info@comunitatondu.ch<\/span><\/a>\n                    <\/span>\n                  <\/div>\n                <\/div>\n              <\/div>\n            <\/div>\n          <\/div>\n          <div class=\"h-column h-column-container d-flex h-col-lg-auto h-col-md-auto h-col-auto style-864-outer style-local-1756-c11-outer\">\n            <div data-colibri-id=\"1756-c11\" class=\"d-flex h-flex-basis h-column__inner h-px-lg-2 h-px-md-2 h-px-2 v-inner-lg-2 v-inner-md-2 v-inner-2 style-864 style-local-1756-c11 position-relative\">\n              <!---->\n              <!---->\n              <div class=\"w-100 h-y-container h-column__content h-column__v-align flex-basis-100 align-self-lg-start align-self-md-start align-self-start\">\n                <!---->\n                <div data-colibri-id=\"1756-c12\" class=\"h-text h-text-component style-873 style-local-1756-c12 position-relative h-element\">\n                  <!---->\n                  <!---->\n                  <div class=\"\">\n                    <p>Questo sito web \u00e8 stato creato nell'ambito del\n                      <a href=\"http:\/\/palazzotondu.ch\/concorso-di-idee.html\" target=\"_blank\" class=\"customize-unpreviewable\" rel=\"noopener\">concorso di idee<\/a> per l'uso di\n                      <a href=\"http:\/\/palazzotondu.ch\" target=\"_blank\" class=\"customize-unpreviewable\" rel=\"noopener\">Palazzo Tond\u00fc<\/a>, indetto dalla\n                      <a href=\"https:\/\/stiftungen.stiftungschweiz.ch\/organizations\/fondazione-casa-tondu-di-lionza\" target=\"_blank\" rel=\"noopener\">Fondazione Casa Tond\u00fc<\/a>\n                    <\/p>\n                  <\/div>\n                <\/div>\n                <div data-colibri-id=\"1756-c13\" class=\"h-text h-text-component style-874 style-local-1756-c13 position-relative h-element\">\n                  <!---->\n                  <!---->\n                  <div class=\"\">\n                    <p>Le informazioni su questo sito web hanno lo scopo di presentare l'idea del progetto e non pretendono di essere esaustive.&nbsp;<\/p>\n                  <\/div>\n                <\/div>\n              <\/div>\n            <\/div>\n          <\/div>\n        <\/div>\n      <\/div>\n    <\/div>\n  <\/div>\n<\/div>","protected":false},"excerpt":{"rendered":"<p>Impressum F\u00fcr den Inhalt verantwortlich Sandra Gafner Markus Elmer Vignascia 1 6658 Borgnone info@comunitatondu.ch Diese Webseite entstand im Rahmen des Ideenwettbewerbes f\u00fcr die Nutzung des Palazzo Tond\u00fc, durchgef\u00fchrt durch die Stiftung Fondazione Casa Tond\u00fc Die Informationen auf dieser Webseite dienen der Pr\u00e4sentation der Projektidee und erheben keinen Anspruch auf Vollst\u00e4ndigkeit.&nbsp;<\/p>","protected":false},"author":1,"featured_media":0,"parent":0,"menu_order":0,"comment_status":"closed","ping_status":"closed","template":"page-templates\/full-width-page.php","meta":{"footnotes":""},"class_list":["post-1756","page","type-page","status-publish","hentry"],"yoast_head":"<!-- This site is optimized with the Yoast SEO plugin v22.0 - https:\/\/yoast.com\/wordpress\/plugins\/seo\/ -->\n<title>Impressum - Comunita Tond\u00fc<\/title>\n<meta name=\"robots\" content=\"index, follow, max-snippet:-1, max-image-preview:large, max-video-preview:-1\" \/>\n<link rel=\"canonical\" href=\"https:\/\/comunitatondu.ch\/it\/impressum\/\" \/>\n<meta property=\"og:locale\" content=\"it_IT\" \/>\n<meta property=\"og:type\" content=\"article\" \/>\n<meta property=\"og:title\" content=\"Impressum - Comunita Tond\u00fc\" \/>\n<meta property=\"og:description\" content=\"Impressum F\u00fcr den Inhalt verantwortlich Sandra Gafner Markus Elmer Vignascia 1 6658 Borgnone info@comunitatondu.ch Diese Webseite entstand im Rahmen des Ideenwettbewerbes f\u00fcr die Nutzung des Palazzo Tond\u00fc, durchgef\u00fchrt durch die Stiftung Fondazione Casa Tond\u00fc Die Informationen auf dieser Webseite dienen der Pr\u00e4sentation der Projektidee und erheben keinen Anspruch auf Vollst\u00e4ndigkeit.&nbsp;\" \/>\n<meta property=\"og:url\" content=\"https:\/\/comunitatondu.ch\/it\/impressum\/\" \/>\n<meta property=\"og:site_name\" content=\"Comunita Tond\u00fc\" \/>\n<meta property=\"article:modified_time\" content=\"2021-01-26T19:38:31+00:00\" \/>\n<meta name=\"twitter:card\" content=\"summary_large_image\" \/>\n<script type=\"application\/ld+json\" class=\"yoast-schema-graph\">{\"@context\":\"https:\/\/schema.org\",\"@graph\":[{\"@type\":\"WebPage\",\"@id\":\"https:\/\/comunitatondu.ch\/impressum\/\",\"url\":\"https:\/\/comunitatondu.ch\/impressum\/\",\"name\":\"Impressum - Comunita Tond\u00fc\",\"isPartOf\":{\"@id\":\"https:\/\/comunitatondu.ch\/#website\"},\"datePublished\":\"2021-01-26T09:40:04+00:00\",\"dateModified\":\"2021-01-26T19:38:31+00:00\",\"breadcrumb\":{\"@id\":\"https:\/\/comunitatondu.ch\/impressum\/#breadcrumb\"},\"inLanguage\":\"it-IT\",\"potentialAction\":[{\"@type\":\"ReadAction\",\"target\":[\"https:\/\/comunitatondu.ch\/impressum\/\"]}]},{\"@type\":\"BreadcrumbList\",\"@id\":\"https:\/\/comunitatondu.ch\/impressum\/#breadcrumb\",\"itemListElement\":[{\"@type\":\"ListItem\",\"position\":1,\"name\":\"Home\",\"item\":\"https:\/\/comunitatondu.ch\/\"},{\"@type\":\"ListItem\",\"position\":2,\"name\":\"Impressum\"}]},{\"@type\":\"WebSite\",\"@id\":\"https:\/\/comunitatondu.ch\/#website\",\"url\":\"https:\/\/comunitatondu.ch\/\",\"name\":\"Comunita Tond\u00fc\",\"description\":\"Ideenwettbewerb f\u00fcr die Nutzung des Palazzo Tond\u00fc\",\"publisher\":{\"@id\":\"https:\/\/comunitatondu.ch\/#organization\"},\"potentialAction\":[{\"@type\":\"SearchAction\",\"target\":{\"@type\":\"EntryPoint\",\"urlTemplate\":\"https:\/\/comunitatondu.ch\/?s={search_term_string}\"},\"query-input\":\"required name=search_term_string\"}],\"inLanguage\":\"it-IT\"},{\"@type\":\"Organization\",\"@id\":\"https:\/\/comunitatondu.ch\/#organization\",\"name\":\"Comunita Tond\u00fc\",\"url\":\"https:\/\/comunitatondu.ch\/\",\"logo\":{\"@type\":\"ImageObject\",\"inLanguage\":\"it-IT\",\"@id\":\"https:\/\/comunitatondu.ch\/#\/schema\/logo\/image\/\",\"url\":\"https:\/\/comunitatondu.ch\/wp-content\/uploads\/2021\/01\/LOGO2.jpg\",\"contentUrl\":\"https:\/\/comunitatondu.ch\/wp-content\/uploads\/2021\/01\/LOGO2.jpg\",\"width\":1000,\"height\":428,\"caption\":\"Comunita Tond\u00fc\"},\"image\":{\"@id\":\"https:\/\/comunitatondu.ch\/#\/schema\/logo\/image\/\"}}]}<\/script>\n<!-- \/ Yoast SEO plugin. -->","yoast_head_json":{"title":"Impressum - Comunita Tond\u00fc","robots":{"index":"index","follow":"follow","max-snippet":"max-snippet:-1","max-image-preview":"max-image-preview:large","max-video-preview":"max-video-preview:-1"},"canonical":"https:\/\/comunitatondu.ch\/it\/impressum\/","og_locale":"it_IT","og_type":"article","og_title":"Impressum - Comunita Tond\u00fc","og_description":"Impressum F\u00fcr den Inhalt verantwortlich Sandra Gafner Markus Elmer Vignascia 1 6658 Borgnone info@comunitatondu.ch Diese Webseite entstand im Rahmen des Ideenwettbewerbes f\u00fcr die Nutzung des Palazzo Tond\u00fc, durchgef\u00fchrt durch die Stiftung Fondazione Casa Tond\u00fc Die Informationen auf dieser Webseite dienen der Pr\u00e4sentation der Projektidee und erheben keinen Anspruch auf Vollst\u00e4ndigkeit.&nbsp;","og_url":"https:\/\/comunitatondu.ch\/it\/impressum\/","og_site_name":"Comunita Tond\u00fc","article_modified_time":"2021-01-26T19:38:31+00:00","twitter_card":"summary_large_image","schema":{"@context":"https:\/\/schema.org","@graph":[{"@type":"WebPage","@id":"https:\/\/comunitatondu.ch\/impressum\/","url":"https:\/\/comunitatondu.ch\/impressum\/","name":"Impressum - Comunita Tond\u00fc","isPartOf":{"@id":"https:\/\/comunitatondu.ch\/#website"},"datePublished":"2021-01-26T09:40:04+00:00","dateModified":"2021-01-26T19:38:31+00:00","breadcrumb":{"@id":"https:\/\/comunitatondu.ch\/impressum\/#breadcrumb"},"inLanguage":"it-IT","potentialAction":[{"@type":"ReadAction","target":["https:\/\/comunitatondu.ch\/impressum\/"]}]},{"@type":"BreadcrumbList","@id":"https:\/\/comunitatondu.ch\/impressum\/#breadcrumb","itemListElement":[{"@type":"ListItem","position":1,"name":"Home","item":"https:\/\/comunitatondu.ch\/"},{"@type":"ListItem","position":2,"name":"Impressum"}]},{"@type":"WebSite","@id":"https:\/\/comunitatondu.ch\/#website","url":"https:\/\/comunitatondu.ch\/","name":"Comunita Tond\u00fc","description":"Ideenwettbewerb f\u00fcr die Nutzung des Palazzo Tond\u00fc","publisher":{"@id":"https:\/\/comunitatondu.ch\/#organization"},"potentialAction":[{"@type":"SearchAction","target":{"@type":"EntryPoint","urlTemplate":"https:\/\/comunitatondu.ch\/?s={search_term_string}"},"query-input":"required name=search_term_string"}],"inLanguage":"it-IT"},{"@type":"Organization","@id":"https:\/\/comunitatondu.ch\/#organization","name":"Comunita Tond\u00fc","url":"https:\/\/comunitatondu.ch\/","logo":{"@type":"ImageObject","inLanguage":"it-IT","@id":"https:\/\/comunitatondu.ch\/#\/schema\/logo\/image\/","url":"https:\/\/comunitatondu.ch\/wp-content\/uploads\/2021\/01\/LOGO2.jpg","contentUrl":"https:\/\/comunitatondu.ch\/wp-content\/uploads\/2021\/01\/LOGO2.jpg","width":1000,"height":428,"caption":"Comunita Tond\u00fc"},"image":{"@id":"https:\/\/comunitatondu.ch\/#\/schema\/logo\/image\/"}}]}},"_links":{"self":[{"href":"https:\/\/comunitatondu.ch\/it\/wp-json\/wp\/v2\/pages\/1756","targetHints":{"allow":["GET"]}}],"collection":[{"href":"https:\/\/comunitatondu.ch\/it\/wp-json\/wp\/v2\/pages"}],"about":[{"href":"https:\/\/comunitatondu.ch\/it\/wp-json\/wp\/v2\/types\/page"}],"author":[{"embeddable":true,"href":"https:\/\/comunitatondu.ch\/it\/wp-json\/wp\/v2\/users\/1"}],"replies":[{"embeddable":true,"href":"https:\/\/comunitatondu.ch\/it\/wp-json\/wp\/v2\/comments?post=1756"}],"version-history":[{"count":9,"href":"https:\/\/comunitatondu.ch\/it\/wp-json\/wp\/v2\/pages\/1756\/revisions"}],"predecessor-version":[{"id":2141,"href":"https:\/\/comunitatondu.ch\/it\/wp-json\/wp\/v2\/pages\/1756\/revisions\/2141"}],"wp:attachment":[{"href":"https:\/\/comunitatondu.ch\/it\/wp-json\/wp\/v2\/media?parent=1756"}],"curies":[{"name":"wp","href":"https:\/\/api.w.org\/{rel}","templated":true}]}}