{"id":1687,"date":"2021-01-26T10:18:33","date_gmt":"2021-01-26T09:18:33","guid":{"rendered":"https:\/\/comunitatondu.ch\/?page_id=1687"},"modified":"2021-01-26T10:18:33","modified_gmt":"2021-01-26T09:18:33","slug":"karte","status":"publish","type":"page","link":"https:\/\/comunitatondu.ch\/it\/karte\/","title":{"rendered":"Mappa"},"content":{"rendered":"<base href=\"\/wp-content\/plugins\/centovallimap\/includes\/\"><app-root><\/app-root>","protected":false},"excerpt":{"rendered":"","protected":false},"author":1,"featured_media":0,"parent":0,"menu_order":0,"comment_status":"closed","ping_status":"closed","template":"","meta":{"footnotes":""},"class_list":["post-1687","page","type-page","status-publish","hentry"],"yoast_head":"<!-- This site is optimized with the Yoast SEO plugin v22.0 - https:\/\/yoast.com\/wordpress\/plugins\/seo\/ -->\n<title>Karte - Comunita Tond\u00fc<\/title>\n<meta name=\"robots\" content=\"index, follow, max-snippet:-1, max-image-preview:large, max-video-preview:-1\" \/>\n<link rel=\"canonical\" href=\"https:\/\/comunitatondu.ch\/it\/karte\/\" \/>\n<meta property=\"og:locale\" content=\"it_IT\" \/>\n<meta property=\"og:type\" content=\"article\" \/>\n<meta property=\"og:title\" content=\"Karte - Comunita Tond\u00fc\" \/>\n<meta property=\"og:url\" content=\"https:\/\/comunitatondu.ch\/it\/karte\/\" \/>\n<meta property=\"og:site_name\" content=\"Comunita Tond\u00fc\" \/>\n<meta name=\"twitter:card\" content=\"summary_large_image\" \/>\n<script type=\"application\/ld+json\" class=\"yoast-schema-graph\">{\"@context\":\"https:\/\/schema.org\",\"@graph\":[{\"@type\":\"WebPage\",\"@id\":\"https:\/\/comunitatondu.ch\/karte\/\",\"url\":\"https:\/\/comunitatondu.ch\/karte\/\",\"name\":\"Karte - Comunita Tond\u00fc\",\"isPartOf\":{\"@id\":\"https:\/\/comunitatondu.ch\/#website\"},\"datePublished\":\"2021-01-26T09:18:33+00:00\",\"dateModified\":\"2021-01-26T09:18:33+00:00\",\"breadcrumb\":{\"@id\":\"https:\/\/comunitatondu.ch\/karte\/#breadcrumb\"},\"inLanguage\":\"it-IT\",\"potentialAction\":[{\"@type\":\"ReadAction\",\"target\":[\"https:\/\/comunitatondu.ch\/karte\/\"]}]},{\"@type\":\"BreadcrumbList\",\"@id\":\"https:\/\/comunitatondu.ch\/karte\/#breadcrumb\",\"itemListElement\":[{\"@type\":\"ListItem\",\"position\":1,\"name\":\"Home\",\"item\":\"https:\/\/comunitatondu.ch\/\"},{\"@type\":\"ListItem\",\"position\":2,\"name\":\"Karte\"}]},{\"@type\":\"WebSite\",\"@id\":\"https:\/\/comunitatondu.ch\/#website\",\"url\":\"https:\/\/comunitatondu.ch\/\",\"name\":\"Comunita Tond\u00fc\",\"description\":\"Ideenwettbewerb f\u00fcr die Nutzung des Palazzo Tond\u00fc\",\"publisher\":{\"@id\":\"https:\/\/comunitatondu.ch\/#organization\"},\"potentialAction\":[{\"@type\":\"SearchAction\",\"target\":{\"@type\":\"EntryPoint\",\"urlTemplate\":\"https:\/\/comunitatondu.ch\/?s={search_term_string}\"},\"query-input\":\"required name=search_term_string\"}],\"inLanguage\":\"it-IT\"},{\"@type\":\"Organization\",\"@id\":\"https:\/\/comunitatondu.ch\/#organization\",\"name\":\"Comunita Tond\u00fc\",\"url\":\"https:\/\/comunitatondu.ch\/\",\"logo\":{\"@type\":\"ImageObject\",\"inLanguage\":\"it-IT\",\"@id\":\"https:\/\/comunitatondu.ch\/#\/schema\/logo\/image\/\",\"url\":\"https:\/\/comunitatondu.ch\/wp-content\/uploads\/2021\/01\/LOGO2.jpg\",\"contentUrl\":\"https:\/\/comunitatondu.ch\/wp-content\/uploads\/2021\/01\/LOGO2.jpg\",\"width\":1000,\"height\":428,\"caption\":\"Comunita Tond\u00fc\"},\"image\":{\"@id\":\"https:\/\/comunitatondu.ch\/#\/schema\/logo\/image\/\"}}]}<\/script>\n<!-- \/ Yoast SEO plugin. -->","yoast_head_json":{"title":"Karte - Comunita Tond\u00fc","robots":{"index":"index","follow":"follow","max-snippet":"max-snippet:-1","max-image-preview":"max-image-preview:large","max-video-preview":"max-video-preview:-1"},"canonical":"https:\/\/comunitatondu.ch\/it\/karte\/","og_locale":"it_IT","og_type":"article","og_title":"Karte - Comunita Tond\u00fc","og_url":"https:\/\/comunitatondu.ch\/it\/karte\/","og_site_name":"Comunita Tond\u00fc","twitter_card":"summary_large_image","schema":{"@context":"https:\/\/schema.org","@graph":[{"@type":"WebPage","@id":"https:\/\/comunitatondu.ch\/karte\/","url":"https:\/\/comunitatondu.ch\/karte\/","name":"Karte - Comunita Tond\u00fc","isPartOf":{"@id":"https:\/\/comunitatondu.ch\/#website"},"datePublished":"2021-01-26T09:18:33+00:00","dateModified":"2021-01-26T09:18:33+00:00","breadcrumb":{"@id":"https:\/\/comunitatondu.ch\/karte\/#breadcrumb"},"inLanguage":"it-IT","potentialAction":[{"@type":"ReadAction","target":["https:\/\/comunitatondu.ch\/karte\/"]}]},{"@type":"BreadcrumbList","@id":"https:\/\/comunitatondu.ch\/karte\/#breadcrumb","itemListElement":[{"@type":"ListItem","position":1,"name":"Home","item":"https:\/\/comunitatondu.ch\/"},{"@type":"ListItem","position":2,"name":"Karte"}]},{"@type":"WebSite","@id":"https:\/\/comunitatondu.ch\/#website","url":"https:\/\/comunitatondu.ch\/","name":"Comunita Tond\u00fc","description":"Ideenwettbewerb f\u00fcr die Nutzung des Palazzo Tond\u00fc","publisher":{"@id":"https:\/\/comunitatondu.ch\/#organization"},"potentialAction":[{"@type":"SearchAction","target":{"@type":"EntryPoint","urlTemplate":"https:\/\/comunitatondu.ch\/?s={search_term_string}"},"query-input":"required name=search_term_string"}],"inLanguage":"it-IT"},{"@type":"Organization","@id":"https:\/\/comunitatondu.ch\/#organization","name":"Comunita Tond\u00fc","url":"https:\/\/comunitatondu.ch\/","logo":{"@type":"ImageObject","inLanguage":"it-IT","@id":"https:\/\/comunitatondu.ch\/#\/schema\/logo\/image\/","url":"https:\/\/comunitatondu.ch\/wp-content\/uploads\/2021\/01\/LOGO2.jpg","contentUrl":"https:\/\/comunitatondu.ch\/wp-content\/uploads\/2021\/01\/LOGO2.jpg","width":1000,"height":428,"caption":"Comunita Tond\u00fc"},"image":{"@id":"https:\/\/comunitatondu.ch\/#\/schema\/logo\/image\/"}}]}},"_links":{"self":[{"href":"https:\/\/comunitatondu.ch\/it\/wp-json\/wp\/v2\/pages\/1687","targetHints":{"allow":["GET"]}}],"collection":[{"href":"https:\/\/comunitatondu.ch\/it\/wp-json\/wp\/v2\/pages"}],"about":[{"href":"https:\/\/comunitatondu.ch\/it\/wp-json\/wp\/v2\/types\/page"}],"author":[{"embeddable":true,"href":"https:\/\/comunitatondu.ch\/it\/wp-json\/wp\/v2\/users\/1"}],"replies":[{"embeddable":true,"href":"https:\/\/comunitatondu.ch\/it\/wp-json\/wp\/v2\/comments?post=1687"}],"version-history":[{"count":1,"href":"https:\/\/comunitatondu.ch\/it\/wp-json\/wp\/v2\/pages\/1687\/revisions"}],"predecessor-version":[{"id":1688,"href":"https:\/\/comunitatondu.ch\/it\/wp-json\/wp\/v2\/pages\/1687\/revisions\/1688"}],"wp:attachment":[{"href":"https:\/\/comunitatondu.ch\/it\/wp-json\/wp\/v2\/media?parent=1687"}],"curies":[{"name":"wp","href":"https:\/\/api.w.org\/{rel}","templated":true}]}}