{"id":156,"date":"2021-01-12T13:55:40","date_gmt":"2021-01-12T13:55:40","guid":{"rendered":"https:\/\/comunitatondu.ch\/?page_id=156"},"modified":"2021-01-26T20:21:18","modified_gmt":"2021-01-26T19:21:18","slug":"in-kuerze","status":"publish","type":"page","link":"https:\/\/comunitatondu.ch\/it\/in-kuerze\/","title":{"rendered":"In breve"},"content":{"rendered":"<div data-colibri-id=\"156-c1\" class=\"style-209 style-local-156-c1 position-relative\">\n  <!---->\n  <div data-colibri-component=\"section\" data-colibri-id=\"156-c2\" id=\"content\" class=\"h-section h-section-global-spacing d-flex align-items-lg-center align-items-md-center align-items-center style-225 style-local-156-c2 position-relative\">\n    <!---->\n    <!---->\n    <div class=\"h-section-grid-container h-section-fluid-container\">\n      <!---->\n      <div data-colibri-id=\"156-c3\" class=\"h-row-container gutters-row-lg-0 gutters-row-md-0 gutters-row-2 gutters-row-v-lg-0 gutters-row-v-md-0 gutters-row-v-2 style-226 style-local-156-c3 position-relative\">\n        <!---->\n        <div class=\"h-row justify-content-lg-center justify-content-md-center justify-content-center align-items-lg-stretch align-items-md-stretch align-items-stretch gutters-col-lg-0 gutters-col-md-0 gutters-col-2 gutters-col-v-lg-0 gutters-col-v-md-0 gutters-col-v-2\">\n          <!---->\n          <div class=\"h-column h-column-container d-flex h-col-lg-auto h-col-md-auto h-col-auto style-227-outer style-local-156-c4-outer\">\n            <div data-colibri-id=\"156-c4\" class=\"d-flex h-flex-basis h-column__inner h-px-lg-0 h-px-md-0 h-px-0 v-inner-lg-0 v-inner-md-0 v-inner-0 style-227 style-local-156-c4 position-relative\">\n              <!---->\n              <!---->\n              <div class=\"w-100 h-y-container h-column__content h-column__v-align flex-basis-100 align-self-lg-start align-self-md-start align-self-start\">\n                <!---->\n                <div data-colibri-id=\"156-c5\" class=\"h-global-transition-all h-heading style-228 style-local-156-c5 position-relative h-element\">\n                  <!---->\n                  <div class=\"h-heading__outer style-228 style-local-156-c5\">\n                    <!---->\n                    <!---->\n                    <h4 class=\"\">Comunit\u00e0 Tond\u00fc<\/h4>\n                  <\/div>\n                <\/div>\n                <div data-colibri-id=\"156-c6\" class=\"h-global-transition-all h-heading style-229 style-local-156-c6 position-relative h-element\">\n                  <!---->\n                  <div class=\"h-heading__outer style-229 style-local-156-c6\">\n                    <!---->\n                    <!---->\n                    <h2 class=\"\">In breve<\/h2>\n                  <\/div>\n                <\/div>\n                <div data-colibri-id=\"156-c7\" class=\"h-text h-text-component style-230 style-local-156-c7 position-relative h-element\">\n                  <!---->\n                  <!---->\n                  <div class=\"\">\n                    <p>Il Palazzo dovrebbe diventare un luogo di rincontro.\n                      <br>Qui gli abitanti di Centovalli possono, indifferente se abitante o proprietario di una casa vacanze, vendere i loro prodotti di produzione locale come generi alimentari,arte o artigianato. Inoltre, nel Palazzo vengono prodotti dei prodotti come farina di castagne, aceto balsamico, polenta ...\n                      <br>Ci sono letti per visitatori brevi. I residenti a lungo termine possono vivere e lavorare a basso costo qui.\n                      <br>Oltre ad una grande cucina, c'\u00e8 un laboratorio \/ studio dove si possono effettuare riparazioni, cucito e costruzione. Ci sono stanze e un piccolo giardino che possono essere affittati per piccoli eventi \/ workshop. Gli ospiti giornalieri possono vedere e acquistare le opere d'arte e i prodotti, aiutare nella fabbricazione dei prodotti e partecipare a eventi e workshop.<\/p>\n                  <\/div>\n                <\/div>\n                <div data-colibri-id=\"156-c8\" class=\"h-row-container gutters-row-lg-2 gutters-row-md-2 gutters-row-0 gutters-row-v-lg-2 gutters-row-v-md-2 gutters-row-v-0 style-231 style-local-156-c8 position-relative\">\n                  <!---->\n                  <div class=\"h-row justify-content-lg-center justify-content-md-center justify-content-center align-items-lg-stretch align-items-md-stretch align-items-stretch gutters-col-lg-2 gutters-col-md-2 gutters-col-0 gutters-col-v-lg-2 gutters-col-v-md-2 gutters-col-v-0\">\n                    <!---->\n                    <div class=\"h-column h-column-container d-flex h-col-lg-6 h-col-md-6 h-col-6 style-232-outer style-local-156-c9-outer\">\n                      <div data-colibri-id=\"156-c9\" class=\"d-flex h-flex-basis h-column__inner h-px-lg-0 h-px-md-0 h-px-0 v-inner-lg-0 v-inner-md-0 v-inner-0 style-232 style-local-156-c9 position-relative\">\n                        <!---->\n                        <!---->\n                        <div class=\"w-100 h-y-container h-column__content h-column__v-align flex-basis-100 align-self-lg-start align-self-md-start align-self-start\">\n                          <!---->\n                          <div data-colibri-id=\"156-c10\" class=\"h-global-transition-all h-heading style-233 style-local-156-c10 position-relative h-element\">\n                            <!---->\n                            <div class=\"h-heading__outer style-233 style-local-156-c10\">\n                              <!---->\n                              <!---->\n                              <h5 class=\"\">Prodotti locali<\/h5>\n                            <\/div>\n                          <\/div>\n                          <div data-colibri-id=\"156-c11\" class=\"h-text h-text-component style-234 style-local-156-c11 position-relative h-element\">\n                            <!---->\n                            <!---->\n                            <div class=\"\">\n                              <p>Il progetto principale \u00e8 la produzione e la vendita di prodotti locali. Questo ha lo scopo di promuovere l'artigianato, connettere le persone e aumentare l'attrattivit\u00e0 della valle per residenti e ospiti.\n                                <br>T\u00e8 colto a mano, salsa di pomodoro cotta in una piccola cucina di un Rustico, miele delle api che raccolgono il nettare da piante naturali. Tali prodotti sono difficili da trovare, nemmeno quando li si cerca.\n                                <br>Nel palazzo si potrebbero fare prodotti con le castagne della regione. Chi vuole pu\u00f2 raccogliere le castagne e portarle al Palazzo. Qui vengono pelati da una macchina, adattati a mano e trasformati in vari prodotti come farina e marmellata.<\/p>\n                            <\/div>\n                          <\/div>\n                        <\/div>\n                      <\/div>\n                    <\/div>\n                    <div class=\"h-column h-column-container d-flex h-col-lg-6 h-col-md-6 h-col-6 style-232-outer style-local-156-c12-outer\">\n                      <div data-colibri-id=\"156-c12\" class=\"d-flex h-flex-basis h-column__inner h-px-lg-0 h-px-md-0 h-px-0 v-inner-lg-0 v-inner-md-0 v-inner-0 style-232 style-local-156-c12 position-relative\">\n                        <!---->\n                        <!---->\n                        <div class=\"w-100 h-y-container h-column__content h-column__v-align flex-basis-100 align-self-lg-start align-self-md-start align-self-start\">\n                          <!---->\n                          <div data-colibri-id=\"156-c13\" class=\"h-global-transition-all h-heading style-233 style-local-156-c13 position-relative h-element\">\n                            <!---->\n                            <div class=\"h-heading__outer style-233 style-local-156-c13\">\n                              <!---->\n                              <!---->\n                              <h5 class=\"\">Alloggi economici<\/h5>\n                            <\/div>\n                          <\/div>\n                          <div data-colibri-id=\"156-c14\" class=\"h-text h-text-component style-234 style-local-156-c14 position-relative h-element\">\n                            <!---->\n                            <!---->\n                            <div class=\"\">\n                              <p>\u00c8 difficile trovare alloggi economici, il che costringe molte persone a lavorare pi\u00f9 di quanto vogliono. Ci sono solo poche offerte per studenti, artisti o ricercatori. Qui dovrebbero esserci quattro stanze economiche, ciascuna per 1-2 persone. Inoltre possono essere utilizzati anche cucina, laboratorio e giardino in comune. I residenti possono vivere qui a prezzo vantaggioso contribuendo alla manutenzione del Palazzo. Ad esempio, pulendo i bagni, mantenendo pulite le stanze condivise ... Nella camera da 6 letti possono pernottare i turisti a prezzo vantaggioso. Le persone con una mente aperta e intelletto possono convertire meglio le loro visioni senza pressione economica. Vivere in un luogo in mezzo alla natura selvaggia, insieme ad altre persone creative ma nel mezzo di un piccolo villaggio, in un edificio con molta storia, pu\u00f2 liberare forze enormi. Questi avvantaggiano il villaggio e l'intera regione. Potrebbe essere che tali residenti tengano piccoli concerti, mostre o workshop su vari argomenti. Questo \u00e8 interessante per i turisti, ma soprattutto per i residenti di Centovalli e di tutto il Ticino.<\/p>\n                              <p>\n                                <br>\n                              <\/p>\n                            <\/div>\n                          <\/div>\n                        <\/div>\n                      <\/div>\n                    <\/div>\n                    <div class=\"h-column h-column-container d-flex h-col-lg-6 h-col-md-6 h-col-6 style-232-outer style-local-156-c15-outer\">\n                      <div data-colibri-id=\"156-c15\" class=\"d-flex h-flex-basis h-column__inner h-px-lg-0 h-px-md-0 h-px-0 v-inner-lg-0 v-inner-md-0 v-inner-0 style-232 style-local-156-c15 position-relative\">\n                        <!---->\n                        <!---->\n                        <div class=\"w-100 h-y-container h-column__content h-column__v-align flex-basis-100 align-self-lg-start align-self-md-start align-self-start\">\n                          <!---->\n                          <div data-colibri-id=\"156-c16\" class=\"h-global-transition-all h-heading style-233 style-local-156-c16 position-relative h-element\">\n                            <!---->\n                            <div class=\"h-heading__outer style-233 style-local-156-c16\">\n                              <!---->\n                              <!---->\n                              <h5 class=\"\">Mascotte<\/h5>\n                            <\/div>\n                          <\/div>\n                          <div data-colibri-id=\"156-c17\" class=\"h-text h-text-component style-234 style-local-156-c17 position-relative h-element\">\n                            <!---->\n                            <!---->\n                            <div class=\"\">\n                              <p>Una mascotte, un clown, dovrebbe essere il simbolo della regione e collegare le singole attrazioni.\n                                <br>Una zona barbecue alla Melezza sotto il Ponte Romano, monocicli a Intragna, men\u00f9 da clown nei ristoranti sono alcune delle idee. Anche nel Palazzo non pu\u00f2 mancare la mascotte. Mentre i bambini provano costumi da clown e si truccano, i genitori possono guardare i prodotti locali e prendere un caff\u00e8 in giardino. In un colorato parco giochi di una casa sull'albero a Lionza, i bambini possono scatenarsi.<\/p>\n                            <\/div>\n                          <\/div>\n                        <\/div>\n                      <\/div>\n                    <\/div>\n                    <div class=\"h-column h-column-container d-flex h-col-lg-6 h-col-md-6 h-col-6 style-232-outer style-local-156-c18-outer\">\n                      <div data-colibri-id=\"156-c18\" class=\"d-flex h-flex-basis h-column__inner h-px-lg-0 h-px-md-0 h-px-0 v-inner-lg-0 v-inner-md-0 v-inner-0 style-232 style-local-156-c18 position-relative\">\n                        <!---->\n                        <!---->\n                        <div class=\"w-100 h-y-container h-column__content h-column__v-align flex-basis-100 align-self-lg-start align-self-md-start align-self-start\">\n                          <!---->\n                          <div data-colibri-id=\"156-c19\" class=\"h-global-transition-all h-heading style-233 style-local-156-c19 position-relative h-element\">\n                            <!---->\n                            <div class=\"h-heading__outer style-233 style-local-156-c19\">\n                              <!---->\n                              <!---->\n                              <h5 class=\"\">Collaborazione<\/h5>\n                            <\/div>\n                          <\/div>\n                          <div data-colibri-id=\"156-c20\" class=\"h-text h-text-component style-234 style-local-156-c20 position-relative h-element\">\n                            <!---->\n                            <!---->\n                            <div class=\"\">\n                              <p>Le persone, indipendentemente dal fatto che siano residenti o visitatori, hanno capacit\u00e0, interessi, hobby, talenti ed esperienze che possono essere condivise o trasmesse. Questo \u00e8 ci\u00f2 che fa crescere ogni individuo e una comunit\u00e0. La comunit\u00e0 di Tond\u00fc \u00e8 composta da tutte le persone che vengono coinvolte, indipendentemente dal fatto che siano visitatori giornalieri, inquilini o fornitori di prodotti. Il palazzo sar\u00e0 animato, la valle sar\u00e0 pi\u00f9 attrattiva per visitatori e residenti e la regione sar\u00e0 rafforzata.<\/p>\n                            <\/div>\n                          <\/div>\n                        <\/div>\n                      <\/div>\n                    <\/div>\n                  <\/div>\n                <\/div>\n              <\/div>\n            <\/div>\n          <\/div>\n          <div class=\"h-column h-column-container d-flex h-col-lg-auto h-col-md-auto h-col-auto style-235-outer style-local-156-c21-outer\">\n            <div data-colibri-id=\"156-c21\" class=\"d-flex h-flex-basis h-column__inner h-ui-empty-state-container h-px-lg-0 h-px-md-0 h-px-0 v-inner-lg-0 v-inner-md-0 v-inner-0 style-235 style-local-156-c21 position-relative\">\n              <!---->\n              <!---->\n              <div class=\"w-100 h-y-container h-column__content h-column__v-align flex-basis-100\">\n                <!---->\n              <\/div>\n            <\/div>\n          <\/div>\n        <\/div>\n      <\/div>\n    <\/div>\n  <\/div>\n<\/div>","protected":false},"excerpt":{"rendered":"<p>Comunita Tond\u00fc In K\u00fcrze Der Palazzo soll ein Ort der Begegnung werden. Hier k\u00f6nnen Bewohner vom Centovalli, egal ob Einwohner oder Ferienhausbesitzer, ihre lokal hergestellten Produkte verkaufen wie Lebensmittel, Kunst oder Handwerk. Ausserdem werden im Palazzo Produkte gefertigt wie z.B. Kastanienmehl, Balsamico Essig, Polenta\u2026 Es gibt Betten f\u00fcr Kurzbesucher. Langzeit-Bewohner k\u00f6nnen hier g\u00fcnstig leben und [&hellip;]<\/p>","protected":false},"author":1,"featured_media":0,"parent":0,"menu_order":0,"comment_status":"closed","ping_status":"closed","template":"page-templates\/full-width-page.php","meta":{"footnotes":""},"class_list":["post-156","page","type-page","status-publish","hentry"],"yoast_head":"<!-- This site is optimized with the Yoast SEO plugin v22.0 - https:\/\/yoast.com\/wordpress\/plugins\/seo\/ -->\n<title>In K\u00fcrze - Comunita Tond\u00fc<\/title>\n<meta name=\"robots\" content=\"index, follow, max-snippet:-1, max-image-preview:large, max-video-preview:-1\" \/>\n<link rel=\"canonical\" href=\"https:\/\/comunitatondu.ch\/it\/in-kuerze\/\" \/>\n<meta property=\"og:locale\" content=\"it_IT\" \/>\n<meta property=\"og:type\" content=\"article\" \/>\n<meta property=\"og:title\" content=\"In K\u00fcrze - Comunita Tond\u00fc\" \/>\n<meta property=\"og:description\" content=\"Comunita Tond\u00fc In K\u00fcrze Der Palazzo soll ein Ort der Begegnung werden. Hier k\u00f6nnen Bewohner vom Centovalli, egal ob Einwohner oder Ferienhausbesitzer, ihre lokal hergestellten Produkte verkaufen wie Lebensmittel, Kunst oder Handwerk. Ausserdem werden im Palazzo Produkte gefertigt wie z.B. Kastanienmehl, Balsamico Essig, Polenta\u2026 Es gibt Betten f\u00fcr Kurzbesucher. Langzeit-Bewohner k\u00f6nnen hier g\u00fcnstig leben und [&hellip;]\" \/>\n<meta property=\"og:url\" content=\"https:\/\/comunitatondu.ch\/it\/in-kuerze\/\" \/>\n<meta property=\"og:site_name\" content=\"Comunita Tond\u00fc\" \/>\n<meta property=\"article:modified_time\" content=\"2021-01-26T19:21:18+00:00\" \/>\n<meta name=\"twitter:card\" content=\"summary_large_image\" \/>\n<meta name=\"twitter:label1\" content=\"Tempo di lettura stimato\" \/>\n\t<meta name=\"twitter:data1\" content=\"3 minuti\" \/>\n<script type=\"application\/ld+json\" class=\"yoast-schema-graph\">{\"@context\":\"https:\/\/schema.org\",\"@graph\":[{\"@type\":\"WebPage\",\"@id\":\"https:\/\/comunitatondu.ch\/in-kuerze\/\",\"url\":\"https:\/\/comunitatondu.ch\/in-kuerze\/\",\"name\":\"In K\u00fcrze - Comunita Tond\u00fc\",\"isPartOf\":{\"@id\":\"https:\/\/comunitatondu.ch\/#website\"},\"datePublished\":\"2021-01-12T13:55:40+00:00\",\"dateModified\":\"2021-01-26T19:21:18+00:00\",\"breadcrumb\":{\"@id\":\"https:\/\/comunitatondu.ch\/in-kuerze\/#breadcrumb\"},\"inLanguage\":\"it-IT\",\"potentialAction\":[{\"@type\":\"ReadAction\",\"target\":[\"https:\/\/comunitatondu.ch\/in-kuerze\/\"]}]},{\"@type\":\"BreadcrumbList\",\"@id\":\"https:\/\/comunitatondu.ch\/in-kuerze\/#breadcrumb\",\"itemListElement\":[{\"@type\":\"ListItem\",\"position\":1,\"name\":\"Home\",\"item\":\"https:\/\/comunitatondu.ch\/\"},{\"@type\":\"ListItem\",\"position\":2,\"name\":\"In K\u00fcrze\"}]},{\"@type\":\"WebSite\",\"@id\":\"https:\/\/comunitatondu.ch\/#website\",\"url\":\"https:\/\/comunitatondu.ch\/\",\"name\":\"Comunita Tond\u00fc\",\"description\":\"Ideenwettbewerb f\u00fcr die Nutzung des Palazzo Tond\u00fc\",\"publisher\":{\"@id\":\"https:\/\/comunitatondu.ch\/#organization\"},\"potentialAction\":[{\"@type\":\"SearchAction\",\"target\":{\"@type\":\"EntryPoint\",\"urlTemplate\":\"https:\/\/comunitatondu.ch\/?s={search_term_string}\"},\"query-input\":\"required name=search_term_string\"}],\"inLanguage\":\"it-IT\"},{\"@type\":\"Organization\",\"@id\":\"https:\/\/comunitatondu.ch\/#organization\",\"name\":\"Comunita Tond\u00fc\",\"url\":\"https:\/\/comunitatondu.ch\/\",\"logo\":{\"@type\":\"ImageObject\",\"inLanguage\":\"it-IT\",\"@id\":\"https:\/\/comunitatondu.ch\/#\/schema\/logo\/image\/\",\"url\":\"https:\/\/comunitatondu.ch\/wp-content\/uploads\/2021\/01\/LOGO2.jpg\",\"contentUrl\":\"https:\/\/comunitatondu.ch\/wp-content\/uploads\/2021\/01\/LOGO2.jpg\",\"width\":1000,\"height\":428,\"caption\":\"Comunita Tond\u00fc\"},\"image\":{\"@id\":\"https:\/\/comunitatondu.ch\/#\/schema\/logo\/image\/\"}}]}<\/script>\n<!-- \/ Yoast SEO plugin. -->","yoast_head_json":{"title":"In K\u00fcrze - Comunita Tond\u00fc","robots":{"index":"index","follow":"follow","max-snippet":"max-snippet:-1","max-image-preview":"max-image-preview:large","max-video-preview":"max-video-preview:-1"},"canonical":"https:\/\/comunitatondu.ch\/it\/in-kuerze\/","og_locale":"it_IT","og_type":"article","og_title":"In K\u00fcrze - Comunita Tond\u00fc","og_description":"Comunita Tond\u00fc In K\u00fcrze Der Palazzo soll ein Ort der Begegnung werden. Hier k\u00f6nnen Bewohner vom Centovalli, egal ob Einwohner oder Ferienhausbesitzer, ihre lokal hergestellten Produkte verkaufen wie Lebensmittel, Kunst oder Handwerk. Ausserdem werden im Palazzo Produkte gefertigt wie z.B. Kastanienmehl, Balsamico Essig, Polenta\u2026 Es gibt Betten f\u00fcr Kurzbesucher. Langzeit-Bewohner k\u00f6nnen hier g\u00fcnstig leben und [&hellip;]","og_url":"https:\/\/comunitatondu.ch\/it\/in-kuerze\/","og_site_name":"Comunita Tond\u00fc","article_modified_time":"2021-01-26T19:21:18+00:00","twitter_card":"summary_large_image","twitter_misc":{"Tempo di lettura stimato":"3 minuti"},"schema":{"@context":"https:\/\/schema.org","@graph":[{"@type":"WebPage","@id":"https:\/\/comunitatondu.ch\/in-kuerze\/","url":"https:\/\/comunitatondu.ch\/in-kuerze\/","name":"In K\u00fcrze - Comunita Tond\u00fc","isPartOf":{"@id":"https:\/\/comunitatondu.ch\/#website"},"datePublished":"2021-01-12T13:55:40+00:00","dateModified":"2021-01-26T19:21:18+00:00","breadcrumb":{"@id":"https:\/\/comunitatondu.ch\/in-kuerze\/#breadcrumb"},"inLanguage":"it-IT","potentialAction":[{"@type":"ReadAction","target":["https:\/\/comunitatondu.ch\/in-kuerze\/"]}]},{"@type":"BreadcrumbList","@id":"https:\/\/comunitatondu.ch\/in-kuerze\/#breadcrumb","itemListElement":[{"@type":"ListItem","position":1,"name":"Home","item":"https:\/\/comunitatondu.ch\/"},{"@type":"ListItem","position":2,"name":"In K\u00fcrze"}]},{"@type":"WebSite","@id":"https:\/\/comunitatondu.ch\/#website","url":"https:\/\/comunitatondu.ch\/","name":"Comunita Tond\u00fc","description":"Ideenwettbewerb f\u00fcr die Nutzung des Palazzo Tond\u00fc","publisher":{"@id":"https:\/\/comunitatondu.ch\/#organization"},"potentialAction":[{"@type":"SearchAction","target":{"@type":"EntryPoint","urlTemplate":"https:\/\/comunitatondu.ch\/?s={search_term_string}"},"query-input":"required name=search_term_string"}],"inLanguage":"it-IT"},{"@type":"Organization","@id":"https:\/\/comunitatondu.ch\/#organization","name":"Comunita Tond\u00fc","url":"https:\/\/comunitatondu.ch\/","logo":{"@type":"ImageObject","inLanguage":"it-IT","@id":"https:\/\/comunitatondu.ch\/#\/schema\/logo\/image\/","url":"https:\/\/comunitatondu.ch\/wp-content\/uploads\/2021\/01\/LOGO2.jpg","contentUrl":"https:\/\/comunitatondu.ch\/wp-content\/uploads\/2021\/01\/LOGO2.jpg","width":1000,"height":428,"caption":"Comunita Tond\u00fc"},"image":{"@id":"https:\/\/comunitatondu.ch\/#\/schema\/logo\/image\/"}}]}},"_links":{"self":[{"href":"https:\/\/comunitatondu.ch\/it\/wp-json\/wp\/v2\/pages\/156","targetHints":{"allow":["GET"]}}],"collection":[{"href":"https:\/\/comunitatondu.ch\/it\/wp-json\/wp\/v2\/pages"}],"about":[{"href":"https:\/\/comunitatondu.ch\/it\/wp-json\/wp\/v2\/types\/page"}],"author":[{"embeddable":true,"href":"https:\/\/comunitatondu.ch\/it\/wp-json\/wp\/v2\/users\/1"}],"replies":[{"embeddable":true,"href":"https:\/\/comunitatondu.ch\/it\/wp-json\/wp\/v2\/comments?post=156"}],"version-history":[{"count":20,"href":"https:\/\/comunitatondu.ch\/it\/wp-json\/wp\/v2\/pages\/156\/revisions"}],"predecessor-version":[{"id":2027,"href":"https:\/\/comunitatondu.ch\/it\/wp-json\/wp\/v2\/pages\/156\/revisions\/2027"}],"wp:attachment":[{"href":"https:\/\/comunitatondu.ch\/it\/wp-json\/wp\/v2\/media?parent=156"}],"curies":[{"name":"wp","href":"https:\/\/api.w.org\/{rel}","templated":true}]}}